{"id":614,"date":"2021-11-15T14:40:18","date_gmt":"2021-11-15T17:40:18","guid":{"rendered":"https:\/\/amaelounge.com\/pt\/?page_id=614"},"modified":"2022-01-05T11:26:49","modified_gmt":"2022-01-05T14:26:49","slug":"reserve-2","status":"publish","type":"page","link":"https:\/\/amaelounge.com\/pt\/reserve-2\/","title":{"rendered":"Book"},"content":{"rendered":"\n\t<section class=\"section pages-headers\" id=\"section_40738526\">\n\t\t<div class=\"bg section-bg fill bg-fill  bg-loaded\" >\n\n\t\t\t\n\t\t\t\n\t\t\t\n\n\t\t<\/div>\n\n\t\t\n\n\t\t<div class=\"section-content relative\">\n\t\t\t\n\n<div class=\"row row-collapse row-full-width align-middle\"  id=\"row-497356611\">\n\n\n\t<div id=\"col-1475416614\" class=\"col medium-6 small-12 large-6\"  >\n\t\t\t\t<div class=\"col-inner\"  >\n\t\t\t\n\t\t\t\n\n\t<div class=\"img has-hover x md-x lg-x y md-y lg-y\" id=\"image_569703524\">\n\t\t\t\t\t\t\t\t<div class=\"img-inner dark\" >\n\t\t\t<img loading=\"lazy\" decoding=\"async\" width=\"800\" height=\"350\" src=\"https:\/\/amaelounge.com\/pt\/wp-content\/uploads\/sites\/3\/2021\/12\/reserve2.jpg\" class=\"attachment-original size-original\" alt=\"\" srcset=\"https:\/\/amaelounge.com\/pt\/wp-content\/uploads\/sites\/3\/2021\/12\/reserve2.jpg 800w, https:\/\/amaelounge.com\/pt\/wp-content\/uploads\/sites\/3\/2021\/12\/reserve2-300x131.jpg 300w, https:\/\/amaelounge.com\/pt\/wp-content\/uploads\/sites\/3\/2021\/12\/reserve2-768x336.jpg 768w\" sizes=\"auto, (max-width: 800px) 100vw, 800px\" \/>\t\t\t\t\t\t\n\t\t\t\t\t<\/div>\n\t\t\t\t\t\t\t\t\n<style>\n#image_569703524 {\n  width: 100%;\n}\n<\/style>\n\t<\/div>\n\t\n\n\n\t\t<\/div>\n\t\t\t\t\t<\/div>\n\n\t\n\n\t<div id=\"col-1935090800\" class=\"col medium-5 small-12 large-5\"  >\n\t\t\t\t<div class=\"col-inner\"  >\n\t\t\t\n\t\t\t\n\n\t<div id=\"text-956597160\" class=\"text\">\n\t\t\n\n<h1 style=\"line-height: 1;\"><strong>Reserve <\/strong> o seu lugar no Lounge<\/h1>\n\n\t\t\n<style>\n#text-956597160 {\n  font-size: 2rem;\n}\n@media (min-width:550px) {\n  #text-956597160 {\n    font-size: 2.2rem;\n  }\n}\n<\/style>\n\t<\/div>\n\t\n\t<div id=\"text-3329589346\" class=\"text\">\n\t\t\n\n\n\t\t\n<style>\n#text-3329589346 {\n  line-height: 1.3;\n}\n<\/style>\n\t<\/div>\n\t\n\n\t\t<\/div>\n\t\t\t\t\n<style>\n#col-1935090800 > .col-inner {\n  padding: 5% 5% 5% 5%;\n  max-width: 550px;\n}\n<\/style>\n\t<\/div>\n\n\t\n\n\t<div id=\"col-1267038572\" class=\"col hide-for-small medium-1 small-12 large-1\"  >\n\t\t\t\t<div class=\"col-inner\"  >\n\t\t\t\n\t\t\t\n\n\t<div id=\"text-3183706610\" class=\"text hide-for-small\">\n\t\t\n\n\n\t\t\t<\/div>\n\t\n\n\t\t<\/div>\n\t\t\t\t\t<\/div>\n\n\t\n\n<\/div>\n\n\t\t<\/div>\n\n\t\t\n<style>\n#section_40738526 {\n  padding-top: 30px;\n  padding-bottom: 30px;\n}\n<\/style>\n\t<\/section>\n\t\n\n\t<div id=\"gap-118787878\" class=\"gap-element clearfix hide-for-small\" style=\"display:block; height:auto;\">\n\t\t\n<style>\n#gap-118787878 {\n  padding-top: 30px;\n}\n<\/style>\n\t<\/div>\n\t\n\n\t<section class=\"section\" id=\"section_225664059\">\n\t\t<div class=\"bg section-bg fill bg-fill  bg-loaded\" >\n\n\t\t\t\n\t\t\t\n\t\t\t\n\n\t\t<\/div>\n\n\t\t\n\n\t\t<div class=\"section-content relative\">\n\t\t\t\n\n<div class=\"row\"  id=\"row-2117641501\">\n\n\n\t<div id=\"col-1409206241\" class=\"col small-12 large-12\"  >\n\t\t\t\t<div class=\"col-inner\"  >\n\t\t\t\n\t\t\t\n\n<p><strong>Embora tentemos garantir que todos os h\u00f3spedes eleg\u00edveis sejam acomodados, recomendamos que nos informe quando podemos esperar sua visita. Se voc\u00ea pertence a um programa de membros de lounges afiliados ou deseja que te reservemos um lugar, preencha este formul\u00e1rio antes de viajar.<br>\n<\/strong><\/p>\n\n\n\t\t<\/div>\n\t\t\t\t\t<\/div>\n\n\t\n\n<\/div>\n<div class=\"row row-large\" style=\"max-width:1024px\" id=\"row-1883036779\">\n\n\n\t<div id=\"col-1967340218\" class=\"col small-12 large-12\"  >\n\t\t\t\t<div class=\"col-inner\"  >\n\t\t\t\n\t\t\t\n\n\n<div class=\"wpcf7 no-js\" id=\"wpcf7-f633-o1\" lang=\"es-AR\" dir=\"ltr\" data-wpcf7-id=\"633\">\n<div class=\"screen-reader-response\"><p role=\"status\" aria-live=\"polite\" aria-atomic=\"true\"><\/p> <ul><\/ul><\/div>\n<form action=\"\/pt\/wp-json\/wp\/v2\/pages\/614#wpcf7-f633-o1\" method=\"post\" class=\"wpcf7-form init\" aria-label=\"Formulario de contacto\" novalidate=\"novalidate\" data-status=\"init\">\n<fieldset class=\"hidden-fields-container\"><input type=\"hidden\" name=\"_wpcf7\" value=\"633\" \/><input type=\"hidden\" name=\"_wpcf7_version\" value=\"6.1.5\" \/><input type=\"hidden\" name=\"_wpcf7_locale\" value=\"es_AR\" \/><input type=\"hidden\" name=\"_wpcf7_unit_tag\" value=\"wpcf7-f633-o1\" \/><input type=\"hidden\" name=\"_wpcf7_container_post\" value=\"0\" \/><input type=\"hidden\" name=\"_wpcf7_posted_data_hash\" value=\"\" \/>\n<\/fieldset>\n<div class=\"row\">\n\t<div class=\"col medium-6 small-12 large-6\">\n\t\t<p><label><span class=\"wpcf7-form-control-wrap\" data-name=\"f-l-name\"><input size=\"40\" maxlength=\"400\" class=\"wpcf7-form-control wpcf7-text wpcf7-validates-as-required\" aria-required=\"true\" aria-invalid=\"false\" placeholder=\"Nome\" value=\"\" type=\"text\" name=\"f-l-name\" \/><\/span><\/label><br \/>\n<label><span class=\"wpcf7-form-control-wrap\" data-name=\"text-98\"><input size=\"40\" maxlength=\"400\" class=\"wpcf7-form-control wpcf7-text\" aria-invalid=\"false\" placeholder=\"Sobrenome\" value=\"\" type=\"text\" name=\"text-98\" \/><\/span><\/label><br \/>\n<label><span class=\"wpcf7-form-control-wrap\" data-name=\"p-number\"><input size=\"40\" maxlength=\"400\" class=\"wpcf7-form-control wpcf7-tel wpcf7-validates-as-required wpcf7-text wpcf7-validates-as-tel\" aria-required=\"true\" aria-invalid=\"false\" placeholder=\"Telefone\" value=\"\" type=\"tel\" name=\"p-number\" \/><\/span><\/label><br \/>\n<label><span class=\"wpcf7-form-control-wrap\" data-name=\"lounge\"><select class=\"wpcf7-form-control wpcf7-select wpcf7-validates-as-required\" aria-required=\"true\" aria-invalid=\"false\" name=\"lounge\"><option value=\"Lounge\">Lounge<\/option><option value=\"Rosario International\">Rosario International<\/option><option value=\"Rosario Domestic\">Rosario Domestic<\/option><\/select><\/span><\/label><br \/>\n<label><span class=\"wpcf7-form-control-wrap\" data-name=\"airline\"><select class=\"wpcf7-form-control wpcf7-select wpcf7-validates-as-required\" aria-required=\"true\" aria-invalid=\"false\" name=\"airline\"><option value=\"Em que companhia a\u00e9rea parte?\">Em que companhia a\u00e9rea parte?<\/option><option value=\"Aerolineas Argentinas\">Aerolineas Argentinas<\/option><option value=\"Azul\">Azul<\/option><option value=\"FlyBondi\">FlyBondi<\/option><option value=\"GOL\">GOL<\/option><option value=\"JetSmart\">JetSmart<\/option><option value=\"LATAM\">LATAM<\/option><option value=\"Other\">Other<\/option><\/select><\/span><\/label><br \/>\n<span style=\"font-size: 14px\">Data de partida do voo<\/span><br \/>\n<label><span class=\"wpcf7-form-control-wrap\" data-name=\"d-date\"><input class=\"wpcf7-form-control wpcf7-date wpcf7-validates-as-required wpcf7-validates-as-date\" aria-required=\"true\" aria-invalid=\"false\" value=\"\" type=\"date\" name=\"d-date\" \/><\/span><\/label>\n\t\t<\/p>\n\t<\/div>\n\t<div class=\"col medium-6 small-12 large-6\">\n\t\t<p><label><span class=\"wpcf7-form-control-wrap\" data-name=\"email\"><input size=\"40\" maxlength=\"400\" class=\"wpcf7-form-control wpcf7-email wpcf7-validates-as-required wpcf7-text wpcf7-validates-as-email\" aria-required=\"true\" aria-invalid=\"false\" placeholder=\"Email\" value=\"\" type=\"email\" name=\"email\" \/><\/span><\/label><br \/>\n<label><span class=\"wpcf7-form-control-wrap\" data-name=\"group\"><select class=\"wpcf7-form-control wpcf7-select wpcf7-validates-as-required\" aria-required=\"true\" aria-invalid=\"false\" name=\"group\"><option value=\"Info do grupo\">Info do grupo<\/option><option value=\"Adultos no seu grupo\">Adultos no seu grupo<\/option><option value=\"Crian\u00e7as no seu grupo\">Crian\u00e7as no seu grupo<\/option><option value=\"Beb\u00e9s no seu grupo\">Beb\u00e9s no seu grupo<\/option><\/select><\/span><\/label><br \/>\n<label><span class=\"wpcf7-form-control-wrap\" data-name=\"access\"><select class=\"wpcf7-form-control wpcf7-select wpcf7-validates-as-required\" aria-required=\"true\" aria-invalid=\"false\" name=\"access\"><option value=\"Como gostaria de aceder ao lounge?\">Como gostaria de aceder ao lounge?<\/option><option value=\"Com o meu passe de membro priorit\u00e1rio\">Com o meu passe de membro priorit\u00e1rio<\/option><option value=\"Com os meus benef\u00edcios chave de lounge\">Com os meus benef\u00edcios chave de lounge<\/option><option value=\"Com o meu cart\u00e3o do clube diners\">Com o meu cart\u00e3o do clube diners<\/option><option value=\"Pagarei directamente no sal\u00e3o utilizando um cart\u00e3o de cr\u00e9dito ou d\u00e9bito ou com mercadopago\">Pagarei directamente no sal\u00e3o utilizando um cart\u00e3o de cr\u00e9dito ou d\u00e9bito ou com mercadopago<\/option><option value=\"Outro\">Outro<\/option><\/select><\/span><\/label><br \/>\n<label><span class=\"wpcf7-form-control-wrap\" data-name=\"flight\"><input size=\"40\" maxlength=\"400\" class=\"wpcf7-form-control wpcf7-text wpcf7-validates-as-required\" aria-required=\"true\" aria-invalid=\"false\" placeholder=\"N\u00famero de voo de partida\" value=\"\" type=\"text\" name=\"flight\" \/><\/span><\/label><br \/>\n<span style=\"font-size: 14px\">Hora de partida do voo<\/span><br \/>\n<label><span class=\"wpcf7-form-control-wrap\" data-name=\"time\"><input size=\"40\" maxlength=\"400\" class=\"wpcf7-form-control wpcf7-text wpcf7-validates-as-required\" aria-required=\"true\" aria-invalid=\"false\" placeholder=\"12:34\" value=\"\" type=\"text\" name=\"time\" \/><\/span><\/label>\n\t\t<\/p>\n\t<\/div>\n\t<div class=\"col\" style=\"text-align: center; padding-left: 100px;\">\n\t\t<p><input class=\"wpcf7-form-control wpcf7-submit has-spinner\" type=\"submit\" value=\"PROCEED\" \/>\n\t\t<\/p>\n\t<\/div>\n<\/div><div class=\"wpcf7-response-output\" aria-hidden=\"true\"><\/div>\n<\/form>\n<\/div>\n\n\n\n\t\t<\/div>\n\t\t\t\t\t<\/div>\n\n\t\n\n<\/div>\n<div class=\"row\"  id=\"row-1269097024\">\n\n\n\t<div id=\"col-181787581\" class=\"col small-12 large-12\"  >\n\t\t\t\t<div class=\"col-inner text-center\"  >\n\t\t\t\n\t\t\t\n\n<p style=\"text-align: justify;\"> A sua admiss\u00e3o ao lounge n\u00e3o \u00e9 garantida at\u00e9 que o pagamento seja recebido ou validemos com sucesso a sua credencial e recebamos a autoriza\u00e7\u00e3o eletr\u00f4nica do seu programa, no lounge no dia da partida. Lembre-se sempre de trazer sua credencial de associado e cart\u00e3o de embarque com voc\u00ea!<br>\nViaje melhor com o passe premium<\/p>\n\n\n\t\t<\/div>\n\t\t\t\t\t<\/div>\n\n\t\n\n<\/div>\n\n\t\t<\/div>\n\n\t\t\n<style>\n#section_225664059 {\n  padding-top: 30px;\n  padding-bottom: 30px;\n}\n<\/style>\n\t<\/section>\n\t\n\t<div id=\"gap-270418224\" class=\"gap-element clearfix\" style=\"display:block; height:auto;\">\n\t\t\n<style>\n#gap-270418224 {\n  padding-top: 50px;\n}\n<\/style>\n\t<\/div>\n\t\n","protected":false},"excerpt":{"rendered":"","protected":false},"author":2,"featured_media":0,"parent":0,"menu_order":0,"comment_status":"closed","ping_status":"closed","template":"page-blank.php","meta":{"inline_featured_image":false,"footnotes":""},"class_list":["post-614","page","type-page","status-publish","hentry"],"yoast_head":"<!-- This site is optimized with the Yoast SEO plugin v27.4 - https:\/\/yoast.com\/product\/yoast-seo-wordpress\/ -->\n<title>Reserve o Seu Lugar no Loung | Amae Lounge<\/title>\n<meta name=\"description\" content=\"Embora tentemos garantir que todos os h\u00f3spedes eleg\u00edveis sejam acomodados, recomendamos que nos informe quando podemos esperar sua visita.\" \/>\n<meta name=\"robots\" content=\"index, follow, max-snippet:-1, max-image-preview:large, max-video-preview:-1\" \/>\n<link rel=\"canonical\" href=\"https:\/\/amaelounge.com\/pt\/reserve-2\/\" \/>\n<meta property=\"og:locale\" content=\"es_ES\" \/>\n<meta property=\"og:type\" content=\"article\" \/>\n<meta property=\"og:title\" content=\"Reserve o Seu Lugar no Loung | Amae Lounge\" \/>\n<meta property=\"og:description\" content=\"Embora tentemos garantir que todos os h\u00f3spedes eleg\u00edveis sejam acomodados, recomendamos que nos informe quando podemos esperar sua visita.\" \/>\n<meta property=\"og:url\" content=\"https:\/\/amaelounge.com\/pt\/reserve-2\/\" \/>\n<meta property=\"og:site_name\" content=\"Amae Lounge PT\" \/>\n<meta property=\"article:modified_time\" content=\"2022-01-05T14:26:49+00:00\" \/>\n<meta name=\"twitter:card\" content=\"summary_large_image\" \/>\n<meta name=\"twitter:label1\" content=\"Tiempo de lectura\" \/>\n\t<meta name=\"twitter:data1\" content=\"1 minuto\" \/>\n<script type=\"application\/ld+json\" class=\"yoast-schema-graph\">{\"@context\":\"https:\\\/\\\/schema.org\",\"@graph\":[{\"@type\":\"WebPage\",\"@id\":\"https:\\\/\\\/amaelounge.com\\\/pt\\\/reserve-2\\\/\",\"url\":\"https:\\\/\\\/amaelounge.com\\\/pt\\\/reserve-2\\\/\",\"name\":\"Reserve o Seu Lugar no Loung | Amae Lounge\",\"isPartOf\":{\"@id\":\"https:\\\/\\\/amaelounge.com\\\/pt\\\/#website\"},\"datePublished\":\"2021-11-15T17:40:18+00:00\",\"dateModified\":\"2022-01-05T14:26:49+00:00\",\"description\":\"Embora tentemos garantir que todos os h\u00f3spedes eleg\u00edveis sejam acomodados, recomendamos que nos informe quando podemos esperar sua visita.\",\"breadcrumb\":{\"@id\":\"https:\\\/\\\/amaelounge.com\\\/pt\\\/reserve-2\\\/#breadcrumb\"},\"inLanguage\":\"es\",\"potentialAction\":[{\"@type\":\"ReadAction\",\"target\":[\"https:\\\/\\\/amaelounge.com\\\/pt\\\/reserve-2\\\/\"]}]},{\"@type\":\"BreadcrumbList\",\"@id\":\"https:\\\/\\\/amaelounge.com\\\/pt\\\/reserve-2\\\/#breadcrumb\",\"itemListElement\":[{\"@type\":\"ListItem\",\"position\":1,\"name\":\"Portada\",\"item\":\"https:\\\/\\\/amaelounge.com\\\/pt\\\/\"},{\"@type\":\"ListItem\",\"position\":2,\"name\":\"Book\"}]},{\"@type\":\"WebSite\",\"@id\":\"https:\\\/\\\/amaelounge.com\\\/pt\\\/#website\",\"url\":\"https:\\\/\\\/amaelounge.com\\\/pt\\\/\",\"name\":\"Amae Lounge PT\",\"description\":\"Amae Lounge\",\"potentialAction\":[{\"@type\":\"SearchAction\",\"target\":{\"@type\":\"EntryPoint\",\"urlTemplate\":\"https:\\\/\\\/amaelounge.com\\\/pt\\\/?s={search_term_string}\"},\"query-input\":{\"@type\":\"PropertyValueSpecification\",\"valueRequired\":true,\"valueName\":\"search_term_string\"}}],\"inLanguage\":\"es\"}]}<\/script>\n<!-- \/ Yoast SEO plugin. -->","yoast_head_json":{"title":"Reserve o Seu Lugar no Loung | Amae Lounge","description":"Embora tentemos garantir que todos os h\u00f3spedes eleg\u00edveis sejam acomodados, recomendamos que nos informe quando podemos esperar sua visita.","robots":{"index":"index","follow":"follow","max-snippet":"max-snippet:-1","max-image-preview":"max-image-preview:large","max-video-preview":"max-video-preview:-1"},"canonical":"https:\/\/amaelounge.com\/pt\/reserve-2\/","og_locale":"es_ES","og_type":"article","og_title":"Reserve o Seu Lugar no Loung | Amae Lounge","og_description":"Embora tentemos garantir que todos os h\u00f3spedes eleg\u00edveis sejam acomodados, recomendamos que nos informe quando podemos esperar sua visita.","og_url":"https:\/\/amaelounge.com\/pt\/reserve-2\/","og_site_name":"Amae Lounge PT","article_modified_time":"2022-01-05T14:26:49+00:00","twitter_card":"summary_large_image","twitter_misc":{"Tiempo de lectura":"1 minuto"},"schema":{"@context":"https:\/\/schema.org","@graph":[{"@type":"WebPage","@id":"https:\/\/amaelounge.com\/pt\/reserve-2\/","url":"https:\/\/amaelounge.com\/pt\/reserve-2\/","name":"Reserve o Seu Lugar no Loung | Amae Lounge","isPartOf":{"@id":"https:\/\/amaelounge.com\/pt\/#website"},"datePublished":"2021-11-15T17:40:18+00:00","dateModified":"2022-01-05T14:26:49+00:00","description":"Embora tentemos garantir que todos os h\u00f3spedes eleg\u00edveis sejam acomodados, recomendamos que nos informe quando podemos esperar sua visita.","breadcrumb":{"@id":"https:\/\/amaelounge.com\/pt\/reserve-2\/#breadcrumb"},"inLanguage":"es","potentialAction":[{"@type":"ReadAction","target":["https:\/\/amaelounge.com\/pt\/reserve-2\/"]}]},{"@type":"BreadcrumbList","@id":"https:\/\/amaelounge.com\/pt\/reserve-2\/#breadcrumb","itemListElement":[{"@type":"ListItem","position":1,"name":"Portada","item":"https:\/\/amaelounge.com\/pt\/"},{"@type":"ListItem","position":2,"name":"Book"}]},{"@type":"WebSite","@id":"https:\/\/amaelounge.com\/pt\/#website","url":"https:\/\/amaelounge.com\/pt\/","name":"Amae Lounge PT","description":"Amae Lounge","potentialAction":[{"@type":"SearchAction","target":{"@type":"EntryPoint","urlTemplate":"https:\/\/amaelounge.com\/pt\/?s={search_term_string}"},"query-input":{"@type":"PropertyValueSpecification","valueRequired":true,"valueName":"search_term_string"}}],"inLanguage":"es"}]}},"_links":{"self":[{"href":"https:\/\/amaelounge.com\/pt\/wp-json\/wp\/v2\/pages\/614","targetHints":{"allow":["GET"]}}],"collection":[{"href":"https:\/\/amaelounge.com\/pt\/wp-json\/wp\/v2\/pages"}],"about":[{"href":"https:\/\/amaelounge.com\/pt\/wp-json\/wp\/v2\/types\/page"}],"author":[{"embeddable":true,"href":"https:\/\/amaelounge.com\/pt\/wp-json\/wp\/v2\/users\/2"}],"replies":[{"embeddable":true,"href":"https:\/\/amaelounge.com\/pt\/wp-json\/wp\/v2\/comments?post=614"}],"version-history":[{"count":14,"href":"https:\/\/amaelounge.com\/pt\/wp-json\/wp\/v2\/pages\/614\/revisions"}],"predecessor-version":[{"id":915,"href":"https:\/\/amaelounge.com\/pt\/wp-json\/wp\/v2\/pages\/614\/revisions\/915"}],"wp:attachment":[{"href":"https:\/\/amaelounge.com\/pt\/wp-json\/wp\/v2\/media?parent=614"}],"curies":[{"name":"wp","href":"https:\/\/api.w.org\/{rel}","templated":true}]}}