{"id":371,"date":"2021-10-29T15:02:30","date_gmt":"2021-10-29T18:02:30","guid":{"rendered":"https:\/\/amaelounge.com\/pt\/?page_id=371"},"modified":"2025-03-28T17:13:47","modified_gmt":"2025-03-28T20:13:47","slug":"sustentabilidade-inclusao","status":"publish","type":"page","link":"https:\/\/amaelounge.com\/pt\/sustentabilidade-inclusao\/","title":{"rendered":"Sustainability &#038; Inclusion"},"content":{"rendered":"\n\t<section class=\"section pages-headers\" id=\"section_1939275468\">\n\t\t<div class=\"bg section-bg fill bg-fill  bg-loaded\" >\n\n\t\t\t\n\t\t\t\n\t\t\t\n\n\t\t<\/div>\n\n\t\t\n\n\t\t<div class=\"section-content relative\">\n\t\t\t\n\n<div class=\"row row-collapse row-full-width align-bottom\"  id=\"row-1017778005\">\n\n\n\t<div id=\"col-1977222296\" class=\"col medium-6 small-12 large-6\"  >\n\t\t\t\t<div class=\"col-inner\"  >\n\t\t\t\n\t\t\t\n\n\t<div class=\"img has-hover x md-x lg-x y md-y lg-y\" id=\"image_150996048\">\n\t\t\t\t\t\t\t\t<div class=\"img-inner dark\" >\n\t\t\t<img loading=\"lazy\" decoding=\"async\" width=\"800\" height=\"350\" src=\"https:\/\/amaelounge.com\/pt\/wp-content\/uploads\/sites\/3\/2021\/10\/amae_Recurso-5-80-1.jpg\" class=\"attachment-original size-original\" alt=\"\" srcset=\"https:\/\/amaelounge.com\/pt\/wp-content\/uploads\/sites\/3\/2021\/10\/amae_Recurso-5-80-1.jpg 800w, https:\/\/amaelounge.com\/pt\/wp-content\/uploads\/sites\/3\/2021\/10\/amae_Recurso-5-80-1-300x131.jpg 300w, https:\/\/amaelounge.com\/pt\/wp-content\/uploads\/sites\/3\/2021\/10\/amae_Recurso-5-80-1-768x336.jpg 768w\" sizes=\"auto, (max-width: 800px) 100vw, 800px\" \/>\t\t\t\t\t\t\n\t\t\t\t\t<\/div>\n\t\t\t\t\t\t\t\t\n<style>\n#image_150996048 {\n  width: 100%;\n}\n<\/style>\n\t<\/div>\n\t\n\n\n\t\t<\/div>\n\t\t\t\t\t<\/div>\n\n\t\n\n\t<div id=\"col-1845806003\" class=\"col medium-5 small-12 large-5\"  >\n\t\t\t\t<div class=\"col-inner\"  >\n\t\t\t\n\t\t\t\n\n\t<div id=\"text-980784616\" class=\"text\">\n\t\t\n\n<h1 style=\"line-height: 1;\">Sustentabilidade e <strong>Inclus\u00e3o<\/strong><\/h1>\n\t\t\n<style>\n#text-980784616 {\n  font-size: 1.8rem;\n  line-height: 1;\n}\n@media (min-width:550px) {\n  #text-980784616 {\n    font-size: 2.5rem;\n  }\n}\n<\/style>\n\t<\/div>\n\t\n\n\t\t<\/div>\n\t\t\t\t\n<style>\n#col-1845806003 > .col-inner {\n  padding: 5% 5% 5% 5%;\n  max-width: 550px;\n}\n<\/style>\n\t<\/div>\n\n\t\n\n\t<div id=\"col-406587609\" class=\"col hide-for-small medium-1 small-12 large-1\"  >\n\t\t\t\t<div class=\"col-inner\"  >\n\t\t\t\n\t\t\t\n\n\t<div id=\"text-2865334096\" class=\"text hide-for-small\">\n\t\t\n\n<p><img loading=\"lazy\" decoding=\"async\" class=\"size-full wp-image-247 alignleft\" src=\"https:\/\/amaelounge.com\/pt\/wp-content\/uploads\/sites\/3\/2021\/10\/amae_Recurso-2-80-1.jpg\" alt=\"\" width=\"30\" height=\"180\" \/><\/p>\n\t\t\t<\/div>\n\t\n\n\t\t<\/div>\n\t\t\t\t\t<\/div>\n\n\t\n\n<\/div>\n\n\t\t<\/div>\n\n\t\t\n<style>\n#section_1939275468 {\n  padding-top: 30px;\n  padding-bottom: 30px;\n}\n<\/style>\n\t<\/section>\n\t\n\n\t<div id=\"gap-822157202\" class=\"gap-element clearfix hide-for-small\" style=\"display:block; height:auto;\">\n\t\t\n<style>\n#gap-822157202 {\n  padding-top: 30px;\n}\n<\/style>\n\t<\/div>\n\t\n\n\t<section class=\"section sustainability-items\" id=\"section_655563341\">\n\t\t<div class=\"bg section-bg fill bg-fill  bg-loaded\" >\n\n\t\t\t\n\t\t\t\n\t\t\t\n\n\t\t<\/div>\n\n\t\t\n\n\t\t<div class=\"section-content relative\">\n\t\t\t\n\n<div class=\"row align-middle\"  id=\"row-1411349605\">\n\n\n\t<div id=\"col-1355344723\" class=\"col medium-7 small-12 large-7\"  >\n\t\t\t\t<div class=\"col-inner\"  >\n\t\t\t\n\t\t\t\n\n<p>Comprometida em ser a primeira operadora de lounge sustent\u00e1vel e inclusiva do mundo, a AMAE Lounge est\u00e1 empenhada em todos os n\u00edveis em fazer a sua parte para tornar o mundo um lugar melhor para todos. Nossas pr\u00e1ticas de neg\u00f3cios e opera\u00e7\u00f5es est\u00e3o focadas em gerar um triplo impacto positivo, contribuindo para economias circulares.<\/p>\n<p>Promovemos o turismo respons\u00e1vel junto aos nossos h\u00f3spedes e parceiros de neg\u00f3cios, compartilhando a mensagem como viajantes conscientes.<\/p>\n\n\t\t<\/div>\n\t\t\t\t\t<\/div>\n\n\t\n\n\t<div id=\"col-48306551\" class=\"col medium-5 small-12 large-5\"  >\n\t\t\t\t<div class=\"col-inner\"  >\n\t\t\t\n\t\t\t\n\n<p><img loading=\"lazy\" decoding=\"async\" class=\"alignnone size-full wp-image-380\" src=\"https:\/\/amaelounge.com\/pt\/wp-content\/uploads\/sites\/3\/2021\/10\/amae_Recurso-5-81.jpg\" alt=\"\" width=\"654\" height=\"513\" srcset=\"https:\/\/amaelounge.com\/pt\/wp-content\/uploads\/sites\/3\/2021\/10\/amae_Recurso-5-81.jpg 654w, https:\/\/amaelounge.com\/pt\/wp-content\/uploads\/sites\/3\/2021\/10\/amae_Recurso-5-81-300x235.jpg 300w\" sizes=\"auto, (max-width: 654px) 100vw, 654px\" \/><\/p>\n\n\t\t<\/div>\n\t\t\t\t\t<\/div>\n\n\t\n\n<\/div>\n\t<div id=\"gap-1624271042\" class=\"gap-element clearfix\" style=\"display:block; height:auto;\">\n\t\t\n<style>\n#gap-1624271042 {\n  padding-top: 30px;\n}\n<\/style>\n\t<\/div>\n\t\n\n<div class=\"row row-large\"  id=\"row-1156897175\">\n\n\n\t<div id=\"col-463082098\" class=\"col medium-4 small-12 large-4\"  >\n\t\t\t\t<div class=\"col-inner\"  >\n\t\t\t\n\t\t\t\n\n<p><img loading=\"lazy\" decoding=\"async\" class=\"wp-image-4818 aligncenter\" src=\"https:\/\/amaelounge.com\/es\/wp-content\/uploads\/sites\/2\/2024\/07\/logo-unr.jpg\" alt=\"\" width=\"208\" height=\"100\" \/><\/p>\n<p style=\"text-align: justify; text-wrap: pretty;\">Estabelecemos um v\u00ednculo com a <strong>Faculdade de Turismo da Universidade Nacional de Ros\u00e1rio<\/strong>, para que seus alunos possam acessar est\u00e1gios pr\u00e9-profissionais em sua \u00e1rea de estudo e em sua pr\u00f3pria cidade. Esta liga\u00e7\u00e3o existe h\u00e1 v\u00e1rios anos e, ano ap\u00f3s ano, cada vez mais jovens conseguem entrar no mercado de trabalho.<\/p>\n\n\t\t<\/div>\n\t\t\t\t\t<\/div>\n\n\t\n\n\t<div id=\"col-338361107\" class=\"col medium-4 small-12 large-4\"  >\n\t\t\t\t<div class=\"col-inner\"  >\n\t\t\t\n\t\t\t\n\n<p><img loading=\"lazy\" decoding=\"async\" class=\"wp-image-4817 aligncenter\" src=\"https:\/\/amaelounge.com\/es\/wp-content\/uploads\/sites\/2\/2024\/07\/logo-fonbec.jpeg\" alt=\"\" width=\"167\" height=\"100\" \/><\/p>\n<p style=\"text-align: justify; text-wrap: pretty;\">O programa que temos com o <strong>Fonbec<\/strong> centra-se num esquema de doa\u00e7\u00f5es \u00e0 Funda\u00e7\u00e3o em cada um dos locais onde funciona o AMAE Lounge. A partir disso, o Fonbec destina esses recursos a um benefici\u00e1rio para cada uma dessas vagas, para que essa pessoa possa acessar (ou continuar) seus estudos de ensino superior ou de gradua\u00e7\u00e3o. Uma vez conclu\u00eddos os estudos, o benefici\u00e1rio da bolsa compromete-se a realizar um est\u00e1gio pr\u00e9-profissional no AMAE Lounge para incentivar tamb\u00e9m a coloca\u00e7\u00e3o profissional.<\/p>\n\n\t\t<\/div>\n\t\t\t\t\t<\/div>\n\n\t\n\n\t<div id=\"col-458771589\" class=\"col medium-4 small-12 large-4\"  >\n\t\t\t\t<div class=\"col-inner\"  >\n\t\t\t\n\t\t\t\n\n<p><img loading=\"lazy\" decoding=\"async\" class=\"wp-image-4819 aligncenter\" src=\"https:\/\/amaelounge.com\/es\/wp-content\/uploads\/sites\/2\/2024\/07\/logo-matriarca.png\" alt=\"\" width=\"246\" height=\"100\" \/><\/p>\n<p style=\"text-align: justify; text-wrap: pretty;\">A alian\u00e7a com a <strong>Matriarca<\/strong> e <strong>Una Tienda Con Prop\u00f3sito<\/strong> busca dar visibilidade e divulgar o trabalho realizado pelas comunidades locais na Argentina. Para isso, no AMAE Lounge expomos os seus trabalhos nas nossas salas e procuramos dar-lhes visibilidade atrav\u00e9s dos nossos canais de comunica\u00e7\u00e3o. Acreditamos no trabalho que realizam e colaboramos para que os seus produtos e cultura cheguem a cada vez mais pessoas e novos p\u00fablicos, para que possam ent\u00e3o comercializar o seu trabalho a um valor justo.<\/p>\n\n\t\t<\/div>\n\t\t\t\t\t<\/div>\n\n\t\n\n<\/div>\n\t<div id=\"gap-399878528\" class=\"gap-element clearfix\" style=\"display:block; height:auto;\">\n\t\t\n<style>\n#gap-399878528 {\n  padding-top: 30px;\n}\n<\/style>\n\t<\/div>\n\t\n\n<div class=\"row row-large\"  id=\"row-1436615394\">\n\n\n\t<div id=\"col-489580555\" class=\"col medium-6 small-12 large-6\"  >\n\t\t\t\t<div class=\"col-inner\"  >\n\t\t\t\n\t\t\t\n\n<div class=\"is-divider divider clearfix\" style=\"max-width:100%;height:1px;background-color:rgb(175, 189, 179);\"><\/div>\n\n\t<div id=\"gap-1535211233\" class=\"gap-element clearfix\" style=\"display:block; height:auto;\">\n\t\t\n<style>\n#gap-1535211233 {\n  padding-top: 30px;\n}\n<\/style>\n\t<\/div>\n\t\n\n<div class=\"row\"  id=\"row-542839649\">\n\n\n\t<div id=\"col-1880054739\" class=\"col medium-3 small-12 large-3\"  >\n\t\t\t\t<div class=\"col-inner\"  >\n\t\t\t\n\t\t\t\n\n<p><img loading=\"lazy\" decoding=\"async\" class=\"size-full wp-image-387\" src=\"https:\/\/amaelounge.com\/pt\/wp-content\/uploads\/sites\/3\/2021\/10\/amae_Recurso-8-80.jpg\" alt=\"\" width=\"121\" height=\"106\"><\/p>\n\n\t\t<\/div>\n\t\t\t\t\t<\/div>\n\n\t\n\n\t<div id=\"col-216050332\" class=\"col medium-9 small-12 large-9\"  >\n\t\t\t\t<div class=\"col-inner\"  >\n\t\t\t\n\t\t\t\n\n<p>A AMAE Lounge tem o orgulho de adquirir muitos bens e servi\u00e7os de pequenas empresas comunit\u00e1rias que compartilham nossa vis\u00e3o.<br \/>\nSe voc\u00ea \u00e9 propriet\u00e1rio de uma pequena empresa e acha que seu produto funcionaria em nossos lounges, entre em <a href=\"https:\/\/amaelounge.com\/pt\/contato\/\">contato aqui.<\/a>.<\/p>\n\n\t\t<\/div>\n\t\t\t\t\t<\/div>\n\n\t\n\n<\/div>\n\n\t\t<\/div>\n\t\t\t\t\t<\/div>\n\n\t\n\n\t<div id=\"col-1092838187\" class=\"col medium-6 small-12 large-6\"  >\n\t\t\t\t<div class=\"col-inner\"  >\n\t\t\t\n\t\t\t\n\n<div class=\"is-divider divider clearfix\" style=\"max-width:100%;height:1px;background-color:rgb(175, 189, 179);\"><\/div>\n\n\t<div id=\"gap-1140604937\" class=\"gap-element clearfix\" style=\"display:block; height:auto;\">\n\t\t\n<style>\n#gap-1140604937 {\n  padding-top: 30px;\n}\n<\/style>\n\t<\/div>\n\t\n\n<div class=\"row\"  id=\"row-848492510\">\n\n\n\t<div id=\"col-1839392463\" class=\"col medium-3 small-12 large-3\"  >\n\t\t\t\t<div class=\"col-inner\"  >\n\t\t\t\n\t\t\t\n\n<p><img loading=\"lazy\" decoding=\"async\" class=\"size-full wp-image-390\" src=\"https:\/\/amaelounge.com\/pt\/wp-content\/uploads\/sites\/3\/2021\/10\/amae_Recurso-12-80-1.jpg\" alt=\"\" width=\"99\" height=\"85\"><\/p>\n\n\t\t<\/div>\n\t\t\t\t\t<\/div>\n\n\t\n\n\t<div id=\"col-1828313163\" class=\"col medium-9 small-12 large-9\"  >\n\t\t\t\t<div class=\"col-inner\"  >\n\t\t\t\n\t\t\t\n\n<p>\nA AMAE Lounge tem o orgulho de oferecer \u201cpresentes com prop\u00f3sito\u201d para venda em lounges selecionados que apoiam projetos da comunidade local. Todos os rendimentos s\u00e3o revertidos para a comunidade, ajudando a capacitar as pessoas.<\/p>\n<p>Voc\u00ea tamb\u00e9m pode comprar presentes online <a href=\"https:\/\/alwatiendaetica.mitiendanube.com\/productos\/\">aqui.<\/a><\/p>\n\n\t\t<\/div>\n\t\t\t\t\t<\/div>\n\n\t\n\n<\/div>\n\n\t\t<\/div>\n\t\t\t\t\t<\/div>\n\n\t\n\n<\/div>\n<div class=\"row row-large\"  id=\"row-290320554\">\n\n\n\t<div id=\"col-242634403\" class=\"col medium-6 small-12 large-6\"  >\n\t\t\t\t<div class=\"col-inner\"  >\n\t\t\t\n\t\t\t\n\n<div class=\"is-divider divider clearfix\" style=\"max-width:100%;height:1px;background-color:rgb(175, 189, 179);\"><\/div>\n\n\t<div id=\"gap-2083030678\" class=\"gap-element clearfix\" style=\"display:block; height:auto;\">\n\t\t\n<style>\n#gap-2083030678 {\n  padding-top: 30px;\n}\n<\/style>\n\t<\/div>\n\t\n\n<div class=\"row\"  id=\"row-213407212\">\n\n\n\t<div id=\"col-858674237\" class=\"col medium-3 small-12 large-3\"  >\n\t\t\t\t<div class=\"col-inner\"  >\n\t\t\t\n\t\t\t\n\n<p><img loading=\"lazy\" decoding=\"async\" class=\"size-full wp-image-388\" src=\"https:\/\/amaelounge.com\/pt\/wp-content\/uploads\/sites\/3\/2021\/10\/amae_Recurso-10-80.jpg\" alt=\"\" width=\"123\" height=\"89\"><\/p>\n\n\t\t<\/div>\n\t\t\t\t\t<\/div>\n\n\t\n\n\t<div id=\"col-1079008628\" class=\"col medium-9 small-12 large-9\"  >\n\t\t\t\t<div class=\"col-inner\"  >\n\t\t\t\n\t\t\t\n\n<p>O AMAE Lounge tem o orgulho de promover #viajerxsconscientes, onde incentivamos nossos h\u00f3spedes a aprender mais sobre as maneiras como podem gerar um impacto ambiental e social positivo ao viajar e inspirar outras pessoas a fazer o mesmo.<\/p>\n\n\t\t<\/div>\n\t\t\t\t\t<\/div>\n\n\t\n\n<\/div>\n\n\t\t<\/div>\n\t\t\t\t\t<\/div>\n\n\t\n\n\t<div id=\"col-1857289851\" class=\"col medium-6 small-12 large-6\"  >\n\t\t\t\t<div class=\"col-inner\"  >\n\t\t\t\n\t\t\t\n\n<div class=\"is-divider divider clearfix\" style=\"max-width:100%;height:1px;background-color:rgb(175, 189, 179);\"><\/div>\n\n\t<div id=\"gap-1459136299\" class=\"gap-element clearfix\" style=\"display:block; height:auto;\">\n\t\t\n<style>\n#gap-1459136299 {\n  padding-top: 30px;\n}\n<\/style>\n\t<\/div>\n\t\n\n<div class=\"row\"  id=\"row-883640778\">\n\n\n\t<div id=\"col-1303860638\" class=\"col medium-3 small-12 large-3\"  >\n\t\t\t\t<div class=\"col-inner\"  >\n\t\t\t\n\t\t\t\n\n<p><img loading=\"lazy\" decoding=\"async\" class=\"size-full wp-image-389\" src=\"https:\/\/amaelounge.com\/pt\/wp-content\/uploads\/sites\/3\/2021\/10\/amae_Recurso-11-80.jpg\" alt=\"\" width=\"100\" height=\"78\"><\/p>\n\n\t\t<\/div>\n\t\t\t\t\t<\/div>\n\n\t\n\n\t<div id=\"col-596882972\" class=\"col medium-9 small-12 large-9\"  >\n\t\t\t\t<div class=\"col-inner\"  >\n\t\t\t\n\t\t\t\n\n<p>A AMAE Lounge tem orgulho de ser um empregador de oportunidades iguais.<\/p>\n\n\t\t<\/div>\n\t\t\t\t\t<\/div>\n\n\t\n\n<\/div>\n\n\t\t<\/div>\n\t\t\t\t\t<\/div>\n\n\t\n\n<\/div>\n<div class=\"row row-large\"  id=\"row-1744983274\">\n\n\n\t<div id=\"col-1886040102\" class=\"col medium-6 small-12 large-6\"  >\n\t\t\t\t<div class=\"col-inner\"  >\n\t\t\t\n\t\t\t\n\n<div class=\"row\"  id=\"row-258355488\">\n\n\n\t<div id=\"col-971188826\" class=\"col small-12 large-12\"  >\n\t\t\t\t<div class=\"col-inner\"  >\n\t\t\t\n\t\t\t\n\n\t<div id=\"gap-1832628331\" class=\"gap-element clearfix\" style=\"display:block; height:auto;\">\n\t\t\n<style>\n#gap-1832628331 {\n  padding-top: 15px;\n}\n<\/style>\n\t<\/div>\n\t\n\n<p><img loading=\"lazy\" decoding=\"async\" class=\"size-full wp-image-382 alignnone\" src=\"https:\/\/amaelounge.com\/pt\/wp-content\/uploads\/sites\/3\/2021\/12\/Sustainability-Inclusion-logo.jpg\" alt=\"\" width=\"473\" height=\"115\"><\/p>\n\n\t\t<\/div>\n\t\t\t\t\t<\/div>\n\n\t\n\n<\/div>\n\n\t\t<\/div>\n\t\t\t\t\t<\/div>\n\n\t\n\n<\/div>\n\n\t\t<\/div>\n\n\t\t\n<style>\n#section_655563341 {\n  padding-top: 30px;\n  padding-bottom: 30px;\n}\n<\/style>\n\t<\/section>\n\t\n\t<div id=\"gap-743547986\" class=\"gap-element clearfix\" style=\"display:block; height:auto;\">\n\t\t\n<style>\n#gap-743547986 {\n  padding-top: 30px;\n}\n<\/style>\n\t<\/div>\n\t\n\n\n","protected":false},"excerpt":{"rendered":"","protected":false},"author":2,"featured_media":0,"parent":0,"menu_order":0,"comment_status":"closed","ping_status":"closed","template":"page-blank.php","meta":{"inline_featured_image":false,"footnotes":""},"class_list":["post-371","page","type-page","status-publish","hentry"],"yoast_head":"<!-- This site is optimized with the Yoast SEO plugin v27.4 - https:\/\/yoast.com\/product\/yoast-seo-wordpress\/ -->\n<title>Sustentabilidade e Inclus\u00e3o | Amae Lounge<\/title>\n<meta name=\"description\" content=\"Comprometida em ser a primeira operadora de lounge sustent\u00e1vel e inclusiva do mundo, a AMAE Lounge est\u00e1 empenhada em todos os n\u00edveis em fazer a sua parte para tornar o mundo um lugar melhor para todos.\" \/>\n<meta name=\"robots\" content=\"index, follow, max-snippet:-1, max-image-preview:large, max-video-preview:-1\" \/>\n<link rel=\"canonical\" href=\"https:\/\/amaelounge.com\/pt\/sustentabilidade-inclusao\/\" \/>\n<meta property=\"og:locale\" content=\"es_ES\" \/>\n<meta property=\"og:type\" content=\"article\" \/>\n<meta property=\"og:title\" content=\"Sustentabilidade e Inclus\u00e3o | Amae Lounge\" \/>\n<meta property=\"og:description\" content=\"Comprometida em ser a primeira operadora de lounge sustent\u00e1vel e inclusiva do mundo, a AMAE Lounge est\u00e1 empenhada em todos os n\u00edveis em fazer a sua parte para tornar o mundo um lugar melhor para todos.\" \/>\n<meta property=\"og:url\" content=\"https:\/\/amaelounge.com\/pt\/sustentabilidade-inclusao\/\" \/>\n<meta property=\"og:site_name\" content=\"Amae Lounge PT\" \/>\n<meta property=\"article:modified_time\" content=\"2025-03-28T20:13:47+00:00\" \/>\n<meta property=\"og:image\" content=\"https:\/\/amaelounge.com\/pt\/wp-content\/uploads\/sites\/3\/2021\/10\/amae_Recurso-5-81.jpg\" \/>\n<meta name=\"twitter:card\" content=\"summary_large_image\" \/>\n<meta name=\"twitter:label1\" content=\"Tiempo de lectura\" \/>\n\t<meta name=\"twitter:data1\" content=\"4 minutos\" \/>\n<script type=\"application\/ld+json\" class=\"yoast-schema-graph\">{\"@context\":\"https:\\\/\\\/schema.org\",\"@graph\":[{\"@type\":\"WebPage\",\"@id\":\"https:\\\/\\\/amaelounge.com\\\/pt\\\/sustentabilidade-inclusao\\\/\",\"url\":\"https:\\\/\\\/amaelounge.com\\\/pt\\\/sustentabilidade-inclusao\\\/\",\"name\":\"Sustentabilidade e Inclus\u00e3o | Amae Lounge\",\"isPartOf\":{\"@id\":\"https:\\\/\\\/amaelounge.com\\\/pt\\\/#website\"},\"primaryImageOfPage\":{\"@id\":\"https:\\\/\\\/amaelounge.com\\\/pt\\\/sustentabilidade-inclusao\\\/#primaryimage\"},\"image\":{\"@id\":\"https:\\\/\\\/amaelounge.com\\\/pt\\\/sustentabilidade-inclusao\\\/#primaryimage\"},\"thumbnailUrl\":\"https:\\\/\\\/amaelounge.com\\\/pt\\\/wp-content\\\/uploads\\\/sites\\\/3\\\/2021\\\/10\\\/amae_Recurso-5-81.jpg\",\"datePublished\":\"2021-10-29T18:02:30+00:00\",\"dateModified\":\"2025-03-28T20:13:47+00:00\",\"description\":\"Comprometida em ser a primeira operadora de lounge sustent\u00e1vel e inclusiva do mundo, a AMAE Lounge est\u00e1 empenhada em todos os n\u00edveis em fazer a sua parte para tornar o mundo um lugar melhor para todos.\",\"breadcrumb\":{\"@id\":\"https:\\\/\\\/amaelounge.com\\\/pt\\\/sustentabilidade-inclusao\\\/#breadcrumb\"},\"inLanguage\":\"es\",\"potentialAction\":[{\"@type\":\"ReadAction\",\"target\":[\"https:\\\/\\\/amaelounge.com\\\/pt\\\/sustentabilidade-inclusao\\\/\"]}]},{\"@type\":\"ImageObject\",\"inLanguage\":\"es\",\"@id\":\"https:\\\/\\\/amaelounge.com\\\/pt\\\/sustentabilidade-inclusao\\\/#primaryimage\",\"url\":\"https:\\\/\\\/amaelounge.com\\\/pt\\\/wp-content\\\/uploads\\\/sites\\\/3\\\/2021\\\/10\\\/amae_Recurso-5-81.jpg\",\"contentUrl\":\"https:\\\/\\\/amaelounge.com\\\/pt\\\/wp-content\\\/uploads\\\/sites\\\/3\\\/2021\\\/10\\\/amae_Recurso-5-81.jpg\",\"width\":654,\"height\":513},{\"@type\":\"BreadcrumbList\",\"@id\":\"https:\\\/\\\/amaelounge.com\\\/pt\\\/sustentabilidade-inclusao\\\/#breadcrumb\",\"itemListElement\":[{\"@type\":\"ListItem\",\"position\":1,\"name\":\"Portada\",\"item\":\"https:\\\/\\\/amaelounge.com\\\/pt\\\/\"},{\"@type\":\"ListItem\",\"position\":2,\"name\":\"Sustainability &#038; Inclusion\"}]},{\"@type\":\"WebSite\",\"@id\":\"https:\\\/\\\/amaelounge.com\\\/pt\\\/#website\",\"url\":\"https:\\\/\\\/amaelounge.com\\\/pt\\\/\",\"name\":\"Amae Lounge PT\",\"description\":\"Amae Lounge\",\"potentialAction\":[{\"@type\":\"SearchAction\",\"target\":{\"@type\":\"EntryPoint\",\"urlTemplate\":\"https:\\\/\\\/amaelounge.com\\\/pt\\\/?s={search_term_string}\"},\"query-input\":{\"@type\":\"PropertyValueSpecification\",\"valueRequired\":true,\"valueName\":\"search_term_string\"}}],\"inLanguage\":\"es\"}]}<\/script>\n<!-- \/ Yoast SEO plugin. -->","yoast_head_json":{"title":"Sustentabilidade e Inclus\u00e3o | Amae Lounge","description":"Comprometida em ser a primeira operadora de lounge sustent\u00e1vel e inclusiva do mundo, a AMAE Lounge est\u00e1 empenhada em todos os n\u00edveis em fazer a sua parte para tornar o mundo um lugar melhor para todos.","robots":{"index":"index","follow":"follow","max-snippet":"max-snippet:-1","max-image-preview":"max-image-preview:large","max-video-preview":"max-video-preview:-1"},"canonical":"https:\/\/amaelounge.com\/pt\/sustentabilidade-inclusao\/","og_locale":"es_ES","og_type":"article","og_title":"Sustentabilidade e Inclus\u00e3o | Amae Lounge","og_description":"Comprometida em ser a primeira operadora de lounge sustent\u00e1vel e inclusiva do mundo, a AMAE Lounge est\u00e1 empenhada em todos os n\u00edveis em fazer a sua parte para tornar o mundo um lugar melhor para todos.","og_url":"https:\/\/amaelounge.com\/pt\/sustentabilidade-inclusao\/","og_site_name":"Amae Lounge PT","article_modified_time":"2025-03-28T20:13:47+00:00","og_image":[{"url":"https:\/\/amaelounge.com\/pt\/wp-content\/uploads\/sites\/3\/2021\/10\/amae_Recurso-5-81.jpg","type":"","width":"","height":""}],"twitter_card":"summary_large_image","twitter_misc":{"Tiempo de lectura":"4 minutos"},"schema":{"@context":"https:\/\/schema.org","@graph":[{"@type":"WebPage","@id":"https:\/\/amaelounge.com\/pt\/sustentabilidade-inclusao\/","url":"https:\/\/amaelounge.com\/pt\/sustentabilidade-inclusao\/","name":"Sustentabilidade e Inclus\u00e3o | Amae Lounge","isPartOf":{"@id":"https:\/\/amaelounge.com\/pt\/#website"},"primaryImageOfPage":{"@id":"https:\/\/amaelounge.com\/pt\/sustentabilidade-inclusao\/#primaryimage"},"image":{"@id":"https:\/\/amaelounge.com\/pt\/sustentabilidade-inclusao\/#primaryimage"},"thumbnailUrl":"https:\/\/amaelounge.com\/pt\/wp-content\/uploads\/sites\/3\/2021\/10\/amae_Recurso-5-81.jpg","datePublished":"2021-10-29T18:02:30+00:00","dateModified":"2025-03-28T20:13:47+00:00","description":"Comprometida em ser a primeira operadora de lounge sustent\u00e1vel e inclusiva do mundo, a AMAE Lounge est\u00e1 empenhada em todos os n\u00edveis em fazer a sua parte para tornar o mundo um lugar melhor para todos.","breadcrumb":{"@id":"https:\/\/amaelounge.com\/pt\/sustentabilidade-inclusao\/#breadcrumb"},"inLanguage":"es","potentialAction":[{"@type":"ReadAction","target":["https:\/\/amaelounge.com\/pt\/sustentabilidade-inclusao\/"]}]},{"@type":"ImageObject","inLanguage":"es","@id":"https:\/\/amaelounge.com\/pt\/sustentabilidade-inclusao\/#primaryimage","url":"https:\/\/amaelounge.com\/pt\/wp-content\/uploads\/sites\/3\/2021\/10\/amae_Recurso-5-81.jpg","contentUrl":"https:\/\/amaelounge.com\/pt\/wp-content\/uploads\/sites\/3\/2021\/10\/amae_Recurso-5-81.jpg","width":654,"height":513},{"@type":"BreadcrumbList","@id":"https:\/\/amaelounge.com\/pt\/sustentabilidade-inclusao\/#breadcrumb","itemListElement":[{"@type":"ListItem","position":1,"name":"Portada","item":"https:\/\/amaelounge.com\/pt\/"},{"@type":"ListItem","position":2,"name":"Sustainability &#038; Inclusion"}]},{"@type":"WebSite","@id":"https:\/\/amaelounge.com\/pt\/#website","url":"https:\/\/amaelounge.com\/pt\/","name":"Amae Lounge PT","description":"Amae Lounge","potentialAction":[{"@type":"SearchAction","target":{"@type":"EntryPoint","urlTemplate":"https:\/\/amaelounge.com\/pt\/?s={search_term_string}"},"query-input":{"@type":"PropertyValueSpecification","valueRequired":true,"valueName":"search_term_string"}}],"inLanguage":"es"}]}},"_links":{"self":[{"href":"https:\/\/amaelounge.com\/pt\/wp-json\/wp\/v2\/pages\/371","targetHints":{"allow":["GET"]}}],"collection":[{"href":"https:\/\/amaelounge.com\/pt\/wp-json\/wp\/v2\/pages"}],"about":[{"href":"https:\/\/amaelounge.com\/pt\/wp-json\/wp\/v2\/types\/page"}],"author":[{"embeddable":true,"href":"https:\/\/amaelounge.com\/pt\/wp-json\/wp\/v2\/users\/2"}],"replies":[{"embeddable":true,"href":"https:\/\/amaelounge.com\/pt\/wp-json\/wp\/v2\/comments?post=371"}],"version-history":[{"count":10,"href":"https:\/\/amaelounge.com\/pt\/wp-json\/wp\/v2\/pages\/371\/revisions"}],"predecessor-version":[{"id":1580,"href":"https:\/\/amaelounge.com\/pt\/wp-json\/wp\/v2\/pages\/371\/revisions\/1580"}],"wp:attachment":[{"href":"https:\/\/amaelounge.com\/pt\/wp-json\/wp\/v2\/media?parent=371"}],"curies":[{"name":"wp","href":"https:\/\/api.w.org\/{rel}","templated":true}]}}