{"id":298,"date":"2021-10-29T08:45:20","date_gmt":"2021-10-29T11:45:20","guid":{"rendered":"https:\/\/amaelounge.com\/pt\/?page_id=298"},"modified":"2024-07-10T15:06:29","modified_gmt":"2024-07-10T18:06:29","slug":"solucoes-negocios","status":"publish","type":"page","link":"https:\/\/amaelounge.com\/pt\/solucoes-negocios\/","title":{"rendered":"Business Solutions"},"content":{"rendered":"\n\t<section class=\"section pages-headers\" id=\"section_1162943476\">\n\t\t<div class=\"bg section-bg fill bg-fill  bg-loaded\" >\n\n\t\t\t\n\t\t\t\n\t\t\t\n\n\t\t<\/div>\n\n\t\t\n\n\t\t<div class=\"section-content relative\">\n\t\t\t\n\n<div class=\"row row-collapse row-full-width align-middle\"  id=\"row-1663007295\">\n\n\n\t<div id=\"col-80643906\" class=\"col medium-6 small-12 large-6\"  >\n\t\t\t\t<div class=\"col-inner\"  >\n\t\t\t\n\t\t\t\n\n\t<div class=\"img has-hover x md-x lg-x y md-y lg-y\" id=\"image_1638710378\">\n\t\t\t\t\t\t\t\t<div class=\"img-inner dark\" >\n\t\t\t<img loading=\"lazy\" decoding=\"async\" width=\"800\" height=\"350\" src=\"https:\/\/amaelounge.com\/pt\/wp-content\/uploads\/sites\/3\/2021\/10\/amae_Recurso-1-80-2.jpg\" class=\"attachment-original size-original\" alt=\"\" srcset=\"https:\/\/amaelounge.com\/pt\/wp-content\/uploads\/sites\/3\/2021\/10\/amae_Recurso-1-80-2.jpg 800w, https:\/\/amaelounge.com\/pt\/wp-content\/uploads\/sites\/3\/2021\/10\/amae_Recurso-1-80-2-300x131.jpg 300w, https:\/\/amaelounge.com\/pt\/wp-content\/uploads\/sites\/3\/2021\/10\/amae_Recurso-1-80-2-768x336.jpg 768w\" sizes=\"auto, (max-width: 800px) 100vw, 800px\" \/>\t\t\t\t\t\t\n\t\t\t\t\t<\/div>\n\t\t\t\t\t\t\t\t\n<style>\n#image_1638710378 {\n  width: 100%;\n}\n<\/style>\n\t<\/div>\n\t\n\n\n\t\t<\/div>\n\t\t\t\t\t<\/div>\n\n\t\n\n\t<div id=\"col-914786897\" class=\"col medium-5 small-12 large-5\"  >\n\t\t\t\t<div class=\"col-inner\"  >\n\t\t\t\n\t\t\t\n\n\t<div id=\"text-3676757657\" class=\"text\">\n\t\t\n\n<h1>Solu\u00e7\u00f5es de <strong>Neg\u00f3cios<\/strong><\/h1>\n\t\t\n<style>\n#text-3676757657 {\n  font-size: 1.9rem;\n}\n<\/style>\n\t<\/div>\n\t\n\n\t\t<\/div>\n\t\t\t\t\n<style>\n#col-914786897 > .col-inner {\n  padding: 5% 5% 5% 5%;\n  max-width: 600px;\n}\n<\/style>\n\t<\/div>\n\n\t\n\n\t<div id=\"col-59060954\" class=\"col hide-for-small medium-1 small-12 large-1\"  >\n\t\t\t\t<div class=\"col-inner\"  >\n\t\t\t\n\t\t\t\n\n\t<div id=\"text-3027175192\" class=\"text hide-for-small\">\n\t\t\n\n<p><img loading=\"lazy\" decoding=\"async\" class=\"size-full wp-image-296 alignleft\" src=\"https:\/\/amaelounge.com\/pt\/wp-content\/uploads\/sites\/3\/2021\/10\/amae_Recurso-2-80-2.jpg\" alt=\"\" width=\"30\" height=\"180\" \/><\/p>\n\t\t\t<\/div>\n\t\n\n\t\t<\/div>\n\t\t\t\t\t<\/div>\n\n\t\n\n<\/div>\n\n\t\t<\/div>\n\n\t\t\n<style>\n#section_1162943476 {\n  padding-top: 30px;\n  padding-bottom: 30px;\n}\n<\/style>\n\t<\/section>\n\t\n\n\t<section class=\"section business_solutions\" id=\"section_1888404968\">\n\t\t<div class=\"bg section-bg fill bg-fill  bg-loaded\" >\n\n\t\t\t\n\t\t\t\n\t\t\t\n\n\t\t<\/div>\n\n\t\t\n\n\t\t<div class=\"section-content relative\">\n\t\t\t\n\n<div class=\"row\"  id=\"row-429115889\">\n\n\n\t<div id=\"col-1925653943\" class=\"col medium-6 small-12 large-6\"  >\n\t\t\t\t<div class=\"col-inner\"  >\n\t\t\t\n\t\t\t\n\n\t<div id=\"text-2052353083\" class=\"text business-list\">\n\t\t\n\n<ul>\n<li><strong>Acordos de acesso ao lounge corporativo<\/strong><\/li>\n<li><strong>Sustentabilidade e coopera\u00e7\u00e3o ambiental em projetos comunit\u00e1rios<br \/><\/strong><\/li>\n<li><strong>Descontos e vantagens especiais para os seus clientes e os nossos<\/strong><\/li>\n<li><strong>Publicidade no lounge e promo\u00e7\u00e3o de produtos<\/strong><\/li>\n<li><strong>Desenvolvimento de lounge pronto para uso &#8211; n\u00f3s o financiamos e cuidamos de todos os detalhes para voc\u00ea aproveitar<\/strong><\/li>\n<li><strong>Servi\u00e7os de gest\u00e3o e opera\u00e7\u00e3o de instala\u00e7\u00f5es<\/strong><\/li>\n<li><strong>Solu\u00e7\u00f5es digitais para salas VIP e produtos premium de aeroportos, como fast track, estacionamento, associa\u00e7\u00f5es, fidelidade, an\u00e1lises, gerenciamento de capacidade e muito mais<br \/><\/strong><\/li>\n<li><strong>Conhe\u00e7a e ajude<\/strong><\/li>\n<li><strong>Consultando servi\u00e7os<\/strong><strong><br \/><\/strong><\/li>\n<li><strong>Solu\u00e7\u00f5es FBO<br \/><\/strong><\/li>\n<li><strong>Academia de treinamento<br \/><\/strong><\/li>\n<\/ul>\n\t\t\t<\/div>\n\t\n\n\t\t<\/div>\n\t\t\t\t\t<\/div>\n\n\t\n\n\t<div id=\"col-1494861998\" class=\"col medium-6 small-12 large-6\"  >\n\t\t\t\t<div class=\"col-inner\"  >\n\t\t\t\n\t\t\t\n\n<p class=\"lead\">Estamos sempre em busca de parceiros para decolar e crescer juntos. Se sua empresa est\u00e1 interessada em algum dos itens a seguir, entre em contato conosco.<\/p>\n<p>\nCom mais de 15 anos de experi\u00eancia em moldar a jornada do cliente para milh\u00f5es de viajantes em todo o mundo, temos o prazer de estender nossa experi\u00eancia a outras empresas e fazer parceria com companhias semelhantes para oferecer uma experi\u00eancia \u00fanica e premium ao cliente em aeroportos na Am\u00e9rica Latina e ao redor do mundo .<\/p>\n<a href=\"mailto:business@amaelounge.com\" target=\"_blank\" class=\"button alert\" rel=\"noopener\"  >\n    <span>ENTRE EM CONTATO<\/span>\n  <\/a>\n\n\n\n\t\t<\/div>\n\t\t\t\t\t<\/div>\n\n\t\n\n<\/div>\n\n\t\t<\/div>\n\n\t\t\n<style>\n#section_1888404968 {\n  padding-top: 30px;\n  padding-bottom: 30px;\n}\n<\/style>\n\t<\/section>\n\t\n\t<div id=\"gap-1051255518\" class=\"gap-element clearfix\" style=\"display:block; height:auto;\">\n\t\t\n<style>\n#gap-1051255518 {\n  padding-top: 30px;\n}\n<\/style>\n\t<\/div>\n\t\n\n\n","protected":false},"excerpt":{"rendered":"","protected":false},"author":2,"featured_media":0,"parent":0,"menu_order":0,"comment_status":"closed","ping_status":"closed","template":"page-blank.php","meta":{"inline_featured_image":false,"footnotes":""},"class_list":["post-298","page","type-page","status-publish","hentry"],"yoast_head":"<!-- This site is optimized with the Yoast SEO plugin v27.4 - https:\/\/yoast.com\/product\/yoast-seo-wordpress\/ -->\n<title>Solu\u00e7\u00f5es de Neg\u00f3cios | Amae Lounge<\/title>\n<meta name=\"description\" content=\"Estamos sempre em busca de parceiros para decolar e crescer juntos. Se sua empresa est\u00e1 interessada em algum dos itens a seguir, entre em contato conosco.\" \/>\n<meta name=\"robots\" content=\"index, follow, max-snippet:-1, max-image-preview:large, max-video-preview:-1\" \/>\n<link rel=\"canonical\" href=\"https:\/\/amaelounge.com\/pt\/solucoes-negocios\/\" \/>\n<meta property=\"og:locale\" content=\"es_ES\" \/>\n<meta property=\"og:type\" content=\"article\" \/>\n<meta property=\"og:title\" content=\"Solu\u00e7\u00f5es de Neg\u00f3cios | Amae Lounge\" \/>\n<meta property=\"og:description\" content=\"Estamos sempre em busca de parceiros para decolar e crescer juntos. Se sua empresa est\u00e1 interessada em algum dos itens a seguir, entre em contato conosco.\" \/>\n<meta property=\"og:url\" content=\"https:\/\/amaelounge.com\/pt\/solucoes-negocios\/\" \/>\n<meta property=\"og:site_name\" content=\"Amae Lounge PT\" \/>\n<meta property=\"article:modified_time\" content=\"2024-07-10T18:06:29+00:00\" \/>\n<meta name=\"twitter:card\" content=\"summary_large_image\" \/>\n<meta name=\"twitter:label1\" content=\"Tiempo de lectura\" \/>\n\t<meta name=\"twitter:data1\" content=\"1 minuto\" \/>\n<script type=\"application\/ld+json\" class=\"yoast-schema-graph\">{\"@context\":\"https:\\\/\\\/schema.org\",\"@graph\":[{\"@type\":\"WebPage\",\"@id\":\"https:\\\/\\\/amaelounge.com\\\/pt\\\/solucoes-negocios\\\/\",\"url\":\"https:\\\/\\\/amaelounge.com\\\/pt\\\/solucoes-negocios\\\/\",\"name\":\"Solu\u00e7\u00f5es de Neg\u00f3cios | Amae Lounge\",\"isPartOf\":{\"@id\":\"https:\\\/\\\/amaelounge.com\\\/pt\\\/#website\"},\"datePublished\":\"2021-10-29T11:45:20+00:00\",\"dateModified\":\"2024-07-10T18:06:29+00:00\",\"description\":\"Estamos sempre em busca de parceiros para decolar e crescer juntos. Se sua empresa est\u00e1 interessada em algum dos itens a seguir, entre em contato conosco.\",\"breadcrumb\":{\"@id\":\"https:\\\/\\\/amaelounge.com\\\/pt\\\/solucoes-negocios\\\/#breadcrumb\"},\"inLanguage\":\"es\",\"potentialAction\":[{\"@type\":\"ReadAction\",\"target\":[\"https:\\\/\\\/amaelounge.com\\\/pt\\\/solucoes-negocios\\\/\"]}]},{\"@type\":\"BreadcrumbList\",\"@id\":\"https:\\\/\\\/amaelounge.com\\\/pt\\\/solucoes-negocios\\\/#breadcrumb\",\"itemListElement\":[{\"@type\":\"ListItem\",\"position\":1,\"name\":\"Portada\",\"item\":\"https:\\\/\\\/amaelounge.com\\\/pt\\\/\"},{\"@type\":\"ListItem\",\"position\":2,\"name\":\"Business Solutions\"}]},{\"@type\":\"WebSite\",\"@id\":\"https:\\\/\\\/amaelounge.com\\\/pt\\\/#website\",\"url\":\"https:\\\/\\\/amaelounge.com\\\/pt\\\/\",\"name\":\"Amae Lounge PT\",\"description\":\"Amae Lounge\",\"potentialAction\":[{\"@type\":\"SearchAction\",\"target\":{\"@type\":\"EntryPoint\",\"urlTemplate\":\"https:\\\/\\\/amaelounge.com\\\/pt\\\/?s={search_term_string}\"},\"query-input\":{\"@type\":\"PropertyValueSpecification\",\"valueRequired\":true,\"valueName\":\"search_term_string\"}}],\"inLanguage\":\"es\"}]}<\/script>\n<!-- \/ Yoast SEO plugin. -->","yoast_head_json":{"title":"Solu\u00e7\u00f5es de Neg\u00f3cios | Amae Lounge","description":"Estamos sempre em busca de parceiros para decolar e crescer juntos. Se sua empresa est\u00e1 interessada em algum dos itens a seguir, entre em contato conosco.","robots":{"index":"index","follow":"follow","max-snippet":"max-snippet:-1","max-image-preview":"max-image-preview:large","max-video-preview":"max-video-preview:-1"},"canonical":"https:\/\/amaelounge.com\/pt\/solucoes-negocios\/","og_locale":"es_ES","og_type":"article","og_title":"Solu\u00e7\u00f5es de Neg\u00f3cios | Amae Lounge","og_description":"Estamos sempre em busca de parceiros para decolar e crescer juntos. Se sua empresa est\u00e1 interessada em algum dos itens a seguir, entre em contato conosco.","og_url":"https:\/\/amaelounge.com\/pt\/solucoes-negocios\/","og_site_name":"Amae Lounge PT","article_modified_time":"2024-07-10T18:06:29+00:00","twitter_card":"summary_large_image","twitter_misc":{"Tiempo de lectura":"1 minuto"},"schema":{"@context":"https:\/\/schema.org","@graph":[{"@type":"WebPage","@id":"https:\/\/amaelounge.com\/pt\/solucoes-negocios\/","url":"https:\/\/amaelounge.com\/pt\/solucoes-negocios\/","name":"Solu\u00e7\u00f5es de Neg\u00f3cios | Amae Lounge","isPartOf":{"@id":"https:\/\/amaelounge.com\/pt\/#website"},"datePublished":"2021-10-29T11:45:20+00:00","dateModified":"2024-07-10T18:06:29+00:00","description":"Estamos sempre em busca de parceiros para decolar e crescer juntos. Se sua empresa est\u00e1 interessada em algum dos itens a seguir, entre em contato conosco.","breadcrumb":{"@id":"https:\/\/amaelounge.com\/pt\/solucoes-negocios\/#breadcrumb"},"inLanguage":"es","potentialAction":[{"@type":"ReadAction","target":["https:\/\/amaelounge.com\/pt\/solucoes-negocios\/"]}]},{"@type":"BreadcrumbList","@id":"https:\/\/amaelounge.com\/pt\/solucoes-negocios\/#breadcrumb","itemListElement":[{"@type":"ListItem","position":1,"name":"Portada","item":"https:\/\/amaelounge.com\/pt\/"},{"@type":"ListItem","position":2,"name":"Business Solutions"}]},{"@type":"WebSite","@id":"https:\/\/amaelounge.com\/pt\/#website","url":"https:\/\/amaelounge.com\/pt\/","name":"Amae Lounge PT","description":"Amae Lounge","potentialAction":[{"@type":"SearchAction","target":{"@type":"EntryPoint","urlTemplate":"https:\/\/amaelounge.com\/pt\/?s={search_term_string}"},"query-input":{"@type":"PropertyValueSpecification","valueRequired":true,"valueName":"search_term_string"}}],"inLanguage":"es"}]}},"_links":{"self":[{"href":"https:\/\/amaelounge.com\/pt\/wp-json\/wp\/v2\/pages\/298","targetHints":{"allow":["GET"]}}],"collection":[{"href":"https:\/\/amaelounge.com\/pt\/wp-json\/wp\/v2\/pages"}],"about":[{"href":"https:\/\/amaelounge.com\/pt\/wp-json\/wp\/v2\/types\/page"}],"author":[{"embeddable":true,"href":"https:\/\/amaelounge.com\/pt\/wp-json\/wp\/v2\/users\/2"}],"replies":[{"embeddable":true,"href":"https:\/\/amaelounge.com\/pt\/wp-json\/wp\/v2\/comments?post=298"}],"version-history":[{"count":10,"href":"https:\/\/amaelounge.com\/pt\/wp-json\/wp\/v2\/pages\/298\/revisions"}],"predecessor-version":[{"id":1298,"href":"https:\/\/amaelounge.com\/pt\/wp-json\/wp\/v2\/pages\/298\/revisions\/1298"}],"wp:attachment":[{"href":"https:\/\/amaelounge.com\/pt\/wp-json\/wp\/v2\/media?parent=298"}],"curies":[{"name":"wp","href":"https:\/\/api.w.org\/{rel}","templated":true}]}}