{"id":252,"date":"2021-10-29T06:42:50","date_gmt":"2021-10-29T09:42:50","guid":{"rendered":"https:\/\/amaelounge.com\/pt\/?page_id=252"},"modified":"2025-12-04T14:51:09","modified_gmt":"2025-12-04T17:51:09","slug":"sobre-nos","status":"publish","type":"page","link":"https:\/\/amaelounge.com\/pt\/sobre-nos\/","title":{"rendered":"About Us"},"content":{"rendered":"\n\t<section class=\"section pages-headers\" id=\"section_591701327\">\n\t\t<div class=\"bg section-bg fill bg-fill  bg-loaded\" >\n\n\t\t\t\n\t\t\t\n\t\t\t\n\n\t\t<\/div>\n\n\t\t\n\n\t\t<div class=\"section-content relative\">\n\t\t\t\n\n<div class=\"row row-collapse row-full-width align-bottom\"  id=\"row-201016655\">\n\n\n\t<div id=\"col-1001554902\" class=\"col medium-6 small-12 large-6\"  >\n\t\t\t\t<div class=\"col-inner\"  >\n\t\t\t\n\t\t\t\n\n\t<div class=\"img has-hover x md-x lg-x y md-y lg-y\" id=\"image_1745137679\">\n\t\t\t\t\t\t\t\t<div class=\"img-inner dark\" >\n\t\t\t<img loading=\"lazy\" decoding=\"async\" width=\"800\" height=\"350\" src=\"https:\/\/amaelounge.com\/pt\/wp-content\/uploads\/sites\/3\/2021\/10\/amae-intro-about-us-2.jpg\" class=\"attachment-original size-original\" alt=\"\" srcset=\"https:\/\/amaelounge.com\/pt\/wp-content\/uploads\/sites\/3\/2021\/10\/amae-intro-about-us-2.jpg 800w, https:\/\/amaelounge.com\/pt\/wp-content\/uploads\/sites\/3\/2021\/10\/amae-intro-about-us-2-300x131.jpg 300w, https:\/\/amaelounge.com\/pt\/wp-content\/uploads\/sites\/3\/2021\/10\/amae-intro-about-us-2-768x336.jpg 768w\" sizes=\"auto, (max-width: 800px) 100vw, 800px\" \/>\t\t\t\t\t\t\n\t\t\t\t\t<\/div>\n\t\t\t\t\t\t\t\t\n<style>\n#image_1745137679 {\n  width: 100%;\n}\n<\/style>\n\t<\/div>\n\t\n\n\n\t\t<\/div>\n\t\t\t\t\t<\/div>\n\n\t\n\n\t<div id=\"col-1693955528\" class=\"col medium-5 small-12 large-5\"  >\n\t\t\t\t<div class=\"col-inner\"  >\n\t\t\t\n\t\t\t\n\n\t<div id=\"text-2486189408\" class=\"text\">\n\t\t\n\n<h1>Sobre <strong>N\u00f3s<\/strong><\/h1>\n\t\t\n<style>\n#text-2486189408 {\n  font-size: 2.5rem;\n}\n<\/style>\n\t<\/div>\n\t\n\t<div id=\"text-447331950\" class=\"text\">\n\t\t\n\n<p class=\"\">O AMAE Lounge foi fundado em 2018 reunindo alguns dos principais profissionais de aeroportos e lounges do mundo. Com d\u00e9cadas de experi\u00eancia, oferecemos servi\u00e7os de qualidade desenvolvendo administra\u00e7\u00e3o de an\u00fancios em lounges na Am\u00e9rica Latina e no Caribe.\n<\/p>\n\t\t\n<style>\n#text-447331950 {\n  line-height: 1.3;\n}\n<\/style>\n\t<\/div>\n\t\n\n\t\t<\/div>\n\t\t\t\t\n<style>\n#col-1693955528 > .col-inner {\n  padding: 5% 5% 5% 5%;\n  max-width: 550px;\n}\n<\/style>\n\t<\/div>\n\n\t\n\n\t<div id=\"col-1371315925\" class=\"col hide-for-small medium-1 small-12 large-1\"  >\n\t\t\t\t<div class=\"col-inner\"  >\n\t\t\t\n\t\t\t\n\n\t<div id=\"text-1475482205\" class=\"text hide-for-small\">\n\t\t\n\n<p><img loading=\"lazy\" decoding=\"async\" class=\"size-full wp-image-247 alignleft\" src=\"https:\/\/amaelounge.com\/pt\/wp-content\/uploads\/sites\/3\/2021\/10\/amae_Recurso-2-80-1.jpg\" alt=\"\" width=\"30\" height=\"180\" \/><\/p>\n\t\t\t<\/div>\n\t\n\n\t\t<\/div>\n\t\t\t\t\t<\/div>\n\n\t\n\n<\/div>\n\n\t\t<\/div>\n\n\t\t\n<style>\n#section_591701327 {\n  padding-top: 30px;\n  padding-bottom: 30px;\n}\n<\/style>\n\t<\/section>\n\t\n\n\t<div id=\"gap-745988268\" class=\"gap-element clearfix hide-for-small\" style=\"display:block; height:auto;\">\n\t\t\n<style>\n#gap-745988268 {\n  padding-top: 100px;\n}\n@media (min-width:550px) {\n  #gap-745988268 {\n    padding-top: 100px;\n  }\n}\n<\/style>\n\t<\/div>\n\t\n\n\t<section class=\"section\" id=\"section_1196053063\">\n\t\t<div class=\"bg section-bg fill bg-fill  bg-loaded\" >\n\n\t\t\t\n\t\t\t\n\t\t\t\n\n\t\t<\/div>\n\n\t\t\n\n\t\t<div class=\"section-content relative\">\n\t\t\t\n\n<div class=\"row row-collapse align-middle\"  id=\"row-1442753279\">\n\n\n\t<div id=\"col-11362400\" class=\"col medium-6 small-12 large-6\"  >\n\t\t\t\t<div class=\"col-inner\"  >\n\t\t\t\n\t\t\t\n\n\t<div id=\"text-731069845\" class=\"text hide-for-small\">\n\t\t\n\n<p>Nos preocupamos com a qualidade e com a responsabilidade. A AMAE Lounge \u00e9 certificada pela ISO 9001 e oferece a melhor experi\u00eancia do cliente em sua classe. Tamb\u00e9m assumimos o compromisso genu\u00edno de ser o primeiro operador de salas VIP verdadeiramente sustent\u00e1vel e inclusivo do mundo e voc\u00ea pode saber mais sobre isso <a href=\"#\">aqui. <\/a><\/p>\n\t\t\t<\/div>\n\t\n\n\t\t<\/div>\n\t\t\t\t\n<style>\n#col-11362400 > .col-inner {\n  padding: 0px 20px 0px 20px;\n}\n@media (min-width:550px) {\n  #col-11362400 > .col-inner {\n    padding: 0px 0px 0px 0px;\n  }\n}\n<\/style>\n\t<\/div>\n\n\t\n\n\t<div id=\"col-1437933709\" class=\"col medium-6 small-12 large-6\"  >\n\t\t\t\t<div class=\"col-inner\"  >\n\t\t\t\n\t\t\t\n\n<p><img loading=\"lazy\" decoding=\"async\" class=\"size-full wp-image-1302 alignleft\" src=\"https:\/\/amaelounge.com\/pt\/wp-content\/uploads\/sites\/3\/2021\/10\/amae-content-aboutus-1.jpg\" alt=\"\" width=\"578\" height=\"237\" srcset=\"https:\/\/amaelounge.com\/pt\/wp-content\/uploads\/sites\/3\/2021\/10\/amae-content-aboutus-1.jpg 578w, https:\/\/amaelounge.com\/pt\/wp-content\/uploads\/sites\/3\/2021\/10\/amae-content-aboutus-1-300x123.jpg 300w\" sizes=\"auto, (max-width: 578px) 100vw, 578px\" \/><\/p>\n\t<div id=\"text-1081168218\" class=\"text show-for-small\">\n\t\t\n\n<p style=\"padding: 0 20px\">Nos preocupamos com a qualidade e com a responsabilidade. A AMAE Lounge \u00e9 certificada pela ISO 9001 e oferece a melhor experi\u00eancia do cliente em sua classe. Tamb\u00e9m assumimos o compromisso genu\u00edno de ser o primeiro operador de salas VIP verdadeiramente sustent\u00e1vel e inclusivo do mundo e voc\u00ea pode saber mais sobre isso aqui.<\/p>\n\t\t\t<\/div>\n\t\n\n\t\t<\/div>\n\t\t\t\t\t<\/div>\n\n\t\n\n<\/div>\n<div class=\"row row-collapse align-bottom\"  id=\"row-1107407285\">\n\n\n\t<div id=\"col-1007793984\" class=\"col medium-6 small-12 large-6\"  >\n\t\t\t\t<div class=\"col-inner\"  >\n\t\t\t\n\t\t\t\n\n<p><img loading=\"lazy\" decoding=\"async\" class=\"size-full wp-image-1303 alignleft\" src=\"https:\/\/amaelounge.com\/pt\/wp-content\/uploads\/sites\/3\/2021\/10\/amae-content-aboutus-2.jpg\" alt=\"\" width=\"542\" height=\"258\" srcset=\"https:\/\/amaelounge.com\/pt\/wp-content\/uploads\/sites\/3\/2021\/10\/amae-content-aboutus-2.jpg 542w, https:\/\/amaelounge.com\/pt\/wp-content\/uploads\/sites\/3\/2021\/10\/amae-content-aboutus-2-300x143.jpg 300w\" sizes=\"auto, (max-width: 542px) 100vw, 542px\" \/><\/p>\n\n\t\t<\/div>\n\t\t\t\t\t<\/div>\n\n\t\n\n\t<div id=\"col-1957654523\" class=\"col medium-6 small-12 large-6\"  >\n\t\t\t\t<div class=\"col-inner\"  >\n\t\t\t\n\t\t\t\n\n<p>\nNossa empresa parceira CrossRacer tem mais de 30 anos de experi\u00eancia na Argentina oferecendo v\u00e1rios servi\u00e7os para companhias a\u00e9reas, aeroportos e seus passageiros e tem a confian\u00e7a de alguns dos maiores nomes da ind\u00fastria e nosso cofundador est\u00e1 envolvido no desenvolvimento de algumas das salas de espera de aeroporto mais premiadas e aclamadas.<\/p>\n\n\t\t<\/div>\n\t\t\t\t\n<style>\n#col-1957654523 > .col-inner {\n  padding: 0px 20px 0px 20px;\n}\n@media (min-width:550px) {\n  #col-1957654523 > .col-inner {\n    padding: 0 0px 0px 0px;\n  }\n}\n<\/style>\n\t<\/div>\n\n\t\n\n<\/div>\n\n\t\t<\/div>\n\n\t\t\n<style>\n#section_1196053063 {\n  padding-top: 0px;\n  padding-bottom: 0px;\n}\n<\/style>\n\t<\/section>\n\t\n\t<div id=\"gap-1222207411\" class=\"gap-element clearfix\" style=\"display:block; height:auto;\">\n\t\t\n<style>\n#gap-1222207411 {\n  padding-top: 100px;\n}\n@media (min-width:550px) {\n  #gap-1222207411 {\n    padding-top: 100px;\n  }\n}\n<\/style>\n\t<\/div>\n\t\n\n\t<section class=\"section\" id=\"section_76143853\">\n\t\t<div class=\"bg section-bg fill bg-fill  bg-loaded\" >\n\n\t\t\t\n\t\t\t\n\t\t\t\n\n\t\t<\/div>\n\n\t\t\n\n\t\t<div class=\"section-content relative\">\n\t\t\t\n\n<div class=\"row row-large\"  id=\"row-1513315519\">\n\n\n\t<div id=\"col-1030004596\" class=\"col medium-7 small-12 large-7\"  >\n\t\t\t\t<div class=\"col-inner\"  >\n\t\t\t\n\t\t\t\n\n\t<div id=\"text-679582598\" class=\"text\">\n\t\t\n\n<h2><strong>Acreditamos que todos os viajantes merecem o melhor, n\u00e3o importa onde estejam no mundo.<br>\n<\/strong><\/h2>\n\t\t\n<style>\n#text-679582598 {\n  font-size: 1.35rem;\n}\n<\/style>\n\t<\/div>\n\t\n<div class=\"is-divider divider clearfix\" style=\"max-width:100%;height:1px;background-color:rgb(231, 192, 185);\"><\/div>\n\n<p>Nossa pol\u00edtica de qualidade concentra-se em oferecer servi\u00e7os consistentes e de excel\u00eancia, atendendo aos requisitos aplic\u00e1veis e garantindo uma experi\u00eancia plenamente satisfat\u00f3ria aos passageiros. Buscamos superar as expectativas de nossos clientes. Para isso, investimos continuamente no treinamento de nossa equipe, garantindo um atendimento cada vez melhor. Tamb\u00e9m desenvolvemos rela\u00e7\u00f5es s\u00f3lidas com nossos fornecedores, promovendo a melhoria cont\u00ednua de nossos servi\u00e7os.<\/p>\n\n\t\t<\/div>\n\t\t\t\t\t<\/div>\n\n\t\n\n\t<div id=\"col-931183353\" class=\"col medium-5 small-12 large-5\"  >\n\t\t\t\t<div class=\"col-inner\"  >\n\t\t\t\n\t\t\t\n\n\t<div class=\"img has-hover x md-x lg-x y md-y lg-y\" id=\"image_1495013609\">\n\t\t\t\t\t\t\t\t<div class=\"img-inner dark\" >\n\t\t\t<img loading=\"lazy\" decoding=\"async\" width=\"1965\" height=\"725\" src=\"https:\/\/amaelounge.com\/pt\/wp-content\/uploads\/sites\/3\/2025\/12\/TR-Testmark_9108652313_EN_CMYK_with-QR-Code.jpg\" class=\"attachment-original size-original\" alt=\"\" srcset=\"https:\/\/amaelounge.com\/pt\/wp-content\/uploads\/sites\/3\/2025\/12\/TR-Testmark_9108652313_EN_CMYK_with-QR-Code.jpg 1965w, https:\/\/amaelounge.com\/pt\/wp-content\/uploads\/sites\/3\/2025\/12\/TR-Testmark_9108652313_EN_CMYK_with-QR-Code-300x111.jpg 300w, https:\/\/amaelounge.com\/pt\/wp-content\/uploads\/sites\/3\/2025\/12\/TR-Testmark_9108652313_EN_CMYK_with-QR-Code-1024x378.jpg 1024w, https:\/\/amaelounge.com\/pt\/wp-content\/uploads\/sites\/3\/2025\/12\/TR-Testmark_9108652313_EN_CMYK_with-QR-Code-768x283.jpg 768w, https:\/\/amaelounge.com\/pt\/wp-content\/uploads\/sites\/3\/2025\/12\/TR-Testmark_9108652313_EN_CMYK_with-QR-Code-1536x567.jpg 1536w\" sizes=\"auto, (max-width: 1965px) 100vw, 1965px\" \/>\t\t\t\t\t\t\n\t\t\t\t\t<\/div>\n\t\t\t\t\t\t\t\t\n<style>\n#image_1495013609 {\n  width: 100%;\n}\n@media (min-width:550px) {\n  #image_1495013609 {\n    width: 70%;\n  }\n}\n<\/style>\n\t<\/div>\n\t\n\n\n\t\t<\/div>\n\t\t\t\t\t<\/div>\n\n\t\n\n<\/div>\n\t<div id=\"text-3192346844\" class=\"text hide-for-small\">\n\t\t\n\n<p><img loading=\"lazy\" decoding=\"async\" class=\"size-full wp-image-266 alignnone\" src=\"https:\/\/amaelounge.com\/pt\/wp-content\/uploads\/sites\/3\/2021\/10\/amae_Recurso-6-80.jpg\" alt=\"\" width=\"180\" height=\"28\" style=\"position: absolute;top: 20%;right: 0\"><\/p>\n\t\t\t<\/div>\n\t\n\n\t\t<\/div>\n\n\t\t\n<style>\n#section_76143853 {\n  padding-top: 30px;\n  padding-bottom: 30px;\n}\n<\/style>\n\t<\/section>\n\t\n\t<div id=\"gap-1864284739\" class=\"gap-element clearfix\" style=\"display:block; height:auto;\">\n\t\t\n<style>\n#gap-1864284739 {\n  padding-top: 30px;\n}\n<\/style>\n\t<\/div>\n\t\n\n\n","protected":false},"excerpt":{"rendered":"","protected":false},"author":2,"featured_media":0,"parent":0,"menu_order":0,"comment_status":"closed","ping_status":"closed","template":"page-blank.php","meta":{"inline_featured_image":false,"footnotes":""},"class_list":["post-252","page","type-page","status-publish","hentry"],"yoast_head":"<!-- This site is optimized with the Yoast SEO plugin v27.4 - https:\/\/yoast.com\/product\/yoast-seo-wordpress\/ -->\n<title>Sobre N\u00f3s | Amae Lounge<\/title>\n<meta name=\"description\" content=\"O AMAE Lounge foi fundado em 2018 reunindo alguns dos principais profissionais de aeroportos e lounges do mundo. Com d\u00e9cadas de experi\u00eancia, oferecemos servi\u00e7os de qualidade desenvolvendo administra\u00e7\u00e3o de an\u00fancios em lounges na Am\u00e9rica Latina e no Caribe.\" \/>\n<meta name=\"robots\" content=\"index, follow, max-snippet:-1, max-image-preview:large, max-video-preview:-1\" \/>\n<link rel=\"canonical\" href=\"https:\/\/amaelounge.com\/pt\/sobre-nos\/\" \/>\n<meta property=\"og:locale\" content=\"es_ES\" \/>\n<meta property=\"og:type\" content=\"article\" \/>\n<meta property=\"og:title\" content=\"Sobre N\u00f3s | Amae Lounge\" \/>\n<meta property=\"og:description\" content=\"O AMAE Lounge foi fundado em 2018 reunindo alguns dos principais profissionais de aeroportos e lounges do mundo. Com d\u00e9cadas de experi\u00eancia, oferecemos servi\u00e7os de qualidade desenvolvendo administra\u00e7\u00e3o de an\u00fancios em lounges na Am\u00e9rica Latina e no Caribe.\" \/>\n<meta property=\"og:url\" content=\"https:\/\/amaelounge.com\/pt\/sobre-nos\/\" \/>\n<meta property=\"og:site_name\" content=\"Amae Lounge PT\" \/>\n<meta property=\"article:modified_time\" content=\"2025-12-04T17:51:09+00:00\" \/>\n<meta property=\"og:image\" content=\"https:\/\/amaelounge.com\/pt\/wp-content\/uploads\/sites\/3\/2021\/10\/amae-content-aboutus-1.jpg\" \/>\n<meta name=\"twitter:card\" content=\"summary_large_image\" \/>\n<script type=\"application\/ld+json\" class=\"yoast-schema-graph\">{\"@context\":\"https:\\\/\\\/schema.org\",\"@graph\":[{\"@type\":\"WebPage\",\"@id\":\"https:\\\/\\\/amaelounge.com\\\/pt\\\/sobre-nos\\\/\",\"url\":\"https:\\\/\\\/amaelounge.com\\\/pt\\\/sobre-nos\\\/\",\"name\":\"Sobre N\u00f3s | Amae Lounge\",\"isPartOf\":{\"@id\":\"https:\\\/\\\/amaelounge.com\\\/pt\\\/#website\"},\"primaryImageOfPage\":{\"@id\":\"https:\\\/\\\/amaelounge.com\\\/pt\\\/sobre-nos\\\/#primaryimage\"},\"image\":{\"@id\":\"https:\\\/\\\/amaelounge.com\\\/pt\\\/sobre-nos\\\/#primaryimage\"},\"thumbnailUrl\":\"https:\\\/\\\/amaelounge.com\\\/pt\\\/wp-content\\\/uploads\\\/sites\\\/3\\\/2021\\\/10\\\/amae-content-aboutus-1.jpg\",\"datePublished\":\"2021-10-29T09:42:50+00:00\",\"dateModified\":\"2025-12-04T17:51:09+00:00\",\"description\":\"O AMAE Lounge foi fundado em 2018 reunindo alguns dos principais profissionais de aeroportos e lounges do mundo. Com d\u00e9cadas de experi\u00eancia, oferecemos servi\u00e7os de qualidade desenvolvendo administra\u00e7\u00e3o de an\u00fancios em lounges na Am\u00e9rica Latina e no Caribe.\",\"breadcrumb\":{\"@id\":\"https:\\\/\\\/amaelounge.com\\\/pt\\\/sobre-nos\\\/#breadcrumb\"},\"inLanguage\":\"es\",\"potentialAction\":[{\"@type\":\"ReadAction\",\"target\":[\"https:\\\/\\\/amaelounge.com\\\/pt\\\/sobre-nos\\\/\"]}]},{\"@type\":\"ImageObject\",\"inLanguage\":\"es\",\"@id\":\"https:\\\/\\\/amaelounge.com\\\/pt\\\/sobre-nos\\\/#primaryimage\",\"url\":\"https:\\\/\\\/amaelounge.com\\\/pt\\\/wp-content\\\/uploads\\\/sites\\\/3\\\/2021\\\/10\\\/amae-content-aboutus-1.jpg\",\"contentUrl\":\"https:\\\/\\\/amaelounge.com\\\/pt\\\/wp-content\\\/uploads\\\/sites\\\/3\\\/2021\\\/10\\\/amae-content-aboutus-1.jpg\",\"width\":578,\"height\":237},{\"@type\":\"BreadcrumbList\",\"@id\":\"https:\\\/\\\/amaelounge.com\\\/pt\\\/sobre-nos\\\/#breadcrumb\",\"itemListElement\":[{\"@type\":\"ListItem\",\"position\":1,\"name\":\"Portada\",\"item\":\"https:\\\/\\\/amaelounge.com\\\/pt\\\/\"},{\"@type\":\"ListItem\",\"position\":2,\"name\":\"About Us\"}]},{\"@type\":\"WebSite\",\"@id\":\"https:\\\/\\\/amaelounge.com\\\/pt\\\/#website\",\"url\":\"https:\\\/\\\/amaelounge.com\\\/pt\\\/\",\"name\":\"Amae Lounge PT\",\"description\":\"Amae Lounge\",\"potentialAction\":[{\"@type\":\"SearchAction\",\"target\":{\"@type\":\"EntryPoint\",\"urlTemplate\":\"https:\\\/\\\/amaelounge.com\\\/pt\\\/?s={search_term_string}\"},\"query-input\":{\"@type\":\"PropertyValueSpecification\",\"valueRequired\":true,\"valueName\":\"search_term_string\"}}],\"inLanguage\":\"es\"}]}<\/script>\n<!-- \/ Yoast SEO plugin. -->","yoast_head_json":{"title":"Sobre N\u00f3s | Amae Lounge","description":"O AMAE Lounge foi fundado em 2018 reunindo alguns dos principais profissionais de aeroportos e lounges do mundo. Com d\u00e9cadas de experi\u00eancia, oferecemos servi\u00e7os de qualidade desenvolvendo administra\u00e7\u00e3o de an\u00fancios em lounges na Am\u00e9rica Latina e no Caribe.","robots":{"index":"index","follow":"follow","max-snippet":"max-snippet:-1","max-image-preview":"max-image-preview:large","max-video-preview":"max-video-preview:-1"},"canonical":"https:\/\/amaelounge.com\/pt\/sobre-nos\/","og_locale":"es_ES","og_type":"article","og_title":"Sobre N\u00f3s | Amae Lounge","og_description":"O AMAE Lounge foi fundado em 2018 reunindo alguns dos principais profissionais de aeroportos e lounges do mundo. Com d\u00e9cadas de experi\u00eancia, oferecemos servi\u00e7os de qualidade desenvolvendo administra\u00e7\u00e3o de an\u00fancios em lounges na Am\u00e9rica Latina e no Caribe.","og_url":"https:\/\/amaelounge.com\/pt\/sobre-nos\/","og_site_name":"Amae Lounge PT","article_modified_time":"2025-12-04T17:51:09+00:00","og_image":[{"url":"https:\/\/amaelounge.com\/pt\/wp-content\/uploads\/sites\/3\/2021\/10\/amae-content-aboutus-1.jpg","type":"","width":"","height":""}],"twitter_card":"summary_large_image","schema":{"@context":"https:\/\/schema.org","@graph":[{"@type":"WebPage","@id":"https:\/\/amaelounge.com\/pt\/sobre-nos\/","url":"https:\/\/amaelounge.com\/pt\/sobre-nos\/","name":"Sobre N\u00f3s | Amae Lounge","isPartOf":{"@id":"https:\/\/amaelounge.com\/pt\/#website"},"primaryImageOfPage":{"@id":"https:\/\/amaelounge.com\/pt\/sobre-nos\/#primaryimage"},"image":{"@id":"https:\/\/amaelounge.com\/pt\/sobre-nos\/#primaryimage"},"thumbnailUrl":"https:\/\/amaelounge.com\/pt\/wp-content\/uploads\/sites\/3\/2021\/10\/amae-content-aboutus-1.jpg","datePublished":"2021-10-29T09:42:50+00:00","dateModified":"2025-12-04T17:51:09+00:00","description":"O AMAE Lounge foi fundado em 2018 reunindo alguns dos principais profissionais de aeroportos e lounges do mundo. Com d\u00e9cadas de experi\u00eancia, oferecemos servi\u00e7os de qualidade desenvolvendo administra\u00e7\u00e3o de an\u00fancios em lounges na Am\u00e9rica Latina e no Caribe.","breadcrumb":{"@id":"https:\/\/amaelounge.com\/pt\/sobre-nos\/#breadcrumb"},"inLanguage":"es","potentialAction":[{"@type":"ReadAction","target":["https:\/\/amaelounge.com\/pt\/sobre-nos\/"]}]},{"@type":"ImageObject","inLanguage":"es","@id":"https:\/\/amaelounge.com\/pt\/sobre-nos\/#primaryimage","url":"https:\/\/amaelounge.com\/pt\/wp-content\/uploads\/sites\/3\/2021\/10\/amae-content-aboutus-1.jpg","contentUrl":"https:\/\/amaelounge.com\/pt\/wp-content\/uploads\/sites\/3\/2021\/10\/amae-content-aboutus-1.jpg","width":578,"height":237},{"@type":"BreadcrumbList","@id":"https:\/\/amaelounge.com\/pt\/sobre-nos\/#breadcrumb","itemListElement":[{"@type":"ListItem","position":1,"name":"Portada","item":"https:\/\/amaelounge.com\/pt\/"},{"@type":"ListItem","position":2,"name":"About Us"}]},{"@type":"WebSite","@id":"https:\/\/amaelounge.com\/pt\/#website","url":"https:\/\/amaelounge.com\/pt\/","name":"Amae Lounge PT","description":"Amae Lounge","potentialAction":[{"@type":"SearchAction","target":{"@type":"EntryPoint","urlTemplate":"https:\/\/amaelounge.com\/pt\/?s={search_term_string}"},"query-input":{"@type":"PropertyValueSpecification","valueRequired":true,"valueName":"search_term_string"}}],"inLanguage":"es"}]}},"_links":{"self":[{"href":"https:\/\/amaelounge.com\/pt\/wp-json\/wp\/v2\/pages\/252","targetHints":{"allow":["GET"]}}],"collection":[{"href":"https:\/\/amaelounge.com\/pt\/wp-json\/wp\/v2\/pages"}],"about":[{"href":"https:\/\/amaelounge.com\/pt\/wp-json\/wp\/v2\/types\/page"}],"author":[{"embeddable":true,"href":"https:\/\/amaelounge.com\/pt\/wp-json\/wp\/v2\/users\/2"}],"replies":[{"embeddable":true,"href":"https:\/\/amaelounge.com\/pt\/wp-json\/wp\/v2\/comments?post=252"}],"version-history":[{"count":10,"href":"https:\/\/amaelounge.com\/pt\/wp-json\/wp\/v2\/pages\/252\/revisions"}],"predecessor-version":[{"id":1713,"href":"https:\/\/amaelounge.com\/pt\/wp-json\/wp\/v2\/pages\/252\/revisions\/1713"}],"wp:attachment":[{"href":"https:\/\/amaelounge.com\/pt\/wp-json\/wp\/v2\/media?parent=252"}],"curies":[{"name":"wp","href":"https:\/\/api.w.org\/{rel}","templated":true}]}}