{"id":227,"date":"2021-10-28T15:51:33","date_gmt":"2021-10-28T18:51:33","guid":{"rendered":"https:\/\/amaelounge.com\/pt\/?page_id=227"},"modified":"2025-04-10T11:50:26","modified_gmt":"2025-04-10T14:50:26","slug":"acesso-lounge","status":"publish","type":"page","link":"https:\/\/amaelounge.com\/pt\/acesso-lounge\/","title":{"rendered":"Lounge Access"},"content":{"rendered":"\n\t<section class=\"section pages-headers\" id=\"section_804551999\">\n\t\t<div class=\"bg section-bg fill bg-fill  bg-loaded\" >\n\n\t\t\t\n\t\t\t\n\t\t\t\n\n\t\t<\/div>\n\n\t\t\n\n\t\t<div class=\"section-content relative\">\n\t\t\t\n\n<div class=\"row row-collapse row-full-width align-bottom\"  id=\"row-1217696115\">\n\n\n\t<div id=\"col-1857766166\" class=\"col medium-6 small-12 large-6\"  >\n\t\t\t\t<div class=\"col-inner\"  >\n\t\t\t\n\t\t\t\n\n\t<div class=\"img has-hover x md-x lg-x y md-y lg-y\" id=\"image_613747521\">\n\t\t\t\t\t\t\t\t<div class=\"img-inner dark\" >\n\t\t\t<img loading=\"lazy\" decoding=\"async\" width=\"800\" height=\"350\" src=\"https:\/\/amaelounge.com\/pt\/wp-content\/uploads\/sites\/3\/2021\/12\/loungeacess-nuevo-header.jpg\" class=\"attachment-original size-original\" alt=\"\" srcset=\"https:\/\/amaelounge.com\/pt\/wp-content\/uploads\/sites\/3\/2021\/12\/loungeacess-nuevo-header.jpg 800w, https:\/\/amaelounge.com\/pt\/wp-content\/uploads\/sites\/3\/2021\/12\/loungeacess-nuevo-header-300x131.jpg 300w, https:\/\/amaelounge.com\/pt\/wp-content\/uploads\/sites\/3\/2021\/12\/loungeacess-nuevo-header-768x336.jpg 768w\" sizes=\"auto, (max-width: 800px) 100vw, 800px\" \/>\t\t\t\t\t\t\n\t\t\t\t\t<\/div>\n\t\t\t\t\t\t\t\t\n<style>\n#image_613747521 {\n  width: 100%;\n}\n<\/style>\n\t<\/div>\n\t\n\n\n\t\t<\/div>\n\t\t\t\t\t<\/div>\n\n\t\n\n\t<div id=\"col-1192721546\" class=\"col medium-5 small-12 large-5\"  >\n\t\t\t\t<div class=\"col-inner\"  >\n\t\t\t\n\t\t\t\n\n\t<div id=\"text-1368383240\" class=\"text\">\n\t\t\n\n<h1><strong>Acesso <\/strong>ao Lounge<\/h1>\n\t\t\n<style>\n#text-1368383240 {\n  font-size: 2.12rem;\n}\n<\/style>\n\t<\/div>\n\t\n\t<div id=\"text-1808302433\" class=\"text\">\n\t\t\n\n<p class=\"lead\">Queremos facilitar ao m\u00e1ximo o acesso aos nossos lounges, independentemente da companhia a\u00e9rea ou da cabine em que voc\u00ea esteja voando. Descubra quais op\u00e7\u00f5es podem ajud\u00e1-lo.<\/p>\n\n\t\t\n<style>\n#text-1808302433 {\n  line-height: 1.3;\n}\n<\/style>\n\t<\/div>\n\t\n\n\t\t<\/div>\n\t\t\t\t\n<style>\n#col-1192721546 > .col-inner {\n  padding: 5% 5% 5% 5%;\n  max-width: 550px;\n}\n<\/style>\n\t<\/div>\n\n\t\n\n\t<div id=\"col-264161265\" class=\"col hide-for-small medium-1 small-12 large-1\"  >\n\t\t\t\t<div class=\"col-inner\"  >\n\t\t\t\n\t\t\t\n\n\t<div id=\"text-747324461\" class=\"text hide-for-small\">\n\t\t\n\n<p><img loading=\"lazy\" decoding=\"async\" class=\"size-full wp-image-217 alignleft\" src=\"https:\/\/amaelounge.com\/pt\/wp-content\/uploads\/sites\/3\/2021\/10\/amae_Recurso-1-81.jpg\" alt=\"\" width=\"30\" height=\"160\" \/><\/p>\n\t\t\t<\/div>\n\t\n\n\t\t<\/div>\n\t\t\t\t\t<\/div>\n\n\t\n\n<\/div>\n\n\t\t<\/div>\n\n\t\t\n<style>\n#section_804551999 {\n  padding-top: 30px;\n  padding-bottom: 30px;\n}\n<\/style>\n\t<\/section>\n\t\n\n\n\t<div id=\"gap-1092896996\" class=\"gap-element clearfix hide-for-small\" style=\"display:block; height:auto;\">\n\t\t\n<style>\n#gap-1092896996 {\n  padding-top: 30px;\n}\n<\/style>\n\t<\/div>\n\t\n\n\t<section class=\"section\" id=\"section_664441589\">\n\t\t<div class=\"bg section-bg fill bg-fill  bg-loaded\" >\n\n\t\t\t\n\t\t\t\n\t\t\t\n\n\t\t<\/div>\n\n\t\t\n\n\t\t<div class=\"section-content relative\">\n\t\t\t\n\n<div class=\"row row-large\"  id=\"row-1999981823\">\n\n\n\t<div id=\"col-732028322\" class=\"col medium-4 small-12 large-4\"  >\n\t\t\t\t<div class=\"col-inner\"  >\n\t\t\t\n\t\t\t\n\n\t<div id=\"text-3093758757\" class=\"text\">\n\t\t\n\n<h2><span data-text-color=\"success\"><strong>Premium Pass Online<\/strong><\/span><\/h2>\n\t\t\n<style>\n#text-3093758757 {\n  font-size: 1.75rem;\n}\n<\/style>\n\t<\/div>\n\t\n<p>Convidamos os viajantes a comprar um passe de lounge \u00fanico diretamente conosco aqui.<\/p>\n<a href=\"https:\/\/reservas.amaelounge.com\/\" class=\"button alert\"  >\n    <span>COMPRE AGORA!<\/span>\n  <\/a>\n\n\n\n\t\t<\/div>\n\t\t\t\t\t<\/div>\n\n\t\n\n\t<div id=\"col-1668966326\" class=\"col medium-8 small-12 large-8\"  >\n\t\t\t\t<div class=\"col-inner\"  >\n\t\t\t\n\t\t\t\n\n<p>Seu Passe Premium para entrar na maioria de nossos lounges pode ser adquirido em nosso site. Esta \u00e9 a op\u00e7\u00e3o perfeita se voc\u00ea viaja pouco ou deseja iniciar uma viagem especial para voc\u00ea ou seus entes queridos conosco.<\/p>\n<p>Depois de selecionar o lounge que deseja visitar junto com a data da viagem e o hor\u00e1rio aproximado de sua visita, concluir o pagamento online e voc\u00ea receber\u00e1 seu Passe Premium por e-mail para apresentar quando chegar ao lounge.<\/p>\n<p>Se voc\u00ea deseja pagar em pesos argentinos atrav\u00e9s de nossa plataforma MercadoPago, depois de selecionar a op\u00e7\u00e3o \u00abARS\u00bb no formul\u00e1rio de reserva antes de iniciar. Todos os pre\u00e7os incluem IVA. Observe que os pagamentos feitos em USD ou EUR com cart\u00f5es argentinos podem incorrer em impostos locais adicionais e reten\u00e7\u00f5es.<\/p>\n<p>Caso seus planos mudem, entre em contato conosco para reagendar sua visita para outro momento. Cada passe pode ser usado apenas uma vez.<\/p>\n<p>Crian\u00e7as menores de 2 anos acompanhadas por um adulto com um Premium Pass v\u00e1lido podem entrar gratuitamente.<\/p>\n\n\t\t<\/div>\n\t\t\t\t\t<\/div>\n\n\t\n\n<\/div>\n\n\t\t<\/div>\n\n\t\t\n<style>\n#section_664441589 {\n  padding-top: 30px;\n  padding-bottom: 30px;\n}\n<\/style>\n\t<\/section>\n\t\n<div class=\"text-center\"><div class=\"is-divider divider clearfix\" style=\"max-width:1200px;height:1px;background-color:rgb(182, 156, 99);\"><\/div><\/div>\n\n\t<div id=\"gap-1187711742\" class=\"gap-element clearfix\" style=\"display:block; height:auto;\">\n\t\t\n<style>\n#gap-1187711742 {\n  padding-top: 30px;\n}\n<\/style>\n\t<\/div>\n\t\n\n\n\t<div id=\"gap-998023801\" class=\"gap-element clearfix hidden\" style=\"display:block; height:auto;\">\n\t\t\n<style>\n#gap-998023801 {\n  padding-top: 30px;\n}\n<\/style>\n\t<\/div>\n\t\n\n\t<section class=\"section\" id=\"section_1856940179\">\n\t\t<div class=\"bg section-bg fill bg-fill  bg-loaded\" >\n\n\t\t\t\n\t\t\t\n\t\t\t\n\n\t\t<\/div>\n\n\t\t\n\n\t\t<div class=\"section-content relative\">\n\t\t\t\n\n<div class=\"row row-large\"  id=\"row-598845460\">\n\n\n\t<div id=\"col-1036612432\" class=\"col medium-4 small-12 large-4\"  >\n\t\t\t\t<div class=\"col-inner\"  >\n\t\t\t\n\t\t\t\n\n\t<div id=\"text-2274861788\" class=\"text\">\n\t\t\n\n<h2><span data-text-color=\"success\"><strong>Grupos &amp; Reservas VIP<\/strong><\/span><\/h2>\n\t\t\n<style>\n#text-2274861788 {\n  font-size: 1.75rem;\n}\n<\/style>\n\t<\/div>\n\t\n\n\t\t<\/div>\n\t\t\t\t\t<\/div>\n\n\t\n\n\t<div id=\"col-633204785\" class=\"col medium-8 small-12 large-8\"  >\n\t\t\t\t<div class=\"col-inner\"  >\n\t\t\t\n\t\t\t\n\n<p>Se voc\u00ea estiver viajando com um grupo ou precisar de privacidade adicional, entre em contato conosco para discutir as solu\u00e7\u00f5es que podemos oferecer, incluindo acesso ao nosso espa\u00e7o VIP.<\/p>\n\n\t\t<\/div>\n\t\t\t\t\t<\/div>\n\n\t\n\n<\/div>\n\n\t\t<\/div>\n\n\t\t\n<style>\n#section_1856940179 {\n  padding-top: 30px;\n  padding-bottom: 30px;\n}\n<\/style>\n\t<\/section>\n\t\n<div class=\"text-center\"><div class=\"is-divider divider clearfix\" style=\"max-width:1200px;height:1px;background-color:rgb(182, 156, 99);\"><\/div><\/div>\n\n\t<div id=\"gap-1130269808\" class=\"gap-element clearfix\" style=\"display:block; height:auto;\">\n\t\t\n<style>\n#gap-1130269808 {\n  padding-top: 30px;\n}\n<\/style>\n\t<\/div>\n\t\n\n\t<section class=\"section\" id=\"section_1377787355\">\n\t\t<div class=\"bg section-bg fill bg-fill  bg-loaded\" >\n\n\t\t\t\n\t\t\t\n\t\t\t\n\n\t\t<\/div>\n\n\t\t\n\n\t\t<div class=\"section-content relative\">\n\t\t\t\n\n<div class=\"row row-large\"  id=\"row-57375491\">\n\n\n\t<div id=\"col-189140391\" class=\"col medium-4 small-12 large-4\"  >\n\t\t\t\t<div class=\"col-inner\"  >\n\t\t\t\n\t\t\t\n\n\t<div id=\"text-1623974818\" class=\"text\">\n\t\t\n\n<h2><span data-text-color=\"success\"><strong>Cart\u00f5es e programas afiliados<br>\n<\/strong><\/span><\/h2>\n\t\t\n<style>\n#text-1623974818 {\n  font-size: 1.75rem;\n}\n<\/style>\n\t<\/div>\n\t\n\n\t\t<\/div>\n\t\t\t\t\t<\/div>\n\n\t\n\n\t<div id=\"col-755582855\" class=\"col medium-8 small-12 large-8\"  >\n\t\t\t\t<div class=\"col-inner\"  >\n\t\t\t\n\t\t\t\n\n<p class=\"p1\"><span class=\"s1\">Damos as boas-vindas aos membros e titulares de programas afiliados, que oferecem acesso a mais de mil sal\u00f5es em todo o mundo e, muitas vezes, muitos cart\u00f5es de cr\u00e9dito premium e bancos oferecem associa\u00e7\u00f5es gratuitas a esses programas.<\/span><\/p>\n<p class=\"p2\"><span class=\"s2\">Os acordos atuais podem variar entre nossos sal\u00f5es. Por este motivo, recomendamos que consulte a p\u00e1gina sobre as <a href=\"https:\/\/amaelounge.com\/pt\/nossos-lounges\/\">Nossos Lounges<\/a>, para saber quais os acordos em vigor, dependendo da sala a que pretende aceder. Al\u00e9m disso, cada programa \u00e9 diferente, por isso sugerimos consultar diretamente seu banco ou programa de <\/span><span class=\"s1\">ades\u00e3o<\/span><span class=\"s2\"> para saber mais sobre seus benef\u00edcios, termos e condi\u00e7\u00f5es espec\u00edficos e como us\u00e1-los.<\/span><\/p>\n<p class=\"p2\"><span class=\"s2\">Os membros desses programas podem trazer convidados de acordo com sua <\/span><span class=\"s1\">ades\u00e3o<\/span><span class=\"s2\">. Tenha em aten\u00e7\u00e3o que todas as crian\u00e7as com mais de 2 anos contam como convidados e que os beb\u00e9s com menos de 2 anos ter\u00e3o sempre entrada gratuita. Em todos os casos, a perman\u00eancia m\u00e1xima nos quartos \u00e9 de tr\u00eas horas.<\/span><\/p>\n<p class=\"p2\"><span class=\"s2\">Para entrar,<\/span><span class=\"s1\"> voc\u00ea precisar\u00e1 apresentar sua credencial de associado f\u00edsica ou digital especificada por seu programa, al\u00e9m de seu cart\u00e3o de embarque com o mesmo nome<\/span><span class=\"s2\">. Recomendamos que voc\u00ea baixe e ative seu crach\u00e1 digital antes de viajar, para evitar transtornos no aeroporto. Voc\u00ea n\u00e3o poder\u00e1 acessar nossas salas com<span class=\"Apple-converted-space\">\u00a0 <\/span>credencial inv\u00e1lida ou n\u00e3o estiver ativa.<\/span><\/p>\n\n\n\t\t<\/div>\n\t\t\t\t\t<\/div>\n\n\t\n\n<\/div>\n\n\t\t<\/div>\n\n\t\t\n<style>\n#section_1377787355 {\n  padding-top: 30px;\n  padding-bottom: 30px;\n}\n<\/style>\n\t<\/section>\n\t\n\t<div id=\"gap-770519456\" class=\"gap-element clearfix\" style=\"display:block; height:auto;\">\n\t\t\n<style>\n#gap-770519456 {\n  padding-top: 100px;\n}\n<\/style>\n\t<\/div>\n\t\n\n\n","protected":false},"excerpt":{"rendered":"","protected":false},"author":2,"featured_media":0,"parent":0,"menu_order":0,"comment_status":"closed","ping_status":"closed","template":"page-blank.php","meta":{"inline_featured_image":false,"footnotes":""},"class_list":["post-227","page","type-page","status-publish","hentry"],"yoast_head":"<!-- This site is optimized with the Yoast SEO plugin v27.3 - https:\/\/yoast.com\/product\/yoast-seo-wordpress\/ -->\n<title>Acesso ao Lounge | Amae Lounge<\/title>\n<meta name=\"description\" content=\"Queremos facilitar ao m\u00e1ximo o acesso aos nossos lounges, independentemente da companhia a\u00e9rea ou da cabine em que voc\u00ea esteja voando. Descubra quais op\u00e7\u00f5es podem ajud\u00e1-lo.\" \/>\n<meta name=\"robots\" content=\"index, follow, max-snippet:-1, max-image-preview:large, max-video-preview:-1\" \/>\n<link rel=\"canonical\" href=\"https:\/\/amaelounge.com\/pt\/acesso-lounge\/\" \/>\n<meta property=\"og:locale\" content=\"es_ES\" \/>\n<meta property=\"og:type\" content=\"article\" \/>\n<meta property=\"og:title\" content=\"Acesso ao Lounge | Amae Lounge\" \/>\n<meta property=\"og:description\" content=\"Queremos facilitar ao m\u00e1ximo o acesso aos nossos lounges, independentemente da companhia a\u00e9rea ou da cabine em que voc\u00ea esteja voando. Descubra quais op\u00e7\u00f5es podem ajud\u00e1-lo.\" \/>\n<meta property=\"og:url\" content=\"https:\/\/amaelounge.com\/pt\/acesso-lounge\/\" \/>\n<meta property=\"og:site_name\" content=\"Amae Lounge PT\" \/>\n<meta property=\"article:modified_time\" content=\"2025-04-10T14:50:26+00:00\" \/>\n<meta property=\"og:image\" content=\"https:\/\/amaelounge.com\/pt\/wp-content\/uploads\/sites\/3\/2021\/10\/amae_Recurso-6-50.jpg\" \/>\n<meta name=\"twitter:card\" content=\"summary_large_image\" \/>\n<meta name=\"twitter:label1\" content=\"Tiempo de lectura\" \/>\n\t<meta name=\"twitter:data1\" content=\"6 minutos\" \/>\n<script type=\"application\/ld+json\" class=\"yoast-schema-graph\">{\"@context\":\"https:\\\/\\\/schema.org\",\"@graph\":[{\"@type\":\"WebPage\",\"@id\":\"https:\\\/\\\/amaelounge.com\\\/pt\\\/acesso-lounge\\\/\",\"url\":\"https:\\\/\\\/amaelounge.com\\\/pt\\\/acesso-lounge\\\/\",\"name\":\"Acesso ao Lounge | Amae Lounge\",\"isPartOf\":{\"@id\":\"https:\\\/\\\/amaelounge.com\\\/pt\\\/#website\"},\"primaryImageOfPage\":{\"@id\":\"https:\\\/\\\/amaelounge.com\\\/pt\\\/acesso-lounge\\\/#primaryimage\"},\"image\":{\"@id\":\"https:\\\/\\\/amaelounge.com\\\/pt\\\/acesso-lounge\\\/#primaryimage\"},\"thumbnailUrl\":\"https:\\\/\\\/amaelounge.com\\\/pt\\\/wp-content\\\/uploads\\\/sites\\\/3\\\/2021\\\/10\\\/amae_Recurso-6-50.jpg\",\"datePublished\":\"2021-10-28T18:51:33+00:00\",\"dateModified\":\"2025-04-10T14:50:26+00:00\",\"description\":\"Queremos facilitar ao m\u00e1ximo o acesso aos nossos lounges, independentemente da companhia a\u00e9rea ou da cabine em que voc\u00ea esteja voando. Descubra quais op\u00e7\u00f5es podem ajud\u00e1-lo.\",\"breadcrumb\":{\"@id\":\"https:\\\/\\\/amaelounge.com\\\/pt\\\/acesso-lounge\\\/#breadcrumb\"},\"inLanguage\":\"es\",\"potentialAction\":[{\"@type\":\"ReadAction\",\"target\":[\"https:\\\/\\\/amaelounge.com\\\/pt\\\/acesso-lounge\\\/\"]}]},{\"@type\":\"ImageObject\",\"inLanguage\":\"es\",\"@id\":\"https:\\\/\\\/amaelounge.com\\\/pt\\\/acesso-lounge\\\/#primaryimage\",\"url\":\"https:\\\/\\\/amaelounge.com\\\/pt\\\/wp-content\\\/uploads\\\/sites\\\/3\\\/2021\\\/10\\\/amae_Recurso-6-50.jpg\",\"contentUrl\":\"https:\\\/\\\/amaelounge.com\\\/pt\\\/wp-content\\\/uploads\\\/sites\\\/3\\\/2021\\\/10\\\/amae_Recurso-6-50.jpg\",\"width\":151,\"height\":151},{\"@type\":\"BreadcrumbList\",\"@id\":\"https:\\\/\\\/amaelounge.com\\\/pt\\\/acesso-lounge\\\/#breadcrumb\",\"itemListElement\":[{\"@type\":\"ListItem\",\"position\":1,\"name\":\"Portada\",\"item\":\"https:\\\/\\\/amaelounge.com\\\/pt\\\/\"},{\"@type\":\"ListItem\",\"position\":2,\"name\":\"Lounge Access\"}]},{\"@type\":\"WebSite\",\"@id\":\"https:\\\/\\\/amaelounge.com\\\/pt\\\/#website\",\"url\":\"https:\\\/\\\/amaelounge.com\\\/pt\\\/\",\"name\":\"Amae Lounge PT\",\"description\":\"Amae Lounge\",\"potentialAction\":[{\"@type\":\"SearchAction\",\"target\":{\"@type\":\"EntryPoint\",\"urlTemplate\":\"https:\\\/\\\/amaelounge.com\\\/pt\\\/?s={search_term_string}\"},\"query-input\":{\"@type\":\"PropertyValueSpecification\",\"valueRequired\":true,\"valueName\":\"search_term_string\"}}],\"inLanguage\":\"es\"}]}<\/script>\n<!-- \/ Yoast SEO plugin. -->","yoast_head_json":{"title":"Acesso ao Lounge | Amae Lounge","description":"Queremos facilitar ao m\u00e1ximo o acesso aos nossos lounges, independentemente da companhia a\u00e9rea ou da cabine em que voc\u00ea esteja voando. Descubra quais op\u00e7\u00f5es podem ajud\u00e1-lo.","robots":{"index":"index","follow":"follow","max-snippet":"max-snippet:-1","max-image-preview":"max-image-preview:large","max-video-preview":"max-video-preview:-1"},"canonical":"https:\/\/amaelounge.com\/pt\/acesso-lounge\/","og_locale":"es_ES","og_type":"article","og_title":"Acesso ao Lounge | Amae Lounge","og_description":"Queremos facilitar ao m\u00e1ximo o acesso aos nossos lounges, independentemente da companhia a\u00e9rea ou da cabine em que voc\u00ea esteja voando. Descubra quais op\u00e7\u00f5es podem ajud\u00e1-lo.","og_url":"https:\/\/amaelounge.com\/pt\/acesso-lounge\/","og_site_name":"Amae Lounge PT","article_modified_time":"2025-04-10T14:50:26+00:00","og_image":[{"url":"https:\/\/amaelounge.com\/pt\/wp-content\/uploads\/sites\/3\/2021\/10\/amae_Recurso-6-50.jpg","type":"","width":"","height":""}],"twitter_card":"summary_large_image","twitter_misc":{"Tiempo de lectura":"6 minutos"},"schema":{"@context":"https:\/\/schema.org","@graph":[{"@type":"WebPage","@id":"https:\/\/amaelounge.com\/pt\/acesso-lounge\/","url":"https:\/\/amaelounge.com\/pt\/acesso-lounge\/","name":"Acesso ao Lounge | Amae Lounge","isPartOf":{"@id":"https:\/\/amaelounge.com\/pt\/#website"},"primaryImageOfPage":{"@id":"https:\/\/amaelounge.com\/pt\/acesso-lounge\/#primaryimage"},"image":{"@id":"https:\/\/amaelounge.com\/pt\/acesso-lounge\/#primaryimage"},"thumbnailUrl":"https:\/\/amaelounge.com\/pt\/wp-content\/uploads\/sites\/3\/2021\/10\/amae_Recurso-6-50.jpg","datePublished":"2021-10-28T18:51:33+00:00","dateModified":"2025-04-10T14:50:26+00:00","description":"Queremos facilitar ao m\u00e1ximo o acesso aos nossos lounges, independentemente da companhia a\u00e9rea ou da cabine em que voc\u00ea esteja voando. Descubra quais op\u00e7\u00f5es podem ajud\u00e1-lo.","breadcrumb":{"@id":"https:\/\/amaelounge.com\/pt\/acesso-lounge\/#breadcrumb"},"inLanguage":"es","potentialAction":[{"@type":"ReadAction","target":["https:\/\/amaelounge.com\/pt\/acesso-lounge\/"]}]},{"@type":"ImageObject","inLanguage":"es","@id":"https:\/\/amaelounge.com\/pt\/acesso-lounge\/#primaryimage","url":"https:\/\/amaelounge.com\/pt\/wp-content\/uploads\/sites\/3\/2021\/10\/amae_Recurso-6-50.jpg","contentUrl":"https:\/\/amaelounge.com\/pt\/wp-content\/uploads\/sites\/3\/2021\/10\/amae_Recurso-6-50.jpg","width":151,"height":151},{"@type":"BreadcrumbList","@id":"https:\/\/amaelounge.com\/pt\/acesso-lounge\/#breadcrumb","itemListElement":[{"@type":"ListItem","position":1,"name":"Portada","item":"https:\/\/amaelounge.com\/pt\/"},{"@type":"ListItem","position":2,"name":"Lounge Access"}]},{"@type":"WebSite","@id":"https:\/\/amaelounge.com\/pt\/#website","url":"https:\/\/amaelounge.com\/pt\/","name":"Amae Lounge PT","description":"Amae Lounge","potentialAction":[{"@type":"SearchAction","target":{"@type":"EntryPoint","urlTemplate":"https:\/\/amaelounge.com\/pt\/?s={search_term_string}"},"query-input":{"@type":"PropertyValueSpecification","valueRequired":true,"valueName":"search_term_string"}}],"inLanguage":"es"}]}},"_links":{"self":[{"href":"https:\/\/amaelounge.com\/pt\/wp-json\/wp\/v2\/pages\/227","targetHints":{"allow":["GET"]}}],"collection":[{"href":"https:\/\/amaelounge.com\/pt\/wp-json\/wp\/v2\/pages"}],"about":[{"href":"https:\/\/amaelounge.com\/pt\/wp-json\/wp\/v2\/types\/page"}],"author":[{"embeddable":true,"href":"https:\/\/amaelounge.com\/pt\/wp-json\/wp\/v2\/users\/2"}],"replies":[{"embeddable":true,"href":"https:\/\/amaelounge.com\/pt\/wp-json\/wp\/v2\/comments?post=227"}],"version-history":[{"count":10,"href":"https:\/\/amaelounge.com\/pt\/wp-json\/wp\/v2\/pages\/227\/revisions"}],"predecessor-version":[{"id":1595,"href":"https:\/\/amaelounge.com\/pt\/wp-json\/wp\/v2\/pages\/227\/revisions\/1595"}],"wp:attachment":[{"href":"https:\/\/amaelounge.com\/pt\/wp-json\/wp\/v2\/media?parent=227"}],"curies":[{"name":"wp","href":"https:\/\/api.w.org\/{rel}","templated":true}]}}