{"id":1327,"date":"2024-07-26T12:20:48","date_gmt":"2024-07-26T15:20:48","guid":{"rendered":"https:\/\/amaelounge.com\/pt\/?page_id=1327"},"modified":"2024-07-26T12:20:49","modified_gmt":"2024-07-26T15:20:49","slug":"termos-e-condicoes-para-utilizar-as-salas-da-amae-lounge","status":"publish","type":"page","link":"https:\/\/amaelounge.com\/pt\/termos-e-condicoes-para-utilizar-as-salas-da-amae-lounge\/","title":{"rendered":"Termos e Condi\u00e7\u00f5es para Utilizar as Salas da AMAE Lounge"},"content":{"rendered":"\n<ol class=\"wp-block-list\">\n<li>Os presentes termos e condi\u00e7\u00f5es (doravante os \u00abTermos e Condi\u00e7\u00f5es\u00bb) t\u00eam car\u00e1ter<br>vinculativo e obrigat\u00f3rio. Os mesmos s\u00e3o aplicados \u00e0 utiliza\u00e7\u00e3o dos servi\u00e7os (doravante os<br>\u00abServi\u00e7os\u00bb) oferecidos ou disponibilizados aos usu\u00e1rios pela AMAE Lounge.<br><\/li>\n\n\n\n<li>A Sala VIP tem um limite de perman\u00eancia de 3 horas dentro do hor\u00e1rio operacional da<br>mesma.<br><\/li>\n\n\n\n<li>Para o ingresso \u00e0 Sala VIP, dever\u00e1 apresentar a seguinte documenta\u00e7\u00e3o de viagem: cart\u00e3o<br>de embarque com um voo v\u00e1lido no dia da visita, identifica\u00e7\u00e3o pessoal (DNI, c\u00e9dula de<br>identidade ou passaporte) e a reserva correspondente.<br><\/li>\n\n\n\n<li>\u00c9 poss\u00edvel que lhe seja negado o acesso \u00e0 Sala VIP se vestir roupas \u00abinapropriadas\u00bb ou<br>\u00abofensivas\u00bb na opini\u00e3o do supervisor da Sala VIP.<br><\/li>\n\n\n\n<li>\u00c9 poss\u00edvel que lhe seja negado o acesso, se a Sala VIP alcan\u00e7ar a capacidade m\u00e1xima<br>permitida por raz\u00f5es de seguran\u00e7a e sa\u00fade.<br><\/li>\n\n\n\n<li>A Sala VIP \u00e9 destinada exclusivamente a passageiros que re\u00fanam as condi\u00e7\u00f5es necess\u00e1rias,<br>com cart\u00e3o de embarque de voos de sa\u00edda nacional e internacional.<br><\/li>\n\n\n\n<li>N\u00e3o poder\u00e1 percorrer a sala com roupas \u00abinapropriadas\u00bb ou \u00abofensivas\u00bb, por exemplo: sem<br>sapatos, sem camisa.<br><\/li>\n\n\n\n<li>N\u00e3o poder\u00e1 usar dispositivos eletr\u00f4nicos de forma que resultem inc\u00f4modos a outros<br>clientes.<br><\/li>\n\n\n\n<li>N\u00e3o poder\u00e1 acessar a Sala VIP se estiver sob o efeito de \u00e1lcool ou subst\u00e2ncias ilegais. Uma<br>vez dentro da Sala VIP, n\u00e3o poder\u00e1 consumir subst\u00e2ncias ilegais nem estar sob seus efeitos.<br><\/li>\n\n\n\n<li>Est\u00e1 proibido fumar qualquer tipo de cigarros, cachimbos ou charutos, incluindo produtos<br>eletr\u00f4nicos, mascar tabaco ou consumir subst\u00e2ncias ilegais.<br><\/li>\n\n\n\n<li>N\u00e3o poder\u00e1 acessar a Sala VIP com um animal de servi\u00e7o, salvo que apresente a<br>documenta\u00e7\u00e3o apropriada. Caso acesse com alguma mascote, esta dever\u00e1 estar no canil<br>em todo momento e n\u00e3o dever\u00e1 incomodar aos demais clientes. A admiss\u00e3o de animais<br>dever\u00e1 cumprir as normas e as leis do departamento de sa\u00fade pertinente.<br><\/li>\n\n\n\n<li>N\u00e3o poder\u00e1 tirar fotografias da Sala VIP, nem de outros usu\u00e1rios desta, sem a permiss\u00e3o<br>pr\u00e9via do pessoal da sala e dos indiv\u00edduos que deseja fotografar.<br><\/li>\n\n\n\n<li>N\u00e3o poder\u00e1 realizar atos de vandalismo nem danificar de forma deliberada objetos,<br>ferramentas e equipamentos localizados no interior da Sala VIP. N\u00e3o poder\u00e1 colocar os p\u00e9s<br>por cima de cadeiras ou mesas, nem usar o mobili\u00e1rio da sala de forma inapropriada.<br><\/li>\n\n\n\n<li>O Servi\u00e7o \u00e9 intransfer\u00edvel, ou seja, dever\u00e1 ser utilizado em todos os casos sem exce\u00e7\u00e3o pelo<br>Cliente que solicitou o Servi\u00e7o de maneira individual, ou de forma conjunta com seus<br>acompanhantes.<br><\/li>\n\n\n\n<li>As pessoas menores de idade que ingressem na Sala VIP (no pa\u00eds onde se encontra a Sala<br>VIP) dever\u00e3o contar com a supervis\u00e3o de um progenitor ou tutor legal em todo momento e<br>n\u00e3o poder\u00e3o acessar a sala sem tal supervis\u00e3o. Por conseguinte, poder\u00e1 ser pedido a<br>qualquer momento que apresente uma prova de idade apropriada.<br><\/li>\n\n\n\n<li>N\u00e3o se considerar\u00e3o passageiros com cargo as crian\u00e7as menores de dois (2) anos de idade.<\/li>\n\n\n\n<li>Pedimos por favor que mantenha um ambiente tranquilo e seja considerado com os<br>demais passageiros se estiver acompanhado por crian\u00e7as menores.<br><\/li>\n\n\n\n<li>Lembre-se de verificar seu cart\u00e3o de embarque para se apresentar na porta e hor\u00e1rio<br>indicado pela companhia a\u00e9rea.<br><\/li>\n\n\n\n<li>O servi\u00e7o de alimentos e bebidas fornecido pelo sal\u00e3o \u00e9 para consumo e uso exclusivo<br>dentro da Sala VIP e n\u00e3o podem ser levados e\/ou consumidos fora da mesma.<br><\/li>\n\n\n\n<li>Devido a normas de seguran\u00e7a aeroportu\u00e1rias, n\u00e3o est\u00e1 permitido o ingresso de malas de<br>por\u00e3o e\/ou carros de bagagem ao Lounge.<br><\/li>\n\n\n\n<li>A Sala VIP n\u00e3o se responsabiliza por artigos perdidos ou roubados, nem por danos sofridos<br>dentro da sala. Lembre-se de verificar sua bagagem ao sair do sal\u00e3o.<br><\/li>\n\n\n\n<li>As decis\u00f5es tomadas pelo supervisor da Sala VIP s\u00e3o consideradas finais. Dever\u00e1 seguir as<br>instru\u00e7\u00f5es em rela\u00e7\u00e3o \u00e0 sa\u00fade e seguran\u00e7a do pessoal da Sala VIP em todo momento. A<br>AMAE Lounge se reserva o direito de admiss\u00e3o, perman\u00eancia e requerimento para<br>abandonar as salas, quando se apresentem condutas inapropriadas, pouco dignas,<br>prejudiciais, abusivas ou violentas para outros passageiros ou o pessoal.<br><\/li>\n\n\n\n<li>A eventual nulidade de alguma das cl\u00e1usulas contidas nos presentes Termos e Condi\u00e7\u00f5es,<br>n\u00e3o importar\u00e1 a nulidade das restantes cl\u00e1usulas.<br><\/li>\n\n\n\n<li>O acesso e o uso do Servi\u00e7o implicam a aceita\u00e7\u00e3o integral dos presentes Termos e<br>Condi\u00e7\u00f5es.<br><\/li>\n\n\n\n<li>No caso de atualiza\u00e7\u00f5es dos presentes Termos e Condi\u00e7\u00f5es, a aceita\u00e7\u00e3o se materializar\u00e1<br>mediante o acesso e o uso do Servi\u00e7o ap\u00f3s a entrada em vigor de tais atualiza\u00e7\u00f5es.<\/li>\n<\/ol>\n","protected":false},"excerpt":{"rendered":"","protected":false},"author":2,"featured_media":0,"parent":0,"menu_order":0,"comment_status":"closed","ping_status":"closed","template":"page-blank-title-center.php","meta":{"inline_featured_image":false,"footnotes":""},"class_list":["post-1327","page","type-page","status-publish","hentry"],"yoast_head":"<!-- This site is optimized with the Yoast SEO plugin v27.4 - https:\/\/yoast.com\/product\/yoast-seo-wordpress\/ -->\n<title>Termos e Condi\u00e7\u00f5es para Utilizar as Salas da AMAE Lounge - Amae Lounge PT<\/title>\n<meta name=\"robots\" content=\"index, follow, max-snippet:-1, max-image-preview:large, max-video-preview:-1\" \/>\n<link rel=\"canonical\" href=\"https:\/\/amaelounge.com\/pt\/termos-e-condicoes-para-utilizar-as-salas-da-amae-lounge\/\" \/>\n<meta property=\"og:locale\" content=\"es_ES\" \/>\n<meta property=\"og:type\" content=\"article\" \/>\n<meta property=\"og:title\" content=\"Termos e Condi\u00e7\u00f5es para Utilizar as Salas da AMAE Lounge - Amae Lounge PT\" \/>\n<meta property=\"og:url\" content=\"https:\/\/amaelounge.com\/pt\/termos-e-condicoes-para-utilizar-as-salas-da-amae-lounge\/\" \/>\n<meta property=\"og:site_name\" content=\"Amae Lounge PT\" \/>\n<meta property=\"article:modified_time\" content=\"2024-07-26T15:20:49+00:00\" \/>\n<meta name=\"twitter:card\" content=\"summary_large_image\" \/>\n<meta name=\"twitter:label1\" content=\"Tiempo de lectura\" \/>\n\t<meta name=\"twitter:data1\" content=\"4 minutos\" \/>\n<script type=\"application\/ld+json\" class=\"yoast-schema-graph\">{\"@context\":\"https:\\\/\\\/schema.org\",\"@graph\":[{\"@type\":\"WebPage\",\"@id\":\"https:\\\/\\\/amaelounge.com\\\/pt\\\/termos-e-condicoes-para-utilizar-as-salas-da-amae-lounge\\\/\",\"url\":\"https:\\\/\\\/amaelounge.com\\\/pt\\\/termos-e-condicoes-para-utilizar-as-salas-da-amae-lounge\\\/\",\"name\":\"Termos e Condi\u00e7\u00f5es para Utilizar as Salas da AMAE Lounge - Amae Lounge PT\",\"isPartOf\":{\"@id\":\"https:\\\/\\\/amaelounge.com\\\/pt\\\/#website\"},\"datePublished\":\"2024-07-26T15:20:48+00:00\",\"dateModified\":\"2024-07-26T15:20:49+00:00\",\"breadcrumb\":{\"@id\":\"https:\\\/\\\/amaelounge.com\\\/pt\\\/termos-e-condicoes-para-utilizar-as-salas-da-amae-lounge\\\/#breadcrumb\"},\"inLanguage\":\"es\",\"potentialAction\":[{\"@type\":\"ReadAction\",\"target\":[\"https:\\\/\\\/amaelounge.com\\\/pt\\\/termos-e-condicoes-para-utilizar-as-salas-da-amae-lounge\\\/\"]}]},{\"@type\":\"BreadcrumbList\",\"@id\":\"https:\\\/\\\/amaelounge.com\\\/pt\\\/termos-e-condicoes-para-utilizar-as-salas-da-amae-lounge\\\/#breadcrumb\",\"itemListElement\":[{\"@type\":\"ListItem\",\"position\":1,\"name\":\"Portada\",\"item\":\"https:\\\/\\\/amaelounge.com\\\/pt\\\/\"},{\"@type\":\"ListItem\",\"position\":2,\"name\":\"Termos e Condi\u00e7\u00f5es para Utilizar as Salas da AMAE Lounge\"}]},{\"@type\":\"WebSite\",\"@id\":\"https:\\\/\\\/amaelounge.com\\\/pt\\\/#website\",\"url\":\"https:\\\/\\\/amaelounge.com\\\/pt\\\/\",\"name\":\"Amae Lounge PT\",\"description\":\"Amae Lounge\",\"potentialAction\":[{\"@type\":\"SearchAction\",\"target\":{\"@type\":\"EntryPoint\",\"urlTemplate\":\"https:\\\/\\\/amaelounge.com\\\/pt\\\/?s={search_term_string}\"},\"query-input\":{\"@type\":\"PropertyValueSpecification\",\"valueRequired\":true,\"valueName\":\"search_term_string\"}}],\"inLanguage\":\"es\"}]}<\/script>\n<!-- \/ Yoast SEO plugin. -->","yoast_head_json":{"title":"Termos e Condi\u00e7\u00f5es para Utilizar as Salas da AMAE Lounge - Amae Lounge PT","robots":{"index":"index","follow":"follow","max-snippet":"max-snippet:-1","max-image-preview":"max-image-preview:large","max-video-preview":"max-video-preview:-1"},"canonical":"https:\/\/amaelounge.com\/pt\/termos-e-condicoes-para-utilizar-as-salas-da-amae-lounge\/","og_locale":"es_ES","og_type":"article","og_title":"Termos e Condi\u00e7\u00f5es para Utilizar as Salas da AMAE Lounge - Amae Lounge PT","og_url":"https:\/\/amaelounge.com\/pt\/termos-e-condicoes-para-utilizar-as-salas-da-amae-lounge\/","og_site_name":"Amae Lounge PT","article_modified_time":"2024-07-26T15:20:49+00:00","twitter_card":"summary_large_image","twitter_misc":{"Tiempo de lectura":"4 minutos"},"schema":{"@context":"https:\/\/schema.org","@graph":[{"@type":"WebPage","@id":"https:\/\/amaelounge.com\/pt\/termos-e-condicoes-para-utilizar-as-salas-da-amae-lounge\/","url":"https:\/\/amaelounge.com\/pt\/termos-e-condicoes-para-utilizar-as-salas-da-amae-lounge\/","name":"Termos e Condi\u00e7\u00f5es para Utilizar as Salas da AMAE Lounge - Amae Lounge PT","isPartOf":{"@id":"https:\/\/amaelounge.com\/pt\/#website"},"datePublished":"2024-07-26T15:20:48+00:00","dateModified":"2024-07-26T15:20:49+00:00","breadcrumb":{"@id":"https:\/\/amaelounge.com\/pt\/termos-e-condicoes-para-utilizar-as-salas-da-amae-lounge\/#breadcrumb"},"inLanguage":"es","potentialAction":[{"@type":"ReadAction","target":["https:\/\/amaelounge.com\/pt\/termos-e-condicoes-para-utilizar-as-salas-da-amae-lounge\/"]}]},{"@type":"BreadcrumbList","@id":"https:\/\/amaelounge.com\/pt\/termos-e-condicoes-para-utilizar-as-salas-da-amae-lounge\/#breadcrumb","itemListElement":[{"@type":"ListItem","position":1,"name":"Portada","item":"https:\/\/amaelounge.com\/pt\/"},{"@type":"ListItem","position":2,"name":"Termos e Condi\u00e7\u00f5es para Utilizar as Salas da AMAE Lounge"}]},{"@type":"WebSite","@id":"https:\/\/amaelounge.com\/pt\/#website","url":"https:\/\/amaelounge.com\/pt\/","name":"Amae Lounge PT","description":"Amae Lounge","potentialAction":[{"@type":"SearchAction","target":{"@type":"EntryPoint","urlTemplate":"https:\/\/amaelounge.com\/pt\/?s={search_term_string}"},"query-input":{"@type":"PropertyValueSpecification","valueRequired":true,"valueName":"search_term_string"}}],"inLanguage":"es"}]}},"_links":{"self":[{"href":"https:\/\/amaelounge.com\/pt\/wp-json\/wp\/v2\/pages\/1327","targetHints":{"allow":["GET"]}}],"collection":[{"href":"https:\/\/amaelounge.com\/pt\/wp-json\/wp\/v2\/pages"}],"about":[{"href":"https:\/\/amaelounge.com\/pt\/wp-json\/wp\/v2\/types\/page"}],"author":[{"embeddable":true,"href":"https:\/\/amaelounge.com\/pt\/wp-json\/wp\/v2\/users\/2"}],"replies":[{"embeddable":true,"href":"https:\/\/amaelounge.com\/pt\/wp-json\/wp\/v2\/comments?post=1327"}],"version-history":[{"count":1,"href":"https:\/\/amaelounge.com\/pt\/wp-json\/wp\/v2\/pages\/1327\/revisions"}],"predecessor-version":[{"id":1331,"href":"https:\/\/amaelounge.com\/pt\/wp-json\/wp\/v2\/pages\/1327\/revisions\/1331"}],"wp:attachment":[{"href":"https:\/\/amaelounge.com\/pt\/wp-json\/wp\/v2\/media?parent=1327"}],"curies":[{"name":"wp","href":"https:\/\/api.w.org\/{rel}","templated":true}]}}