{"id":644,"date":"2021-12-09T10:37:52","date_gmt":"2021-12-09T13:37:52","guid":{"rendered":"https:\/\/amaelounge.com\/es\/?page_id=644"},"modified":"2024-07-26T11:40:55","modified_gmt":"2024-07-26T14:40:55","slug":"terminos-y-condiciones","status":"publish","type":"page","link":"https:\/\/amaelounge.com\/es\/terminos-y-condiciones\/","title":{"rendered":"T\u00e9rminos y Condiciones FastPass"},"content":{"rendered":"\n<ol class=\"wp-block-list\">\n<li><strong>OBJETO<\/strong><br>Las presentes condiciones generales tienen por objeto regular las condiciones generales del<br>servicio ofrecido por AMAE denominado Fast Pass. En el caso de existir discrepancia sobre lo<br>estipulado entre las condiciones generales y las condiciones particulares de un determinado<br>servicio, prevalecer\u00e1 lo dispuesto en estas \u00faltimas.<br><\/li>\n\n\n\n<li><strong>\u00c1MBITO DE APLICACI\u00d3N<\/strong><br>Las presentes Condiciones Generales regulan el contrato del servicio de Fast Pass que la<br>sociedad AMAE como titular del servicio pone a disposici\u00f3n de los usuarios que utilicen el<br>servicio. La utilizaci\u00f3n del Fast Pass es v\u00e1lido para el Aeropuerto Internacional de Ezeiza y de<br>Aeroparque, seg\u00fan corresponda, ubicados en la Rep\u00fablica Argentina.<br><\/li>\n\n\n\n<li><strong>SUSCRIPCI\u00d3N DEL SERVICIO FAST PASS<\/strong><br>Se entiende como \u201cFast Pass\u201d tambi\u00e9n denominado \u201ccarril r\u00e1pido\u201d o \u201cde acceso preferente\u201d,<br>el tipo de acceso en el que los pasajeros, que adquieran este servicio, acceder\u00e1n de forma<br>preferente sobre la l\u00ednea de controles generales aeroportuarios para vuelos internacionales<br>en:<br>Control Tasa Uso Aerostaci\u00f3n<br>\uf0b7 Control Seguridad<br>\uf0b7 Control Migratorio<br>\uf0b7 Control de seguridad a trav\u00e9s de los filtros ya existentes.<br>Para el acceso al Fast Pass, los pasajeros deber\u00e1n presentar la documentaci\u00f3n de viaje<br>requerida para la realizaci\u00f3n de cada control por cada persona, y la reserva correspondiente.<br><\/li>\n\n\n\n<li><strong>CONDICIONES<\/strong><br>\uf0b7 En caso de vuelos que no sean por la Terminal donde se encuentre ubicado el Fast<br>Pass, el pasajero no tendr\u00e1 acceso al servicio.<br>\uf0b7 El acceso queda sujeto a disponibilidad del servicio.<br>\uf0b7 AMAE podr\u00e1, sin incurrir en responsabilidad y sin derecho a compensaci\u00f3n alguna a<br>los usuarios, disponer el cierre del Fast Pass de acuerdo a necesidades operativas,<br>protocolo, obra y mantenimiento, o situaciones especiales que as\u00ed lo requieran.<br><\/li>\n\n\n\n<li><strong>RESPONSABILIDAD<\/strong><br>Con el uso de este servicio, el usuario:<br>\uf0b7 Se responsabiliza de la veracidad y exactitud de los datos personales comunicados y<br>autoriza la recogida y el tratamiento de los mismos para esta finalidad. En este<br>sentido, la suscripci\u00f3n al servicio Fast Pass implicar\u00e1 de parte de quien participe el<br>otorgamiento del consentimiento previsto en los art\u00edculos 5\u00b0 y 11\u00b0 de la Ley 25.326<br>vigente en la Rep\u00fablica Argentina. De esta manera, autorizan expresamente a AMAE,<br>sus cesionarios y continuadores legales para tratar sus respectivos datos personales,<br>quedando AMAE facultada para realizar cualquier operaci\u00f3n o complejo de<br>operaciones o procedimientos t\u00e9cnicos, de car\u00e1cter automatizado o no, que permitan<br>recolectar, almacenar, grabar, organizar, elaborar, seleccionar, extraer, confrontar,<br>interconectar, disociar, comunicar, ceder, transferir, transmitir o cancelar dichos<br>datos, o utilizarlos en cualquier otra forma.<br>Los datos de los usuarios ser\u00e1n alojados en la base de datos de AMAE. Conforme la<br>legislaci\u00f3n vigente, cada persona tiene la facultad de ejercer el derecho de acceso a<br>sus datos personales en forma gratuita a intervalos no inferiores a los seis meses,<br>salvo que se acredite un inter\u00e9s leg\u00edtimo al efecto en la \u201cDIRECCION NACIONAL DE<br>PROTECCI\u00d3N DE DATOS PERSONALES\u201d, \u00d3rgano de Control de la Ley 25.326, quien<br>tiene la atribuci\u00f3n de atender las denuncias y reclamos que se interpongan con<br>relaci\u00f3n al incumplimiento de las normas sobre protecci\u00f3n de datos personales. En el<br>supuesto de producirse alguna modificaci\u00f3n en sus datos, rogamos nos lo comunique<br>con el fin de mantenerlos actualizados.<br>Asimismo AMAE:<br>\uf0b7 AMAE no se hace responsable de la p\u00e9rdida de vuelos por una mala utilizaci\u00f3n de los<br>accesos preferentes por parte de los pasajeros.<br>\uf0b7 AMAE no se hace responsable por demoras ocasionadas en los controles migratorios<br>y\/o de seguridad posteriores al control de ingreso que realizamos.<br>\uf0b7 Realizar\u00e1 sus mejores esfuerzos para que el servicio de Fast Pass no sufra<br>interrupciones, pero no puede garantizar la ausencia de fallos tecnol\u00f3gicos, ni la<br>permanente disponibilidad del Portal y de los servicios contenidos en \u00e9l y, en<br>consecuencia, no asume responsabilidad alguna por los da\u00f1os y perjuicios que puedan<br>generarse por la falta de disponibilidad y por los fallos en el acceso ocasionados por<br>desconexiones, aver\u00edas, sobrecargas o ca\u00eddas de la red no imputables a AMAE.<br>\uf0b7 No garantiza la ausencia de virus u otros elementos que puedan alterar su sistema<br>inform\u00e1tico. AMAE excluye cualquier responsabilidad por da\u00f1os y perjuicios de<br>cualquier naturaleza derivados de dichos virus o elementos lesivos.<br>\uf0b7 AMAE no se hace responsable del uso o suscripci\u00f3n realizado por un menor de 18<br>a\u00f1os, ni de los da\u00f1os y perjuicios causados a terceros, incluido el propio menor, por el<br>incumplimiento de la legislaci\u00f3n vigente o de las presentes Condiciones Generales del<br>servicio. Recomendamos que en dispositivos que son facilitados a menores de 18<br>a\u00f1os, se habiliten las opciones de mecanismos de control parental.<br>\uf0b7 La informaci\u00f3n que se ofrece no es necesariamente exhaustiva, completa, exacta o<br>actualizada. En el caso de licitaciones y textos legales no se garantiza la reproducci\u00f3n<br>exacta del texto adoptado oficialmente. \u00danicamente se consideran aut\u00e9nticos los<br>textos publicados en las ediciones impresas de los boletines oficiales correspondientes<br>o en la prensa.<br>\uf0b7 La informaci\u00f3n facilitada por AMAE es de car\u00e1cter general y no supone<br>asesoramiento profesional o jur\u00eddico alguno.<br><\/li>\n\n\n\n<li><strong>TITULARIDAD Y COMUNICACIONES<\/strong><br>Ser\u00e1n v\u00e1lidas todas las comunicaciones efectuadas entre AMAE y el usuario a trav\u00e9s de sus<br>canales oficiales de comunicaci\u00f3n; correo electr\u00f3nico; tel\u00e9fono; centro de atenci\u00f3n de AMAE<br>y\/o a trav\u00e9s de cualquier medio de notificaci\u00f3n fehaciente.<br><\/li>\n\n\n\n<li><strong>PARTES INDEPENDIENTES<\/strong><br>AMAE tiene personalidad jur\u00eddica propia y diferenciada de la del Estado, plena capacidad<br>jur\u00eddica y de obrar para el cumplimiento de sus fines, y patrimonio propio.<br><\/li>\n\n\n\n<li><strong>MODIFICACI\u00d3N DE LAS PRESENTES CONDICIONES Y ADVERTENCIAS<\/strong><br>AMAE se reserva el derecho a modificar las condiciones y advertencias aplicables a las<br>presentes Condiciones Generales sin incurrir en responsabilidad alguna y sin derecho a<br>compensaci\u00f3n alguna. AMAE podr\u00e1 modificar las presentes condiciones, comunic\u00e1ndolo a los<br>usuarios, requisito que las partes convienen expresamente que se entiende cumplido con la<br>publicaci\u00f3n de las variaciones a trav\u00e9s del sitio web amaelounge.com o a trav\u00e9s de cualquier<br>otro punto de comunicaci\u00f3n de AMAE.<br>Si el usuario no estuviera de acuerdo, podr\u00e1 cancelar su reserva, de acuerdo con lo dispuesto en<br>las condiciones de venta de este servicio a trav\u00e9s del mail de confirmaci\u00f3n \u201cmanage my<br>reservation\u201d.<br>Datos de contacto de AMAE<br>Correo electr\u00f3nico de contacto: <a href=\"mailto:contact@amaelounge.com\">contact@amaelounge.com<\/a><br><\/li>\n\n\n\n<li><strong>DERECHO APLICABLE Y JURISDICCI\u00d3N COMPETENTE<\/strong><br>La aceptaci\u00f3n de las presentes Condiciones Generales implica el conocimiento y conformidad<br>de las advertencias legales aqu\u00ed expresadas. Asimismo, ante cualquier cuesti\u00f3n que pudiera<br>derivarse de su interpretaci\u00f3n o cumplimiento, se regir\u00e1 por las leyes de la Rep\u00fablica<br>Argentina y ser\u00e1n competentes para dirimirlas los Tribunales Nacionales en lo Comercial sitos<br>en la Capital Federal, con renuncia expresa de cualquier otra jurisdicci\u00f3n que pudiera<br>corresponderles.<\/li>\n<\/ol>\n","protected":false},"excerpt":{"rendered":"","protected":false},"author":2,"featured_media":0,"parent":0,"menu_order":0,"comment_status":"closed","ping_status":"closed","template":"page-blank-title-center.php","meta":{"inline_featured_image":false,"footnotes":""},"class_list":["post-644","page","type-page","status-publish","hentry"],"yoast_head":"<!-- This site is optimized with the Yoast SEO plugin v27.3 - https:\/\/yoast.com\/product\/yoast-seo-wordpress\/ -->\n<title>T\u00e9rminos y Condiciones FastPass - AMAE Lounge ES<\/title>\n<meta name=\"robots\" content=\"index, follow, max-snippet:-1, max-image-preview:large, max-video-preview:-1\" \/>\n<link rel=\"canonical\" href=\"https:\/\/amaelounge.com\/es\/terminos-y-condiciones\/\" \/>\n<meta property=\"og:locale\" content=\"es_ES\" \/>\n<meta property=\"og:type\" content=\"article\" \/>\n<meta property=\"og:title\" content=\"T\u00e9rminos y Condiciones FastPass - AMAE Lounge ES\" \/>\n<meta property=\"og:url\" content=\"https:\/\/amaelounge.com\/es\/terminos-y-condiciones\/\" \/>\n<meta property=\"og:site_name\" content=\"AMAE Lounge ES\" \/>\n<meta property=\"article:modified_time\" content=\"2024-07-26T14:40:55+00:00\" \/>\n<meta name=\"twitter:card\" content=\"summary_large_image\" \/>\n<meta name=\"twitter:label1\" content=\"Tiempo de lectura\" \/>\n\t<meta name=\"twitter:data1\" content=\"5 minutos\" \/>\n<script type=\"application\/ld+json\" class=\"yoast-schema-graph\">{\"@context\":\"https:\\\/\\\/schema.org\",\"@graph\":[{\"@type\":\"WebPage\",\"@id\":\"https:\\\/\\\/amaelounge.com\\\/es\\\/terminos-y-condiciones\\\/\",\"url\":\"https:\\\/\\\/amaelounge.com\\\/es\\\/terminos-y-condiciones\\\/\",\"name\":\"T\u00e9rminos y Condiciones FastPass - AMAE Lounge ES\",\"isPartOf\":{\"@id\":\"https:\\\/\\\/amaelounge.com\\\/es\\\/#website\"},\"datePublished\":\"2021-12-09T13:37:52+00:00\",\"dateModified\":\"2024-07-26T14:40:55+00:00\",\"breadcrumb\":{\"@id\":\"https:\\\/\\\/amaelounge.com\\\/es\\\/terminos-y-condiciones\\\/#breadcrumb\"},\"inLanguage\":\"es\",\"potentialAction\":[{\"@type\":\"ReadAction\",\"target\":[\"https:\\\/\\\/amaelounge.com\\\/es\\\/terminos-y-condiciones\\\/\"]}]},{\"@type\":\"BreadcrumbList\",\"@id\":\"https:\\\/\\\/amaelounge.com\\\/es\\\/terminos-y-condiciones\\\/#breadcrumb\",\"itemListElement\":[{\"@type\":\"ListItem\",\"position\":1,\"name\":\"Portada\",\"item\":\"https:\\\/\\\/amaelounge.com\\\/es\\\/\"},{\"@type\":\"ListItem\",\"position\":2,\"name\":\"T\u00e9rminos y Condiciones FastPass\"}]},{\"@type\":\"WebSite\",\"@id\":\"https:\\\/\\\/amaelounge.com\\\/es\\\/#website\",\"url\":\"https:\\\/\\\/amaelounge.com\\\/es\\\/\",\"name\":\"AMAE Lounge ES\",\"description\":\"AMAE Lounge\",\"potentialAction\":[{\"@type\":\"SearchAction\",\"target\":{\"@type\":\"EntryPoint\",\"urlTemplate\":\"https:\\\/\\\/amaelounge.com\\\/es\\\/?s={search_term_string}\"},\"query-input\":{\"@type\":\"PropertyValueSpecification\",\"valueRequired\":true,\"valueName\":\"search_term_string\"}}],\"inLanguage\":\"es\"}]}<\/script>\n<!-- \/ Yoast SEO plugin. -->","yoast_head_json":{"title":"T\u00e9rminos y Condiciones FastPass - AMAE Lounge ES","robots":{"index":"index","follow":"follow","max-snippet":"max-snippet:-1","max-image-preview":"max-image-preview:large","max-video-preview":"max-video-preview:-1"},"canonical":"https:\/\/amaelounge.com\/es\/terminos-y-condiciones\/","og_locale":"es_ES","og_type":"article","og_title":"T\u00e9rminos y Condiciones FastPass - AMAE Lounge ES","og_url":"https:\/\/amaelounge.com\/es\/terminos-y-condiciones\/","og_site_name":"AMAE Lounge ES","article_modified_time":"2024-07-26T14:40:55+00:00","twitter_card":"summary_large_image","twitter_misc":{"Tiempo de lectura":"5 minutos"},"schema":{"@context":"https:\/\/schema.org","@graph":[{"@type":"WebPage","@id":"https:\/\/amaelounge.com\/es\/terminos-y-condiciones\/","url":"https:\/\/amaelounge.com\/es\/terminos-y-condiciones\/","name":"T\u00e9rminos y Condiciones FastPass - AMAE Lounge ES","isPartOf":{"@id":"https:\/\/amaelounge.com\/es\/#website"},"datePublished":"2021-12-09T13:37:52+00:00","dateModified":"2024-07-26T14:40:55+00:00","breadcrumb":{"@id":"https:\/\/amaelounge.com\/es\/terminos-y-condiciones\/#breadcrumb"},"inLanguage":"es","potentialAction":[{"@type":"ReadAction","target":["https:\/\/amaelounge.com\/es\/terminos-y-condiciones\/"]}]},{"@type":"BreadcrumbList","@id":"https:\/\/amaelounge.com\/es\/terminos-y-condiciones\/#breadcrumb","itemListElement":[{"@type":"ListItem","position":1,"name":"Portada","item":"https:\/\/amaelounge.com\/es\/"},{"@type":"ListItem","position":2,"name":"T\u00e9rminos y Condiciones FastPass"}]},{"@type":"WebSite","@id":"https:\/\/amaelounge.com\/es\/#website","url":"https:\/\/amaelounge.com\/es\/","name":"AMAE Lounge ES","description":"AMAE Lounge","potentialAction":[{"@type":"SearchAction","target":{"@type":"EntryPoint","urlTemplate":"https:\/\/amaelounge.com\/es\/?s={search_term_string}"},"query-input":{"@type":"PropertyValueSpecification","valueRequired":true,"valueName":"search_term_string"}}],"inLanguage":"es"}]}},"_links":{"self":[{"href":"https:\/\/amaelounge.com\/es\/wp-json\/wp\/v2\/pages\/644","targetHints":{"allow":["GET"]}}],"collection":[{"href":"https:\/\/amaelounge.com\/es\/wp-json\/wp\/v2\/pages"}],"about":[{"href":"https:\/\/amaelounge.com\/es\/wp-json\/wp\/v2\/types\/page"}],"author":[{"embeddable":true,"href":"https:\/\/amaelounge.com\/es\/wp-json\/wp\/v2\/users\/2"}],"replies":[{"embeddable":true,"href":"https:\/\/amaelounge.com\/es\/wp-json\/wp\/v2\/comments?post=644"}],"version-history":[{"count":7,"href":"https:\/\/amaelounge.com\/es\/wp-json\/wp\/v2\/pages\/644\/revisions"}],"predecessor-version":[{"id":4962,"href":"https:\/\/amaelounge.com\/es\/wp-json\/wp\/v2\/pages\/644\/revisions\/4962"}],"wp:attachment":[{"href":"https:\/\/amaelounge.com\/es\/wp-json\/wp\/v2\/media?parent=644"}],"curies":[{"name":"wp","href":"https:\/\/api.w.org\/{rel}","templated":true}]}}