{"id":614,"date":"2021-11-15T14:40:18","date_gmt":"2021-11-15T17:40:18","guid":{"rendered":"https:\/\/amaelounge.com\/es\/?page_id=614"},"modified":"2023-03-28T22:05:27","modified_gmt":"2023-03-29T01:05:27","slug":"reserva","status":"publish","type":"page","link":"https:\/\/amaelounge.com\/es\/reserva\/","title":{"rendered":"Book"},"content":{"rendered":"\n\t<section class=\"section pages-headers\" id=\"section_98486162\">\n\t\t<div class=\"bg section-bg fill bg-fill  bg-loaded\" >\n\n\t\t\t\n\t\t\t\n\t\t\t\n\n\t\t<\/div>\n\n\t\t\n\n\t\t<div class=\"section-content relative\">\n\t\t\t\n\n<div class=\"row row-collapse row-full-width align-middle\"  id=\"row-2127860783\">\n\n\n\t<div id=\"col-1301675884\" class=\"col medium-6 small-12 large-6\"  >\n\t\t\t\t<div class=\"col-inner\"  >\n\t\t\t\n\t\t\t\n\n\t<div class=\"img has-hover x md-x lg-x y md-y lg-y\" id=\"image_1362797668\">\n\t\t\t\t\t\t\t\t<div class=\"img-inner dark\" >\n\t\t\t<img loading=\"lazy\" decoding=\"async\" width=\"800\" height=\"350\" src=\"https:\/\/amaelounge.com\/es\/wp-content\/uploads\/sites\/2\/2021\/12\/reserve2.jpg\" class=\"attachment-original size-original\" alt=\"\" srcset=\"https:\/\/amaelounge.com\/es\/wp-content\/uploads\/sites\/2\/2021\/12\/reserve2.jpg 800w, https:\/\/amaelounge.com\/es\/wp-content\/uploads\/sites\/2\/2021\/12\/reserve2-300x131.jpg 300w, https:\/\/amaelounge.com\/es\/wp-content\/uploads\/sites\/2\/2021\/12\/reserve2-768x336.jpg 768w\" sizes=\"auto, (max-width: 800px) 100vw, 800px\" \/>\t\t\t\t\t\t\n\t\t\t\t\t<\/div>\n\t\t\t\t\t\t\t\t\n<style>\n#image_1362797668 {\n  width: 100%;\n}\n<\/style>\n\t<\/div>\n\t\n\n\n\t\t<\/div>\n\t\t\t\t\t<\/div>\n\n\t\n\n\t<div id=\"col-189764315\" class=\"col medium-5 small-12 large-5\"  >\n\t\t\t\t<div class=\"col-inner\"  >\n\t\t\t\n\t\t\t\n\n\t<div id=\"text-2327373219\" class=\"text\">\n\t\t\n\n<h1 style=\"line-height: 1;\"><strong>Reserve <\/strong>su lugar en nuestras salas<\/h1>\n\n\t\t\n<style>\n#text-2327373219 {\n  font-size: 2rem;\n}\n@media (min-width:550px) {\n  #text-2327373219 {\n    font-size: 2.2rem;\n  }\n}\n<\/style>\n\t<\/div>\n\t\n\t<div id=\"text-2778272338\" class=\"text\">\n\t\t\n\n\n\t\t\n<style>\n#text-2778272338 {\n  line-height: 1.3;\n}\n<\/style>\n\t<\/div>\n\t\n\n\t\t<\/div>\n\t\t\t\t\n<style>\n#col-189764315 > .col-inner {\n  padding: 5% 5% 5% 5%;\n  max-width: 550px;\n}\n<\/style>\n\t<\/div>\n\n\t\n\n\t<div id=\"col-1914855798\" class=\"col hide-for-small medium-1 small-12 large-1\"  >\n\t\t\t\t<div class=\"col-inner\"  >\n\t\t\t\n\t\t\t\n\n\t<div id=\"text-3541293032\" class=\"text hide-for-small\">\n\t\t\n\n\n\t\t\t<\/div>\n\t\n\n\t\t<\/div>\n\t\t\t\t\t<\/div>\n\n\t\n\n<\/div>\n\n\t\t<\/div>\n\n\t\t\n<style>\n#section_98486162 {\n  padding-top: 30px;\n  padding-bottom: 30px;\n}\n<\/style>\n\t<\/section>\n\t\n\n\t<div id=\"gap-1792746708\" class=\"gap-element clearfix hide-for-small\" style=\"display:block; height:auto;\">\n\t\t\n<style>\n#gap-1792746708 {\n  padding-top: 30px;\n}\n<\/style>\n\t<\/div>\n\t\n\n\t<section class=\"section\" id=\"section_252179773\">\n\t\t<div class=\"bg section-bg fill bg-fill  bg-loaded\" >\n\n\t\t\t\n\t\t\t\n\t\t\t\n\n\t\t<\/div>\n\n\t\t\n\n\t\t<div class=\"section-content relative\">\n\t\t\t\n\n<div class=\"row\"  id=\"row-2051709850\">\n\n\n\t<div id=\"col-1480651625\" class=\"col small-12 large-12\"  >\n\t\t\t\t<div class=\"col-inner\"  >\n\t\t\t\n\t\t\t\n\n<p><strong>Aunque trataremos de asegurar que todos los hu\u00e9spedes que re\u00fanan los requisitos sean acomodados, le recomendamos que nos haga saber cu\u00e1ndo lo esperamos. Si pertenece a Priority Pass o LoungeKey y desea reservar un lugar en nuestras salas de Rosario, utilice este formulario.<\/strong><\/p>\n<p><br \/>Si tiene una Tarjeta American Express elegible y desea utilizar nuestras salas en Aeroparque o Ezeiza, por favor reserve a trav\u00e9s del Concierge de American Express (por lo general, encontrar\u00e1 el n\u00famero de tel\u00e9fono impreso en el reverso de su tarjeta).<\/p>\n<p>\u00a0<\/p>\n\n\t\t<\/div>\n\t\t\t\t\t<\/div>\n\n\t\n\n<\/div>\n<div class=\"row row-large\" style=\"max-width:1024px\" id=\"row-142693851\">\n\n\n\t<div id=\"col-1631025686\" class=\"col small-12 large-12\"  >\n\t\t\t\t<div class=\"col-inner\"  >\n\t\t\t\n\t\t\t\n\n\n<div class=\"wpcf7 no-js\" id=\"wpcf7-f633-o1\" lang=\"es-AR\" dir=\"ltr\" data-wpcf7-id=\"633\">\n<div class=\"screen-reader-response\"><p role=\"status\" aria-live=\"polite\" aria-atomic=\"true\"><\/p> <ul><\/ul><\/div>\n<form action=\"\/es\/wp-json\/wp\/v2\/pages\/614#wpcf7-f633-o1\" method=\"post\" class=\"wpcf7-form init\" aria-label=\"Formulario de contacto\" novalidate=\"novalidate\" data-status=\"init\">\n<fieldset class=\"hidden-fields-container\"><input type=\"hidden\" name=\"_wpcf7\" value=\"633\" \/><input type=\"hidden\" name=\"_wpcf7_version\" value=\"6.1.5\" \/><input type=\"hidden\" name=\"_wpcf7_locale\" value=\"es_AR\" \/><input type=\"hidden\" name=\"_wpcf7_unit_tag\" value=\"wpcf7-f633-o1\" \/><input type=\"hidden\" name=\"_wpcf7_container_post\" value=\"0\" \/><input type=\"hidden\" name=\"_wpcf7_posted_data_hash\" value=\"\" \/>\n<\/fieldset>\n<div class=\"row\">\n\t<div class=\"col medium-6 small-12 large-6\">\n\t\t<p><label><span class=\"wpcf7-form-control-wrap\" data-name=\"f-l-name\"><input size=\"40\" maxlength=\"400\" class=\"wpcf7-form-control wpcf7-text wpcf7-validates-as-required\" aria-required=\"true\" aria-invalid=\"false\" placeholder=\"Nombre\" value=\"\" type=\"text\" name=\"f-l-name\" \/><\/span><\/label><br \/>\n<label><span class=\"wpcf7-form-control-wrap\" data-name=\"text-98\"><input size=\"40\" maxlength=\"400\" class=\"wpcf7-form-control wpcf7-text\" aria-invalid=\"false\" placeholder=\"Apellido\" value=\"\" type=\"text\" name=\"text-98\" \/><\/span><\/label><br \/>\n<label><span class=\"wpcf7-form-control-wrap\" data-name=\"p-number\"><input size=\"40\" maxlength=\"400\" class=\"wpcf7-form-control wpcf7-tel wpcf7-validates-as-required wpcf7-text wpcf7-validates-as-tel\" aria-required=\"true\" aria-invalid=\"false\" placeholder=\"Tel\u00e9fono\" value=\"\" type=\"tel\" name=\"p-number\" \/><\/span><\/label><br \/>\n<label><span class=\"wpcf7-form-control-wrap\" data-name=\"lounge\"><select class=\"wpcf7-form-control wpcf7-select wpcf7-validates-as-required\" aria-required=\"true\" aria-invalid=\"false\" name=\"lounge\"><option value=\"Lounge\">Lounge<\/option><option value=\"Rosario International\">Rosario International<\/option><option value=\"Rosario Domestic\">Rosario Domestic<\/option><\/select><\/span><\/label><br \/>\n<label><span class=\"wpcf7-form-control-wrap\" data-name=\"airline\"><select class=\"wpcf7-form-control wpcf7-select wpcf7-validates-as-required\" aria-required=\"true\" aria-invalid=\"false\" name=\"airline\"><option value=\"\u00bfCon cu\u00e1l aerolinea estas viajando?\">\u00bfCon cu\u00e1l aerolinea estas viajando?<\/option><option value=\"Aerolineas Argentinas\">Aerolineas Argentinas<\/option><option value=\"Azul\">Azul<\/option><option value=\"FlyBondi\">FlyBondi<\/option><option value=\"GOL\">GOL<\/option><option value=\"JetSmart\">JetSmart<\/option><option value=\"LATAM\">LATAM<\/option><option value=\"Other\">Other<\/option><\/select><\/span><\/label><br \/>\n<span style=\"font-size: 14px\">Fecha del vuelo de salida<\/span><br \/>\n<label><span class=\"wpcf7-form-control-wrap\" data-name=\"d-date\"><input class=\"wpcf7-form-control wpcf7-date wpcf7-validates-as-required wpcf7-validates-as-date\" aria-required=\"true\" aria-invalid=\"false\" value=\"\" type=\"date\" name=\"d-date\" \/><\/span><\/label>\n\t\t<\/p>\n\t<\/div>\n\t<div class=\"col medium-6 small-12 large-6\">\n\t\t<p><label><span class=\"wpcf7-form-control-wrap\" data-name=\"email\"><input size=\"40\" maxlength=\"400\" class=\"wpcf7-form-control wpcf7-email wpcf7-validates-as-required wpcf7-text wpcf7-validates-as-email\" aria-required=\"true\" aria-invalid=\"false\" placeholder=\"Email\" value=\"\" type=\"email\" name=\"email\" \/><\/span><\/label><br \/>\n<label><span class=\"wpcf7-form-control-wrap\" data-name=\"group\"><select class=\"wpcf7-form-control wpcf7-select wpcf7-validates-as-required\" aria-required=\"true\" aria-invalid=\"false\" name=\"group\"><option value=\"Info del grupo\">Info del grupo<\/option><option value=\"Adultos en su grupo\">Adultos en su grupo<\/option><option value=\"Ni\u00f1os en su grupo\">Ni\u00f1os en su grupo<\/option><option value=\"Beb\u00e9s en su grupo\">Beb\u00e9s en su grupo<\/option><\/select><\/span><\/label><br \/>\n<label><span class=\"wpcf7-form-control-wrap\" data-name=\"access\"><select class=\"wpcf7-form-control wpcf7-select wpcf7-validates-as-required\" aria-required=\"true\" aria-invalid=\"false\" name=\"access\"><option value=\"\u00bfC\u00f3mo quiere acceder a la sala VIP?\">\u00bfC\u00f3mo quiere acceder a la sala VIP?<\/option><option value=\"Con mi membres\u00eda de pase prioritario\">Con mi membres\u00eda de pase prioritario<\/option><option value=\"Con los beneficios clave de mi sal\u00f3n\">Con los beneficios clave de mi sal\u00f3n<\/option><option value=\"Con mi tarjeta diners club\">Con mi tarjeta diners club<\/option><option value=\"Pagar\u00e9 directamente en la sala con tarjeta de cr\u00e9dito o d\u00e9bito o con mercadopago\">Pagar\u00e9 directamente en la sala con tarjeta de cr\u00e9dito o d\u00e9bito o con mercadopago<\/option><option value=\"Otro\">Otro<\/option><\/select><\/span><\/label><br \/>\n<label><span class=\"wpcf7-form-control-wrap\" data-name=\"flight\"><input size=\"40\" maxlength=\"400\" class=\"wpcf7-form-control wpcf7-text wpcf7-validates-as-required\" aria-required=\"true\" aria-invalid=\"false\" placeholder=\"N\u00famero de vuelo de salida\" value=\"\" type=\"text\" name=\"flight\" \/><\/span><\/label><br \/>\n<span style=\"font-size: 14px\">Hora de salida del vuelo<\/span><br \/>\n<label><span class=\"wpcf7-form-control-wrap\" data-name=\"time\"><input size=\"40\" maxlength=\"400\" class=\"wpcf7-form-control wpcf7-text wpcf7-validates-as-required\" aria-required=\"true\" aria-invalid=\"false\" placeholder=\"12:34\" value=\"\" type=\"text\" name=\"time\" \/><\/span><\/label>\n\t\t<\/p>\n\t<\/div>\n\t<div class=\"col\" style=\"text-align: center; padding-left: 100px;\">\n\t\t<p><input class=\"wpcf7-form-control wpcf7-submit has-spinner\" type=\"submit\" value=\"ENVIAR\" \/>\n\t\t<\/p>\n\t<\/div>\n<\/div><div class=\"wpcf7-response-output\" aria-hidden=\"true\"><\/div>\n<\/form>\n<\/div>\n\n\n\n\t\t<\/div>\n\t\t\t\t\t<\/div>\n\n\t\n\n<\/div>\n<div class=\"row\"  id=\"row-230168736\">\n\n\n\t<div id=\"col-1650201850\" class=\"col small-12 large-12\"  >\n\t\t\t\t<div class=\"col-inner text-center\"  >\n\t\t\t\n\t\t\t\n\n<p style=\"text-align: justify\">Su admisi\u00f3n a la sala VIP no est\u00e1 garantizada hasta que se reciba el pago o hayamos validado su credencial y recibido la autorizaci\u00f3n electr\u00f3nica de su programa, en la sala VIP el d\u00eda de la salida. Recuerde siempre llevar consigo su credencial de socio y su tarjeta de embarque.<\/p>\n\n\t\t<\/div>\n\t\t\t\t\t<\/div>\n\n\t\n\n<\/div>\n\n\t\t<\/div>\n\n\t\t\n<style>\n#section_252179773 {\n  padding-top: 30px;\n  padding-bottom: 30px;\n}\n<\/style>\n\t<\/section>\n\t\n\t<div id=\"gap-2004592912\" class=\"gap-element clearfix\" style=\"display:block; height:auto;\">\n\t\t\n<style>\n#gap-2004592912 {\n  padding-top: 50px;\n}\n<\/style>\n\t<\/div>\n\t\n\n\n","protected":false},"excerpt":{"rendered":"","protected":false},"author":2,"featured_media":0,"parent":0,"menu_order":0,"comment_status":"closed","ping_status":"closed","template":"page-blank.php","meta":{"inline_featured_image":false,"footnotes":""},"class_list":["post-614","page","type-page","status-publish","hentry"],"yoast_head":"<!-- This site is optimized with the Yoast SEO plugin v27.3 - https:\/\/yoast.com\/product\/yoast-seo-wordpress\/ -->\n<title>Reserve su Lugar en Nuestras Salas | Amae Lounge<\/title>\n<meta name=\"description\" content=\"Aunque trataremos de asegurar que todos los hu\u00e9spedes que re\u00fanan los requisitos sean acomodados, le recomendamos que nos haga saber cu\u00e1ndo lo esperamos.\" \/>\n<meta name=\"robots\" content=\"index, follow, max-snippet:-1, max-image-preview:large, max-video-preview:-1\" \/>\n<link rel=\"canonical\" href=\"https:\/\/amaelounge.com\/es\/reserva\/\" \/>\n<meta property=\"og:locale\" content=\"es_ES\" \/>\n<meta property=\"og:type\" content=\"article\" \/>\n<meta property=\"og:title\" content=\"Reserve su Lugar en Nuestras Salas | Amae Lounge\" \/>\n<meta property=\"og:description\" content=\"Aunque trataremos de asegurar que todos los hu\u00e9spedes que re\u00fanan los requisitos sean acomodados, le recomendamos que nos haga saber cu\u00e1ndo lo esperamos.\" \/>\n<meta property=\"og:url\" content=\"https:\/\/amaelounge.com\/es\/reserva\/\" \/>\n<meta property=\"og:site_name\" content=\"AMAE Lounge ES\" \/>\n<meta property=\"article:modified_time\" content=\"2023-03-29T01:05:27+00:00\" \/>\n<meta name=\"twitter:card\" content=\"summary_large_image\" \/>\n<meta name=\"twitter:label1\" content=\"Tiempo de lectura\" \/>\n\t<meta name=\"twitter:data1\" content=\"1 minuto\" \/>\n<script type=\"application\/ld+json\" class=\"yoast-schema-graph\">{\"@context\":\"https:\\\/\\\/schema.org\",\"@graph\":[{\"@type\":\"WebPage\",\"@id\":\"https:\\\/\\\/amaelounge.com\\\/es\\\/reserva\\\/\",\"url\":\"https:\\\/\\\/amaelounge.com\\\/es\\\/reserva\\\/\",\"name\":\"Reserve su Lugar en Nuestras Salas | Amae Lounge\",\"isPartOf\":{\"@id\":\"https:\\\/\\\/amaelounge.com\\\/es\\\/#website\"},\"datePublished\":\"2021-11-15T17:40:18+00:00\",\"dateModified\":\"2023-03-29T01:05:27+00:00\",\"description\":\"Aunque trataremos de asegurar que todos los hu\u00e9spedes que re\u00fanan los requisitos sean acomodados, le recomendamos que nos haga saber cu\u00e1ndo lo esperamos.\",\"breadcrumb\":{\"@id\":\"https:\\\/\\\/amaelounge.com\\\/es\\\/reserva\\\/#breadcrumb\"},\"inLanguage\":\"es\",\"potentialAction\":[{\"@type\":\"ReadAction\",\"target\":[\"https:\\\/\\\/amaelounge.com\\\/es\\\/reserva\\\/\"]}]},{\"@type\":\"BreadcrumbList\",\"@id\":\"https:\\\/\\\/amaelounge.com\\\/es\\\/reserva\\\/#breadcrumb\",\"itemListElement\":[{\"@type\":\"ListItem\",\"position\":1,\"name\":\"Portada\",\"item\":\"https:\\\/\\\/amaelounge.com\\\/es\\\/\"},{\"@type\":\"ListItem\",\"position\":2,\"name\":\"Book\"}]},{\"@type\":\"WebSite\",\"@id\":\"https:\\\/\\\/amaelounge.com\\\/es\\\/#website\",\"url\":\"https:\\\/\\\/amaelounge.com\\\/es\\\/\",\"name\":\"AMAE Lounge ES\",\"description\":\"AMAE Lounge\",\"potentialAction\":[{\"@type\":\"SearchAction\",\"target\":{\"@type\":\"EntryPoint\",\"urlTemplate\":\"https:\\\/\\\/amaelounge.com\\\/es\\\/?s={search_term_string}\"},\"query-input\":{\"@type\":\"PropertyValueSpecification\",\"valueRequired\":true,\"valueName\":\"search_term_string\"}}],\"inLanguage\":\"es\"}]}<\/script>\n<!-- \/ Yoast SEO plugin. -->","yoast_head_json":{"title":"Reserve su Lugar en Nuestras Salas | Amae Lounge","description":"Aunque trataremos de asegurar que todos los hu\u00e9spedes que re\u00fanan los requisitos sean acomodados, le recomendamos que nos haga saber cu\u00e1ndo lo esperamos.","robots":{"index":"index","follow":"follow","max-snippet":"max-snippet:-1","max-image-preview":"max-image-preview:large","max-video-preview":"max-video-preview:-1"},"canonical":"https:\/\/amaelounge.com\/es\/reserva\/","og_locale":"es_ES","og_type":"article","og_title":"Reserve su Lugar en Nuestras Salas | Amae Lounge","og_description":"Aunque trataremos de asegurar que todos los hu\u00e9spedes que re\u00fanan los requisitos sean acomodados, le recomendamos que nos haga saber cu\u00e1ndo lo esperamos.","og_url":"https:\/\/amaelounge.com\/es\/reserva\/","og_site_name":"AMAE Lounge ES","article_modified_time":"2023-03-29T01:05:27+00:00","twitter_card":"summary_large_image","twitter_misc":{"Tiempo de lectura":"1 minuto"},"schema":{"@context":"https:\/\/schema.org","@graph":[{"@type":"WebPage","@id":"https:\/\/amaelounge.com\/es\/reserva\/","url":"https:\/\/amaelounge.com\/es\/reserva\/","name":"Reserve su Lugar en Nuestras Salas | Amae Lounge","isPartOf":{"@id":"https:\/\/amaelounge.com\/es\/#website"},"datePublished":"2021-11-15T17:40:18+00:00","dateModified":"2023-03-29T01:05:27+00:00","description":"Aunque trataremos de asegurar que todos los hu\u00e9spedes que re\u00fanan los requisitos sean acomodados, le recomendamos que nos haga saber cu\u00e1ndo lo esperamos.","breadcrumb":{"@id":"https:\/\/amaelounge.com\/es\/reserva\/#breadcrumb"},"inLanguage":"es","potentialAction":[{"@type":"ReadAction","target":["https:\/\/amaelounge.com\/es\/reserva\/"]}]},{"@type":"BreadcrumbList","@id":"https:\/\/amaelounge.com\/es\/reserva\/#breadcrumb","itemListElement":[{"@type":"ListItem","position":1,"name":"Portada","item":"https:\/\/amaelounge.com\/es\/"},{"@type":"ListItem","position":2,"name":"Book"}]},{"@type":"WebSite","@id":"https:\/\/amaelounge.com\/es\/#website","url":"https:\/\/amaelounge.com\/es\/","name":"AMAE Lounge ES","description":"AMAE Lounge","potentialAction":[{"@type":"SearchAction","target":{"@type":"EntryPoint","urlTemplate":"https:\/\/amaelounge.com\/es\/?s={search_term_string}"},"query-input":{"@type":"PropertyValueSpecification","valueRequired":true,"valueName":"search_term_string"}}],"inLanguage":"es"}]}},"_links":{"self":[{"href":"https:\/\/amaelounge.com\/es\/wp-json\/wp\/v2\/pages\/614","targetHints":{"allow":["GET"]}}],"collection":[{"href":"https:\/\/amaelounge.com\/es\/wp-json\/wp\/v2\/pages"}],"about":[{"href":"https:\/\/amaelounge.com\/es\/wp-json\/wp\/v2\/types\/page"}],"author":[{"embeddable":true,"href":"https:\/\/amaelounge.com\/es\/wp-json\/wp\/v2\/users\/2"}],"replies":[{"embeddable":true,"href":"https:\/\/amaelounge.com\/es\/wp-json\/wp\/v2\/comments?post=614"}],"version-history":[{"count":10,"href":"https:\/\/amaelounge.com\/es\/wp-json\/wp\/v2\/pages\/614\/revisions"}],"predecessor-version":[{"id":1719,"href":"https:\/\/amaelounge.com\/es\/wp-json\/wp\/v2\/pages\/614\/revisions\/1719"}],"wp:attachment":[{"href":"https:\/\/amaelounge.com\/es\/wp-json\/wp\/v2\/media?parent=614"}],"curies":[{"name":"wp","href":"https:\/\/api.w.org\/{rel}","templated":true}]}}