{"id":4964,"date":"2024-07-26T11:49:51","date_gmt":"2024-07-26T14:49:51","guid":{"rendered":"https:\/\/amaelounge.com\/es\/?page_id=4964"},"modified":"2024-07-26T11:50:08","modified_gmt":"2024-07-26T14:50:08","slug":"terminos-y-condiciones-para-utilizar-las-salas-by-amaelounge","status":"publish","type":"page","link":"https:\/\/amaelounge.com\/es\/terminos-y-condiciones-para-utilizar-las-salas-by-amaelounge\/","title":{"rendered":"T\u00e9rminos y Condiciones para utilizar las salas by AMAELounge"},"content":{"rendered":"\n<ol class=\"wp-block-list\">\n<li>Los presentes t\u00e9rminos y condiciones (en adelante los \u201cT\u00e9rminos y<br>Condiciones\u201d) tienen car\u00e1cter vinculante y obligatorio. Los mismos son<br>aplicados a la utilizaci\u00f3n de los servicios (en adelante los \u201cServicios\u201d) ofrecidos<br>o puestos a disposici\u00f3n de los usuarios por AMAE Lounge.<br><\/li>\n\n\n\n<li>La Sala VIP tiene un l\u00edmite de permanencia de 3 horas dentro del<br>horario operativo de la misma.<br><\/li>\n\n\n\n<li>Para el ingreso a la Sala VIP, se deber\u00e1 presentar la siguiente<br>documentaci\u00f3n de viaje: tarjeta de embarque con un vuelo v\u00e1lido del d\u00eda de la<br>visita, identificaci\u00f3n personal (DNI, c\u00e9dula de identidad o pasaporte) y la<br>reserva correspondiente.<br><\/li>\n\n\n\n<li>Es posible que se le niegue el acceso a la Sala VIP si viste ropa<br>\u00abinapropiada\u00bb u \u00abofensiva\u00bb en opini\u00f3n del supervisor de la Sala VIP.<br><\/li>\n\n\n\n<li>Es posible que se le niegue el acceso, si la Sala VIP alcanza la<br>capacidad m\u00e1xima permitida por razones de seguridad y salud.<br><\/li>\n\n\n\n<li>La Sala VIP est\u00e1 destinada exclusivamente a pasajeros que re\u00fanan las<br>condiciones necesarias, con boarding pass de vuelos de salida nacional e<br>internacional.<br><\/li>\n\n\n\n<li>No podr\u00e1 recorrer la sala con ropa \u00abinapropiada\u00bb u \u00abofensiva\u00bb, por<br>ejemplo: sin zapatos, sin camisa.<br><\/li>\n\n\n\n<li>No podr\u00e1 usar dispositivos electr\u00f3nicos de forma que resulten<br>molestos a otros clientes.<br><\/li>\n\n\n\n<li>No podr\u00e1 acceder a la Sala VIP si se encuentra bajo los efectos del<br>alcohol o sustancias ilegales. Una vez dentro de la Sala VIP, no podr\u00e1 tomar<br>sustancias ilegales ni estar bajo sus efectos.<br><\/li>\n\n\n\n<li>Est\u00e1 prohibido fumar cualquier tipo de cigarrillos, pipas o cigarros,<br>incluyendo productos electr\u00f3nicos, mascar tabaco o consumir sustancias<br>ilegales.<br><\/li>\n\n\n\n<li>No podr\u00e1 acceder a la Sala VIP con un animal de servicio, salvo que<br>presente la documentaci\u00f3n apropiada. En caso de acceder con alguna<br>mascota, esta deber\u00e1 estar en el canil en todo momento y no deber\u00e1 molestar<br>a los dem\u00e1s clientes. La admisi\u00f3n de animales deber\u00e1 cumplir la normativa y<br>las leyes del departamento de salud pertinente.<br><\/li>\n\n\n\n<li>No podr\u00e1 tomar fotograf\u00edas de la Sala VIP, ni de otros usuarios de esta,<br>sin el permiso previo del personal de la sala y de los individuos que desee<br>fotografiar.<br><\/li>\n\n\n\n<li>No podr\u00e1 realizar actos de vandalismo ni da\u00f1ar de forma deliberada<br>objetos, herramientas y equipos localizados en el interior de la Sala VIP. No<br>podr\u00e1 apoyar los pies por encima de sillas o mesas, ni usar el mobiliario de la<br>sala de forma inapropiada.<br><\/li>\n\n\n\n<li>El Servicio es intransferible, es decir que deber\u00e1 ser utilizado en todos<br>los casos sin excepci\u00f3n por el Cliente que solicit\u00f3 el Servicio de manera<br>individual, o de forma conjunta con sus acompa\u00f1antes.<br><\/li>\n\n\n\n<li>Las personas menores de edad que ingresen a la Sala VIP (en el pa\u00eds<br>donde se ubica la Sala VIP) deber\u00e1n contar con la supervisi\u00f3n de un progenitor<br>o tutor legal en todo momento y no podr\u00e1n acceder a la sala sin dicha<br>supervisi\u00f3n. Por consiguiente, se le podr\u00e1 pedir en cualquier momento que<br>presente una prueba de edad apropiada.<br><\/li>\n\n\n\n<li>No se considerar\u00e1n pasajeros con cargo a los ni\u00f1os menores de dos (2)<br>a\u00f1os de edad.<br><\/li>\n\n\n\n<li>Le solicitamos por favor tenga a bien preservar un ambiente tranquilo y<br>que sea considerado con los dem\u00e1s pasajeros si est\u00e1 acompa\u00f1ado por ni\u00f1os<br>menores.<\/li>\n\n\n\n<li>Recuerde verificar su tarjeta de embarque para presentarse en la puerta<br>y horario indicado por la compa\u00f1\u00eda a\u00e9rea.<br><\/li>\n\n\n\n<li>El servicio de alimentos y bebidas provistos por el sal\u00f3n son para<br>consumo y uso exclusivo dentro de la Sala VIP y no pueden ser llevados y\/o<br>consumidos fuera de la misma.<br><\/li>\n\n\n\n<li>Debido a normas de seguridad aeroportuarias no est\u00e1 permitido el<br>ingreso de maletas de bodega y\/o carros porta equipaje al Lounge.<\/li>\n\n\n\n<li>La Sala VIP no se responsabiliza por art\u00edculos perdidos o robados, ni<br>por da\u00f1os sufridos dentro de la sala. Recuerde verificar su equipaje al retirarse<br>del sal\u00f3n.<br><\/li>\n\n\n\n<li>Las decisiones tomadas por el supervisor de la Sala VIP se consideran<br>finales. Deber\u00e1 seguir las instrucciones en cuanto a salud y seguridad del<br>personal de la Sala VIP en todo momento. AMAE Lounge se reserva el derecho<br>de admisi\u00f3n, permanencia y requerimiento para abandonar las salas, cuando<br>se presenten conductas inapropiadas, poco dignas, perjudiciales, abusivas o<br>violentas hacia otros pasajeros o el personal.<br><\/li>\n\n\n\n<li>La eventual nulidad de alguna de las cl\u00e1usulas contenidas en los<br>presentes T\u00e9rminos y Condiciones, no importar\u00e1 la nulidad de las restantes<br>cl\u00e1usulas.<br><\/li>\n\n\n\n<li>El acceso y el uso del Servicio implican la aceptaci\u00f3n \u00edntegra de los<br>presentes T\u00e9rminos y Condiciones.<br><\/li>\n\n\n\n<li>En el caso de actualizaciones de los presentes T\u00e9rminos y Condiciones,<br>la aceptaci\u00f3n se materializar\u00e1 mediante el acceso y el uso del Servicio con<br>posterioridad a la entrada en vigencia de dichas actualizaciones.<\/li>\n<\/ol>\n","protected":false},"excerpt":{"rendered":"","protected":false},"author":2,"featured_media":0,"parent":0,"menu_order":0,"comment_status":"closed","ping_status":"closed","template":"page-blank-title-center.php","meta":{"inline_featured_image":false,"footnotes":""},"class_list":["post-4964","page","type-page","status-publish","hentry"],"yoast_head":"<!-- This site is optimized with the Yoast SEO plugin v27.3 - https:\/\/yoast.com\/product\/yoast-seo-wordpress\/ -->\n<title>T\u00e9rminos y Condiciones para utilizar las salas by AMAELounge - AMAE Lounge ES<\/title>\n<meta name=\"robots\" content=\"index, follow, max-snippet:-1, max-image-preview:large, max-video-preview:-1\" \/>\n<link rel=\"canonical\" href=\"https:\/\/amaelounge.com\/es\/terminos-y-condiciones-para-utilizar-las-salas-by-amaelounge\/\" \/>\n<meta property=\"og:locale\" content=\"es_ES\" \/>\n<meta property=\"og:type\" content=\"article\" \/>\n<meta property=\"og:title\" content=\"T\u00e9rminos y Condiciones para utilizar las salas by AMAELounge - AMAE Lounge ES\" \/>\n<meta property=\"og:url\" content=\"https:\/\/amaelounge.com\/es\/terminos-y-condiciones-para-utilizar-las-salas-by-amaelounge\/\" \/>\n<meta property=\"og:site_name\" content=\"AMAE Lounge ES\" \/>\n<meta property=\"article:modified_time\" content=\"2024-07-26T14:50:08+00:00\" \/>\n<meta name=\"twitter:card\" content=\"summary_large_image\" \/>\n<meta name=\"twitter:label1\" content=\"Tiempo de lectura\" \/>\n\t<meta name=\"twitter:data1\" content=\"4 minutos\" \/>\n<script type=\"application\/ld+json\" class=\"yoast-schema-graph\">{\"@context\":\"https:\\\/\\\/schema.org\",\"@graph\":[{\"@type\":\"WebPage\",\"@id\":\"https:\\\/\\\/amaelounge.com\\\/es\\\/terminos-y-condiciones-para-utilizar-las-salas-by-amaelounge\\\/\",\"url\":\"https:\\\/\\\/amaelounge.com\\\/es\\\/terminos-y-condiciones-para-utilizar-las-salas-by-amaelounge\\\/\",\"name\":\"T\u00e9rminos y Condiciones para utilizar las salas by AMAELounge - AMAE Lounge ES\",\"isPartOf\":{\"@id\":\"https:\\\/\\\/amaelounge.com\\\/es\\\/#website\"},\"datePublished\":\"2024-07-26T14:49:51+00:00\",\"dateModified\":\"2024-07-26T14:50:08+00:00\",\"breadcrumb\":{\"@id\":\"https:\\\/\\\/amaelounge.com\\\/es\\\/terminos-y-condiciones-para-utilizar-las-salas-by-amaelounge\\\/#breadcrumb\"},\"inLanguage\":\"es\",\"potentialAction\":[{\"@type\":\"ReadAction\",\"target\":[\"https:\\\/\\\/amaelounge.com\\\/es\\\/terminos-y-condiciones-para-utilizar-las-salas-by-amaelounge\\\/\"]}]},{\"@type\":\"BreadcrumbList\",\"@id\":\"https:\\\/\\\/amaelounge.com\\\/es\\\/terminos-y-condiciones-para-utilizar-las-salas-by-amaelounge\\\/#breadcrumb\",\"itemListElement\":[{\"@type\":\"ListItem\",\"position\":1,\"name\":\"Portada\",\"item\":\"https:\\\/\\\/amaelounge.com\\\/es\\\/\"},{\"@type\":\"ListItem\",\"position\":2,\"name\":\"T\u00e9rminos y Condiciones para utilizar las salas by AMAELounge\"}]},{\"@type\":\"WebSite\",\"@id\":\"https:\\\/\\\/amaelounge.com\\\/es\\\/#website\",\"url\":\"https:\\\/\\\/amaelounge.com\\\/es\\\/\",\"name\":\"AMAE Lounge ES\",\"description\":\"AMAE Lounge\",\"potentialAction\":[{\"@type\":\"SearchAction\",\"target\":{\"@type\":\"EntryPoint\",\"urlTemplate\":\"https:\\\/\\\/amaelounge.com\\\/es\\\/?s={search_term_string}\"},\"query-input\":{\"@type\":\"PropertyValueSpecification\",\"valueRequired\":true,\"valueName\":\"search_term_string\"}}],\"inLanguage\":\"es\"}]}<\/script>\n<!-- \/ Yoast SEO plugin. -->","yoast_head_json":{"title":"T\u00e9rminos y Condiciones para utilizar las salas by AMAELounge - AMAE Lounge ES","robots":{"index":"index","follow":"follow","max-snippet":"max-snippet:-1","max-image-preview":"max-image-preview:large","max-video-preview":"max-video-preview:-1"},"canonical":"https:\/\/amaelounge.com\/es\/terminos-y-condiciones-para-utilizar-las-salas-by-amaelounge\/","og_locale":"es_ES","og_type":"article","og_title":"T\u00e9rminos y Condiciones para utilizar las salas by AMAELounge - AMAE Lounge ES","og_url":"https:\/\/amaelounge.com\/es\/terminos-y-condiciones-para-utilizar-las-salas-by-amaelounge\/","og_site_name":"AMAE Lounge ES","article_modified_time":"2024-07-26T14:50:08+00:00","twitter_card":"summary_large_image","twitter_misc":{"Tiempo de lectura":"4 minutos"},"schema":{"@context":"https:\/\/schema.org","@graph":[{"@type":"WebPage","@id":"https:\/\/amaelounge.com\/es\/terminos-y-condiciones-para-utilizar-las-salas-by-amaelounge\/","url":"https:\/\/amaelounge.com\/es\/terminos-y-condiciones-para-utilizar-las-salas-by-amaelounge\/","name":"T\u00e9rminos y Condiciones para utilizar las salas by AMAELounge - AMAE Lounge ES","isPartOf":{"@id":"https:\/\/amaelounge.com\/es\/#website"},"datePublished":"2024-07-26T14:49:51+00:00","dateModified":"2024-07-26T14:50:08+00:00","breadcrumb":{"@id":"https:\/\/amaelounge.com\/es\/terminos-y-condiciones-para-utilizar-las-salas-by-amaelounge\/#breadcrumb"},"inLanguage":"es","potentialAction":[{"@type":"ReadAction","target":["https:\/\/amaelounge.com\/es\/terminos-y-condiciones-para-utilizar-las-salas-by-amaelounge\/"]}]},{"@type":"BreadcrumbList","@id":"https:\/\/amaelounge.com\/es\/terminos-y-condiciones-para-utilizar-las-salas-by-amaelounge\/#breadcrumb","itemListElement":[{"@type":"ListItem","position":1,"name":"Portada","item":"https:\/\/amaelounge.com\/es\/"},{"@type":"ListItem","position":2,"name":"T\u00e9rminos y Condiciones para utilizar las salas by AMAELounge"}]},{"@type":"WebSite","@id":"https:\/\/amaelounge.com\/es\/#website","url":"https:\/\/amaelounge.com\/es\/","name":"AMAE Lounge ES","description":"AMAE Lounge","potentialAction":[{"@type":"SearchAction","target":{"@type":"EntryPoint","urlTemplate":"https:\/\/amaelounge.com\/es\/?s={search_term_string}"},"query-input":{"@type":"PropertyValueSpecification","valueRequired":true,"valueName":"search_term_string"}}],"inLanguage":"es"}]}},"_links":{"self":[{"href":"https:\/\/amaelounge.com\/es\/wp-json\/wp\/v2\/pages\/4964","targetHints":{"allow":["GET"]}}],"collection":[{"href":"https:\/\/amaelounge.com\/es\/wp-json\/wp\/v2\/pages"}],"about":[{"href":"https:\/\/amaelounge.com\/es\/wp-json\/wp\/v2\/types\/page"}],"author":[{"embeddable":true,"href":"https:\/\/amaelounge.com\/es\/wp-json\/wp\/v2\/users\/2"}],"replies":[{"embeddable":true,"href":"https:\/\/amaelounge.com\/es\/wp-json\/wp\/v2\/comments?post=4964"}],"version-history":[{"count":1,"href":"https:\/\/amaelounge.com\/es\/wp-json\/wp\/v2\/pages\/4964\/revisions"}],"predecessor-version":[{"id":4965,"href":"https:\/\/amaelounge.com\/es\/wp-json\/wp\/v2\/pages\/4964\/revisions\/4965"}],"wp:attachment":[{"href":"https:\/\/amaelounge.com\/es\/wp-json\/wp\/v2\/media?parent=4964"}],"curies":[{"name":"wp","href":"https:\/\/api.w.org\/{rel}","templated":true}]}}