{"id":371,"date":"2021-10-29T15:02:30","date_gmt":"2021-10-29T18:02:30","guid":{"rendered":"https:\/\/amaelounge.com\/es\/?page_id=371"},"modified":"2025-03-28T17:12:01","modified_gmt":"2025-03-28T20:12:01","slug":"sostenibilidad-integracion","status":"publish","type":"page","link":"https:\/\/amaelounge.com\/es\/sostenibilidad-integracion\/","title":{"rendered":"Sustainability &amp; Inclusion"},"content":{"rendered":"\n\t<section class=\"section pages-headers\" id=\"section_1040418350\">\n\t\t<div class=\"bg section-bg fill bg-fill  bg-loaded\" >\n\n\t\t\t\n\t\t\t\n\t\t\t\n\n\t\t<\/div>\n\n\t\t\n\n\t\t<div class=\"section-content relative\">\n\t\t\t\n\n<div class=\"row row-collapse row-full-width align-bottom\"  id=\"row-410261008\">\n\n\n\t<div id=\"col-2103299940\" class=\"col medium-6 small-12 large-6\"  >\n\t\t\t\t<div class=\"col-inner\"  >\n\t\t\t\n\t\t\t\n\n\t<div class=\"img has-hover x md-x lg-x y md-y lg-y\" id=\"image_1549328493\">\n\t\t\t\t\t\t\t\t<div class=\"img-inner dark\" >\n\t\t\t<img loading=\"lazy\" decoding=\"async\" width=\"800\" height=\"350\" src=\"https:\/\/amaelounge.com\/es\/wp-content\/uploads\/sites\/2\/2021\/10\/amae_Recurso-5-80-1.jpg\" class=\"attachment-original size-original\" alt=\"\" srcset=\"https:\/\/amaelounge.com\/es\/wp-content\/uploads\/sites\/2\/2021\/10\/amae_Recurso-5-80-1.jpg 800w, https:\/\/amaelounge.com\/es\/wp-content\/uploads\/sites\/2\/2021\/10\/amae_Recurso-5-80-1-300x131.jpg 300w, https:\/\/amaelounge.com\/es\/wp-content\/uploads\/sites\/2\/2021\/10\/amae_Recurso-5-80-1-768x336.jpg 768w\" sizes=\"auto, (max-width: 800px) 100vw, 800px\" \/>\t\t\t\t\t\t\n\t\t\t\t\t<\/div>\n\t\t\t\t\t\t\t\t\n<style>\n#image_1549328493 {\n  width: 100%;\n}\n<\/style>\n\t<\/div>\n\t\n\n\n\t\t<\/div>\n\t\t\t\t\t<\/div>\n\n\t\n\n\t<div id=\"col-184547760\" class=\"col medium-5 small-12 large-5\"  >\n\t\t\t\t<div class=\"col-inner\"  >\n\t\t\t\n\t\t\t\n\n\t<div id=\"text-877194035\" class=\"text\">\n\t\t\n\n<h1 style=\"line-height: 1;\">Inclusi\u00f3n y <strong>Sustentabilidad<\/strong><\/h1>\n\n\t\t\n<style>\n#text-877194035 {\n  font-size: 2.5rem;\n  line-height: 1;\n}\n<\/style>\n\t<\/div>\n\t\n\n\t\t<\/div>\n\t\t\t\t\n<style>\n#col-184547760 > .col-inner {\n  padding: 5% 5% 5% 5%;\n  max-width: 550px;\n}\n<\/style>\n\t<\/div>\n\n\t\n\n\t<div id=\"col-396176325\" class=\"col hide-for-small medium-1 small-12 large-1\"  >\n\t\t\t\t<div class=\"col-inner\"  >\n\t\t\t\n\t\t\t\n\n\t<div id=\"text-3469781112\" class=\"text hide-for-small\">\n\t\t\n\n<p><img loading=\"lazy\" decoding=\"async\" class=\"size-full wp-image-247 alignleft\" src=\"https:\/\/amaelounge.com\/es\/wp-content\/uploads\/sites\/2\/2021\/10\/amae_Recurso-2-80-1.jpg\" alt=\"\" width=\"30\" height=\"180\" \/><\/p>\n\t\t\t<\/div>\n\t\n\n\t\t<\/div>\n\t\t\t\t\t<\/div>\n\n\t\n\n<\/div>\n\n\t\t<\/div>\n\n\t\t\n<style>\n#section_1040418350 {\n  padding-top: 30px;\n  padding-bottom: 30px;\n}\n<\/style>\n\t<\/section>\n\t\n\n\t<div id=\"gap-1613384209\" class=\"gap-element clearfix hide-for-small\" style=\"display:block; height:auto;\">\n\t\t\n<style>\n#gap-1613384209 {\n  padding-top: 30px;\n}\n<\/style>\n\t<\/div>\n\t\n\n\t<section class=\"section sustainability-items\" id=\"section_1058924356\">\n\t\t<div class=\"bg section-bg fill bg-fill  bg-loaded\" >\n\n\t\t\t\n\t\t\t\n\t\t\t\n\n\t\t<\/div>\n\n\t\t\n\n\t\t<div class=\"section-content relative\">\n\t\t\t\n\n<div class=\"row align-middle\"  id=\"row-701170921\">\n\n\n\t<div id=\"col-1695829941\" class=\"col medium-7 small-12 large-7\"  >\n\t\t\t\t<div class=\"col-inner\"  >\n\t\t\t\n\t\t\t\n\n<p>Con el compromiso de ser el primer operador inclusivo y sustentable del mundo, AMAE Lounge trabaja en todos los aspectos para un mundo mejor. Nuestras pr\u00e1cticas y operaciones comerciales est\u00e1n enfocadas a generar un triple impacto positivo, contribuyendo a las econom\u00edas circulares.<\/p>\n<p>Promovemos el turismo responsable. Estamos alineados con los Objetivos de Sustentabilidad de las Naciones Unidas y la Agenda 2030.<\/p>\n\n\t\t<\/div>\n\t\t\t\t\t<\/div>\n\n\t\n\n\t<div id=\"col-136621593\" class=\"col medium-5 small-12 large-5\"  >\n\t\t\t\t<div class=\"col-inner\"  >\n\t\t\t\n\t\t\t\n\n<p><img loading=\"lazy\" decoding=\"async\" class=\"alignnone size-full wp-image-380\" src=\"https:\/\/amaelounge.com\/es\/wp-content\/uploads\/sites\/2\/2021\/10\/amae_Recurso-5-81.jpg\" alt=\"\" width=\"654\" height=\"513\" srcset=\"https:\/\/amaelounge.com\/es\/wp-content\/uploads\/sites\/2\/2021\/10\/amae_Recurso-5-81.jpg 654w, https:\/\/amaelounge.com\/es\/wp-content\/uploads\/sites\/2\/2021\/10\/amae_Recurso-5-81-300x235.jpg 300w\" sizes=\"auto, (max-width: 654px) 100vw, 654px\" \/><\/p>\n\n\t\t<\/div>\n\t\t\t\t\t<\/div>\n\n\t\n\n<\/div>\n\t<div id=\"gap-20090641\" class=\"gap-element clearfix\" style=\"display:block; height:auto;\">\n\t\t\n<style>\n#gap-20090641 {\n  padding-top: 30px;\n}\n<\/style>\n\t<\/div>\n\t\n\n<div class=\"row row-large\"  id=\"row-1393151475\">\n\n\n\t<div id=\"col-679414042\" class=\"col medium-4 small-12 large-4\"  >\n\t\t\t\t<div class=\"col-inner\"  >\n\t\t\t\n\t\t\t\n\n<p><img loading=\"lazy\" decoding=\"async\" class=\"wp-image-4818 aligncenter\" src=\"https:\/\/amaelounge.com\/es\/wp-content\/uploads\/sites\/2\/2024\/07\/logo-unr.jpg\" alt=\"\" width=\"208\" height=\"100\" \/><\/p>\n<p style=\"text-align: justify; text-wrap: pretty;\">Establecimos un v\u00ednculo con la <strong>Facultad de Tursimo<\/strong> de la <strong>Universidad Nacional de Rosario<\/strong>, para que sus estudiantes puedan acceder a pr\u00e1cticas pre profesionales en su \u00e1rea de estudio y en su propia ciudad. Este v\u00ednculo lleva varios a\u00f1os funcionando y en el que a\u00f1o a a\u00f1o, cada vez m\u00e1s j\u00f3venes logran inseertarse al mercado laboral.<\/p>\n\n\t\t<\/div>\n\t\t\t\t\t<\/div>\n\n\t\n\n\t<div id=\"col-976441807\" class=\"col medium-4 small-12 large-4\"  >\n\t\t\t\t<div class=\"col-inner\"  >\n\t\t\t\n\t\t\t\n\n<p><img loading=\"lazy\" decoding=\"async\" class=\"wp-image-4817 aligncenter\" src=\"https:\/\/amaelounge.com\/es\/wp-content\/uploads\/sites\/2\/2024\/07\/logo-fonbec.jpeg\" alt=\"\" width=\"167\" height=\"100\" \/><\/p>\n<p style=\"text-align: justify; text-wrap: pretty;\">El programa que tenemos con <strong>Fonbec<\/strong>, se centra en un esquema de donaci\u00f3n a la Fundaci\u00f3n en cada una de las plazas en las que AMAE Lounge opera. A partir de esto, Fonbec destina esos fondos a un\/a beneficiario\/a por cada una de esas plazas, para que esa persona pueda acceder (o continuar) con sus estudios terciarios o de grado. Finalizados sus estudios, la persona beneficiada con la beca accede a realizar una pr\u00e1ctica pre profesional con AMAE Lounge para favorecer tambi\u00e9n la inserci\u00f3n laboral de esa persona.<\/p>\n\n\t\t<\/div>\n\t\t\t\t\t<\/div>\n\n\t\n\n\t<div id=\"col-66377840\" class=\"col medium-4 small-12 large-4\"  >\n\t\t\t\t<div class=\"col-inner\"  >\n\t\t\t\n\t\t\t\n\n<p><img loading=\"lazy\" decoding=\"async\" class=\"wp-image-4819 aligncenter\" src=\"https:\/\/amaelounge.com\/es\/wp-content\/uploads\/sites\/2\/2024\/07\/logo-matriarca.png\" alt=\"\" width=\"246\" height=\"100\" srcset=\"https:\/\/amaelounge.com\/es\/wp-content\/uploads\/sites\/2\/2024\/07\/logo-matriarca.png 457w, https:\/\/amaelounge.com\/es\/wp-content\/uploads\/sites\/2\/2024\/07\/logo-matriarca-300x122.png 300w\" sizes=\"auto, (max-width: 246px) 100vw, 246px\" \/><\/p>\n<p style=\"text-align: justify;\">La alianza con <strong>Matriarca<\/strong> y <strong>Una Tienda Con Prop\u00f3sito<\/strong>, busca visibilizar y difundir el trabajo que realizan las comnunidades locales en Argentina. Para esto, en AMAE Lounge exponemos sus trabajos en nuestras salas y buscamos darles visibilidad a trav\u00e9s de nuestros canales de comunicaci\u00f3n. Creemos en el trabajo que hacen y colaboramos para que sus productos y su cultura llegue cada vez a m\u00e1s personas y a nuevos p\u00fablicos, para que luego puedan comercializar su trabajo a un valor justo.<\/p>\n\n\t\t<\/div>\n\t\t\t\t\t<\/div>\n\n\t\n\n<\/div>\n\t<div id=\"gap-958814641\" class=\"gap-element clearfix\" style=\"display:block; height:auto;\">\n\t\t\n<style>\n#gap-958814641 {\n  padding-top: 30px;\n}\n<\/style>\n\t<\/div>\n\t\n\n<div class=\"row row-large\"  id=\"row-1814848117\">\n\n\n\t<div id=\"col-50668548\" class=\"col medium-6 small-12 large-6\"  >\n\t\t\t\t<div class=\"col-inner\"  >\n\t\t\t\n\t\t\t\n\n<div class=\"is-divider divider clearfix\" style=\"max-width:100%;height:1px;background-color:rgb(175, 189, 179);\"><\/div>\n\n\t<div id=\"gap-834729877\" class=\"gap-element clearfix\" style=\"display:block; height:auto;\">\n\t\t\n<style>\n#gap-834729877 {\n  padding-top: 30px;\n}\n<\/style>\n\t<\/div>\n\t\n\n<div class=\"row\"  id=\"row-1078454444\">\n\n\n\t<div id=\"col-1873047380\" class=\"col medium-3 small-12 large-3\"  >\n\t\t\t\t<div class=\"col-inner\"  >\n\t\t\t\n\t\t\t\n\n<p><img loading=\"lazy\" decoding=\"async\" class=\"size-full wp-image-387\" src=\"https:\/\/amaelounge.com\/es\/wp-content\/uploads\/sites\/2\/2021\/10\/amae_Recurso-8-80.jpg\" alt=\"\" width=\"121\" height=\"106\"><\/p>\n\n\t\t<\/div>\n\t\t\t\t\t<\/div>\n\n\t\n\n\t<div id=\"col-1990679928\" class=\"col medium-9 small-12 large-9\"  >\n\t\t\t\t<div class=\"col-inner\"  >\n\t\t\t\n\t\t\t\n\n<p>AMAE Lounge se provee de muchos productos y servicios de peque\u00f1as empresas comunitarias que comparten nuestra visi\u00f3n.<\/p>\n\n\t\t<\/div>\n\t\t\t\t\t<\/div>\n\n\t\n\n<\/div>\n\n\t\t<\/div>\n\t\t\t\t\t<\/div>\n\n\t\n\n\t<div id=\"col-253293135\" class=\"col medium-6 small-12 large-6\"  >\n\t\t\t\t<div class=\"col-inner\"  >\n\t\t\t\n\t\t\t\n\n<div class=\"is-divider divider clearfix\" style=\"max-width:100%;height:1px;background-color:rgb(175, 189, 179);\"><\/div>\n\n\t<div id=\"gap-134608298\" class=\"gap-element clearfix\" style=\"display:block; height:auto;\">\n\t\t\n<style>\n#gap-134608298 {\n  padding-top: 30px;\n}\n<\/style>\n\t<\/div>\n\t\n\n<div class=\"row\"  id=\"row-2030925777\">\n\n\n\t<div id=\"col-522800938\" class=\"col medium-3 small-12 large-3\"  >\n\t\t\t\t<div class=\"col-inner\"  >\n\t\t\t\n\t\t\t\n\n<p><img loading=\"lazy\" decoding=\"async\" class=\"size-full wp-image-390\" src=\"https:\/\/amaelounge.com\/es\/wp-content\/uploads\/sites\/2\/2021\/10\/amae_Recurso-12-80-1.jpg\" alt=\"\" width=\"99\" height=\"85\"><\/p>\n\n\t\t<\/div>\n\t\t\t\t\t<\/div>\n\n\t\n\n\t<div id=\"col-1368515800\" class=\"col medium-9 small-12 large-9\"  >\n\t\t\t\t<div class=\"col-inner\"  >\n\t\t\t\n\t\t\t\n\n<p>\nAMAE Lounge ofrece a la venta \u00abobsequios con un prop\u00f3sito\u00bb.<br \/>\nTodos los ingresos derivados de estas ventas se destinan a la comunidad para ayudar a empoderar a las personas. Tambi\u00e9n puede comprar estos regalos en l\u00ednea aqu\u00ed.<\/p>\n\n\t\t<\/div>\n\t\t\t\t\t<\/div>\n\n\t\n\n<\/div>\n\n\t\t<\/div>\n\t\t\t\t\t<\/div>\n\n\t\n\n<\/div>\n<div class=\"row row-large\"  id=\"row-935074258\">\n\n\n\t<div id=\"col-650359641\" class=\"col medium-6 small-12 large-6\"  >\n\t\t\t\t<div class=\"col-inner\"  >\n\t\t\t\n\t\t\t\n\n<div class=\"is-divider divider clearfix\" style=\"max-width:100%;height:1px;background-color:rgb(175, 189, 179);\"><\/div>\n\n\t<div id=\"gap-1812865010\" class=\"gap-element clearfix\" style=\"display:block; height:auto;\">\n\t\t\n<style>\n#gap-1812865010 {\n  padding-top: 30px;\n}\n<\/style>\n\t<\/div>\n\t\n\n<div class=\"row\"  id=\"row-2006518469\">\n\n\n\t<div id=\"col-1627572310\" class=\"col medium-3 small-12 large-3\"  >\n\t\t\t\t<div class=\"col-inner\"  >\n\t\t\t\n\t\t\t\n\n<p><img loading=\"lazy\" decoding=\"async\" class=\"size-full wp-image-388\" src=\"https:\/\/amaelounge.com\/es\/wp-content\/uploads\/sites\/2\/2021\/10\/amae_Recurso-10-80.jpg\" alt=\"\" width=\"123\" height=\"89\"><\/p>\n\n\t\t<\/div>\n\t\t\t\t\t<\/div>\n\n\t\n\n\t<div id=\"col-2140403404\" class=\"col medium-9 small-12 large-9\"  >\n\t\t\t\t<div class=\"col-inner\"  >\n\t\t\t\n\t\t\t\n\n<p>AMAE Lounge promueve #viajerxsconscientes donde alentamos a nuestros hu\u00e9spedes a aprender m\u00e1s sobre las formas en que pueden generar un impacto ambiental y social positivo cuando viajan e inspirar a otros a hacer lo mismo.<\/p>\n\n\t\t<\/div>\n\t\t\t\t\t<\/div>\n\n\t\n\n<\/div>\n\n\t\t<\/div>\n\t\t\t\t\t<\/div>\n\n\t\n\n\t<div id=\"col-1243977037\" class=\"col medium-6 small-12 large-6\"  >\n\t\t\t\t<div class=\"col-inner\"  >\n\t\t\t\n\t\t\t\n\n<div class=\"is-divider divider clearfix\" style=\"max-width:100%;height:1px;background-color:rgb(175, 189, 179);\"><\/div>\n\n\t<div id=\"gap-1899021943\" class=\"gap-element clearfix\" style=\"display:block; height:auto;\">\n\t\t\n<style>\n#gap-1899021943 {\n  padding-top: 30px;\n}\n<\/style>\n\t<\/div>\n\t\n\n<div class=\"row\"  id=\"row-1517711800\">\n\n\n\t<div id=\"col-1078993813\" class=\"col medium-3 small-12 large-3\"  >\n\t\t\t\t<div class=\"col-inner\"  >\n\t\t\t\n\t\t\t\n\n<p><img loading=\"lazy\" decoding=\"async\" class=\"size-full wp-image-389\" src=\"https:\/\/amaelounge.com\/es\/wp-content\/uploads\/sites\/2\/2021\/10\/amae_Recurso-11-80.jpg\" alt=\"\" width=\"100\" height=\"78\"><\/p>\n\n\t\t<\/div>\n\t\t\t\t\t<\/div>\n\n\t\n\n\t<div id=\"col-1327123838\" class=\"col medium-9 small-12 large-9\"  >\n\t\t\t\t<div class=\"col-inner\"  >\n\t\t\t\n\t\t\t\n\n<p>AMAE Lounge se enorgullece de ser un empleador que ofrece igualdad de oportunidades.<\/p>\n\n\t\t<\/div>\n\t\t\t\t\t<\/div>\n\n\t\n\n<\/div>\n\n\t\t<\/div>\n\t\t\t\t\t<\/div>\n\n\t\n\n<\/div>\n<div class=\"row row-large\"  id=\"row-644845265\">\n\n\n\t<div id=\"col-900566119\" class=\"col medium-6 small-12 large-6\"  >\n\t\t\t\t<div class=\"col-inner\"  >\n\t\t\t\n\t\t\t\n\n<div class=\"row\"  id=\"row-2083629950\">\n\n\n\t<div id=\"col-1650378968\" class=\"col small-12 large-12\"  >\n\t\t\t\t<div class=\"col-inner\"  >\n\t\t\t\n\t\t\t\n\n\t<div id=\"gap-1502274892\" class=\"gap-element clearfix\" style=\"display:block; height:auto;\">\n\t\t\n<style>\n#gap-1502274892 {\n  padding-top: 15px;\n}\n<\/style>\n\t<\/div>\n\t\n\n<p><img loading=\"lazy\" decoding=\"async\" class=\"size-full wp-image-382 alignnone\" src=\"https:\/\/amaelounge.com\/es\/wp-content\/uploads\/sites\/2\/2021\/12\/Sustainability-Inclusion-logo.jpg\" alt=\"\" width=\"473\" height=\"115\"><\/p>\n\n\t\t<\/div>\n\t\t\t\t\t<\/div>\n\n\t\n\n<\/div>\n\n\t\t<\/div>\n\t\t\t\t\t<\/div>\n\n\t\n\n<\/div>\n\n\t\t<\/div>\n\n\t\t\n<style>\n#section_1058924356 {\n  padding-top: 30px;\n  padding-bottom: 30px;\n}\n<\/style>\n\t<\/section>\n\t\n\t<div id=\"gap-288039731\" class=\"gap-element clearfix\" style=\"display:block; height:auto;\">\n\t\t\n<style>\n#gap-288039731 {\n  padding-top: 30px;\n}\n<\/style>\n\t<\/div>\n\t\n\n\n","protected":false},"excerpt":{"rendered":"","protected":false},"author":2,"featured_media":0,"parent":0,"menu_order":0,"comment_status":"closed","ping_status":"closed","template":"page-blank.php","meta":{"inline_featured_image":false,"footnotes":""},"class_list":["post-371","page","type-page","status-publish","hentry"],"yoast_head":"<!-- This site is optimized with the Yoast SEO plugin v27.4 - https:\/\/yoast.com\/product\/yoast-seo-wordpress\/ -->\n<title>Sostenibilidad e Integraci\u00f3n | Amae Lounge<\/title>\n<meta name=\"description\" content=\"Comprometido con ser el primer operador de lounge inclusivo y sostenible del mundo, AMAE Lounge est\u00e1 comprometido en todos los niveles a hacer su parte para hacer del mundo un lugar mejor para todos.\" \/>\n<meta name=\"robots\" content=\"index, follow, max-snippet:-1, max-image-preview:large, max-video-preview:-1\" \/>\n<link rel=\"canonical\" href=\"https:\/\/amaelounge.com\/es\/sostenibilidad-integracion\/\" \/>\n<meta property=\"og:locale\" content=\"es_ES\" \/>\n<meta property=\"og:type\" content=\"article\" \/>\n<meta property=\"og:title\" content=\"Sostenibilidad e Integraci\u00f3n | Amae Lounge\" \/>\n<meta property=\"og:description\" content=\"Comprometido con ser el primer operador de lounge inclusivo y sostenible del mundo, AMAE Lounge est\u00e1 comprometido en todos los niveles a hacer su parte para hacer del mundo un lugar mejor para todos.\" \/>\n<meta property=\"og:url\" content=\"https:\/\/amaelounge.com\/es\/sostenibilidad-integracion\/\" \/>\n<meta property=\"og:site_name\" content=\"AMAE Lounge ES\" \/>\n<meta property=\"article:modified_time\" content=\"2025-03-28T20:12:01+00:00\" \/>\n<meta property=\"og:image\" content=\"https:\/\/amaelounge.com\/es\/wp-content\/uploads\/sites\/2\/2021\/10\/amae_Recurso-5-81.jpg\" \/>\n<meta name=\"twitter:card\" content=\"summary_large_image\" \/>\n<meta name=\"twitter:label1\" content=\"Tiempo de lectura\" \/>\n\t<meta name=\"twitter:data1\" content=\"4 minutos\" \/>\n<script type=\"application\/ld+json\" class=\"yoast-schema-graph\">{\"@context\":\"https:\\\/\\\/schema.org\",\"@graph\":[{\"@type\":\"WebPage\",\"@id\":\"https:\\\/\\\/amaelounge.com\\\/es\\\/sostenibilidad-integracion\\\/\",\"url\":\"https:\\\/\\\/amaelounge.com\\\/es\\\/sostenibilidad-integracion\\\/\",\"name\":\"Sostenibilidad e Integraci\u00f3n | Amae Lounge\",\"isPartOf\":{\"@id\":\"https:\\\/\\\/amaelounge.com\\\/es\\\/#website\"},\"primaryImageOfPage\":{\"@id\":\"https:\\\/\\\/amaelounge.com\\\/es\\\/sostenibilidad-integracion\\\/#primaryimage\"},\"image\":{\"@id\":\"https:\\\/\\\/amaelounge.com\\\/es\\\/sostenibilidad-integracion\\\/#primaryimage\"},\"thumbnailUrl\":\"https:\\\/\\\/amaelounge.com\\\/es\\\/wp-content\\\/uploads\\\/sites\\\/2\\\/2021\\\/10\\\/amae_Recurso-5-81.jpg\",\"datePublished\":\"2021-10-29T18:02:30+00:00\",\"dateModified\":\"2025-03-28T20:12:01+00:00\",\"description\":\"Comprometido con ser el primer operador de lounge inclusivo y sostenible del mundo, AMAE Lounge est\u00e1 comprometido en todos los niveles a hacer su parte para hacer del mundo un lugar mejor para todos.\",\"breadcrumb\":{\"@id\":\"https:\\\/\\\/amaelounge.com\\\/es\\\/sostenibilidad-integracion\\\/#breadcrumb\"},\"inLanguage\":\"es\",\"potentialAction\":[{\"@type\":\"ReadAction\",\"target\":[\"https:\\\/\\\/amaelounge.com\\\/es\\\/sostenibilidad-integracion\\\/\"]}]},{\"@type\":\"ImageObject\",\"inLanguage\":\"es\",\"@id\":\"https:\\\/\\\/amaelounge.com\\\/es\\\/sostenibilidad-integracion\\\/#primaryimage\",\"url\":\"https:\\\/\\\/amaelounge.com\\\/es\\\/wp-content\\\/uploads\\\/sites\\\/2\\\/2021\\\/10\\\/amae_Recurso-5-81.jpg\",\"contentUrl\":\"https:\\\/\\\/amaelounge.com\\\/es\\\/wp-content\\\/uploads\\\/sites\\\/2\\\/2021\\\/10\\\/amae_Recurso-5-81.jpg\",\"width\":654,\"height\":513},{\"@type\":\"BreadcrumbList\",\"@id\":\"https:\\\/\\\/amaelounge.com\\\/es\\\/sostenibilidad-integracion\\\/#breadcrumb\",\"itemListElement\":[{\"@type\":\"ListItem\",\"position\":1,\"name\":\"Portada\",\"item\":\"https:\\\/\\\/amaelounge.com\\\/es\\\/\"},{\"@type\":\"ListItem\",\"position\":2,\"name\":\"Sustainability &amp; Inclusion\"}]},{\"@type\":\"WebSite\",\"@id\":\"https:\\\/\\\/amaelounge.com\\\/es\\\/#website\",\"url\":\"https:\\\/\\\/amaelounge.com\\\/es\\\/\",\"name\":\"AMAE Lounge ES\",\"description\":\"AMAE Lounge\",\"potentialAction\":[{\"@type\":\"SearchAction\",\"target\":{\"@type\":\"EntryPoint\",\"urlTemplate\":\"https:\\\/\\\/amaelounge.com\\\/es\\\/?s={search_term_string}\"},\"query-input\":{\"@type\":\"PropertyValueSpecification\",\"valueRequired\":true,\"valueName\":\"search_term_string\"}}],\"inLanguage\":\"es\"}]}<\/script>\n<!-- \/ Yoast SEO plugin. -->","yoast_head_json":{"title":"Sostenibilidad e Integraci\u00f3n | Amae Lounge","description":"Comprometido con ser el primer operador de lounge inclusivo y sostenible del mundo, AMAE Lounge est\u00e1 comprometido en todos los niveles a hacer su parte para hacer del mundo un lugar mejor para todos.","robots":{"index":"index","follow":"follow","max-snippet":"max-snippet:-1","max-image-preview":"max-image-preview:large","max-video-preview":"max-video-preview:-1"},"canonical":"https:\/\/amaelounge.com\/es\/sostenibilidad-integracion\/","og_locale":"es_ES","og_type":"article","og_title":"Sostenibilidad e Integraci\u00f3n | Amae Lounge","og_description":"Comprometido con ser el primer operador de lounge inclusivo y sostenible del mundo, AMAE Lounge est\u00e1 comprometido en todos los niveles a hacer su parte para hacer del mundo un lugar mejor para todos.","og_url":"https:\/\/amaelounge.com\/es\/sostenibilidad-integracion\/","og_site_name":"AMAE Lounge ES","article_modified_time":"2025-03-28T20:12:01+00:00","og_image":[{"url":"https:\/\/amaelounge.com\/es\/wp-content\/uploads\/sites\/2\/2021\/10\/amae_Recurso-5-81.jpg","type":"","width":"","height":""}],"twitter_card":"summary_large_image","twitter_misc":{"Tiempo de lectura":"4 minutos"},"schema":{"@context":"https:\/\/schema.org","@graph":[{"@type":"WebPage","@id":"https:\/\/amaelounge.com\/es\/sostenibilidad-integracion\/","url":"https:\/\/amaelounge.com\/es\/sostenibilidad-integracion\/","name":"Sostenibilidad e Integraci\u00f3n | Amae Lounge","isPartOf":{"@id":"https:\/\/amaelounge.com\/es\/#website"},"primaryImageOfPage":{"@id":"https:\/\/amaelounge.com\/es\/sostenibilidad-integracion\/#primaryimage"},"image":{"@id":"https:\/\/amaelounge.com\/es\/sostenibilidad-integracion\/#primaryimage"},"thumbnailUrl":"https:\/\/amaelounge.com\/es\/wp-content\/uploads\/sites\/2\/2021\/10\/amae_Recurso-5-81.jpg","datePublished":"2021-10-29T18:02:30+00:00","dateModified":"2025-03-28T20:12:01+00:00","description":"Comprometido con ser el primer operador de lounge inclusivo y sostenible del mundo, AMAE Lounge est\u00e1 comprometido en todos los niveles a hacer su parte para hacer del mundo un lugar mejor para todos.","breadcrumb":{"@id":"https:\/\/amaelounge.com\/es\/sostenibilidad-integracion\/#breadcrumb"},"inLanguage":"es","potentialAction":[{"@type":"ReadAction","target":["https:\/\/amaelounge.com\/es\/sostenibilidad-integracion\/"]}]},{"@type":"ImageObject","inLanguage":"es","@id":"https:\/\/amaelounge.com\/es\/sostenibilidad-integracion\/#primaryimage","url":"https:\/\/amaelounge.com\/es\/wp-content\/uploads\/sites\/2\/2021\/10\/amae_Recurso-5-81.jpg","contentUrl":"https:\/\/amaelounge.com\/es\/wp-content\/uploads\/sites\/2\/2021\/10\/amae_Recurso-5-81.jpg","width":654,"height":513},{"@type":"BreadcrumbList","@id":"https:\/\/amaelounge.com\/es\/sostenibilidad-integracion\/#breadcrumb","itemListElement":[{"@type":"ListItem","position":1,"name":"Portada","item":"https:\/\/amaelounge.com\/es\/"},{"@type":"ListItem","position":2,"name":"Sustainability &amp; Inclusion"}]},{"@type":"WebSite","@id":"https:\/\/amaelounge.com\/es\/#website","url":"https:\/\/amaelounge.com\/es\/","name":"AMAE Lounge ES","description":"AMAE Lounge","potentialAction":[{"@type":"SearchAction","target":{"@type":"EntryPoint","urlTemplate":"https:\/\/amaelounge.com\/es\/?s={search_term_string}"},"query-input":{"@type":"PropertyValueSpecification","valueRequired":true,"valueName":"search_term_string"}}],"inLanguage":"es"}]}},"_links":{"self":[{"href":"https:\/\/amaelounge.com\/es\/wp-json\/wp\/v2\/pages\/371","targetHints":{"allow":["GET"]}}],"collection":[{"href":"https:\/\/amaelounge.com\/es\/wp-json\/wp\/v2\/pages"}],"about":[{"href":"https:\/\/amaelounge.com\/es\/wp-json\/wp\/v2\/types\/page"}],"author":[{"embeddable":true,"href":"https:\/\/amaelounge.com\/es\/wp-json\/wp\/v2\/users\/2"}],"replies":[{"embeddable":true,"href":"https:\/\/amaelounge.com\/es\/wp-json\/wp\/v2\/comments?post=371"}],"version-history":[{"count":10,"href":"https:\/\/amaelounge.com\/es\/wp-json\/wp\/v2\/pages\/371\/revisions"}],"predecessor-version":[{"id":17654,"href":"https:\/\/amaelounge.com\/es\/wp-json\/wp\/v2\/pages\/371\/revisions\/17654"}],"wp:attachment":[{"href":"https:\/\/amaelounge.com\/es\/wp-json\/wp\/v2\/media?parent=371"}],"curies":[{"name":"wp","href":"https:\/\/api.w.org\/{rel}","templated":true}]}}