{"id":333,"date":"2021-10-29T10:49:31","date_gmt":"2021-10-29T13:49:31","guid":{"rendered":"https:\/\/amaelounge.com\/es\/?page_id=333"},"modified":"2022-01-25T13:17:59","modified_gmt":"2022-01-25T16:17:59","slug":"trabaja-con-nosotros","status":"publish","type":"page","link":"https:\/\/amaelounge.com\/es\/trabaja-con-nosotros\/","title":{"rendered":"Work with Us"},"content":{"rendered":"\n\t<section class=\"section pages-headers\" id=\"section_479826894\">\n\t\t<div class=\"bg section-bg fill bg-fill  bg-loaded\" >\n\n\t\t\t\n\t\t\t\n\t\t\t\n\n\t\t<\/div>\n\n\t\t\n\n\t\t<div class=\"section-content relative\">\n\t\t\t\n\n<div class=\"row row-collapse row-full-width align-bottom\"  id=\"row-199065894\">\n\n\n\t<div id=\"col-712560551\" class=\"col medium-6 small-12 large-6\"  >\n\t\t\t\t<div class=\"col-inner\"  >\n\t\t\t\n\t\t\t\n\n\t<div class=\"img has-hover x md-x lg-x y md-y lg-y\" id=\"image_855327510\">\n\t\t\t\t\t\t\t\t<div class=\"img-inner dark\" >\n\t\t\t<img loading=\"lazy\" decoding=\"async\" width=\"800\" height=\"350\" src=\"https:\/\/amaelounge.com\/es\/wp-content\/uploads\/sites\/2\/2021\/10\/amae_Recurso-1-80-4.jpg\" class=\"attachment-original size-original\" alt=\"\" srcset=\"https:\/\/amaelounge.com\/es\/wp-content\/uploads\/sites\/2\/2021\/10\/amae_Recurso-1-80-4.jpg 800w, https:\/\/amaelounge.com\/es\/wp-content\/uploads\/sites\/2\/2021\/10\/amae_Recurso-1-80-4-300x131.jpg 300w, https:\/\/amaelounge.com\/es\/wp-content\/uploads\/sites\/2\/2021\/10\/amae_Recurso-1-80-4-768x336.jpg 768w\" sizes=\"auto, (max-width: 800px) 100vw, 800px\" \/>\t\t\t\t\t\t\n\t\t\t\t\t<\/div>\n\t\t\t\t\t\t\t\t\n<style>\n#image_855327510 {\n  width: 100%;\n}\n<\/style>\n\t<\/div>\n\t\n\n\n\t\t<\/div>\n\t\t\t\t\t<\/div>\n\n\t\n\n\t<div id=\"col-706644311\" class=\"col medium-5 small-12 large-5\"  >\n\t\t\t\t<div class=\"col-inner\"  >\n\t\t\t\n\t\t\t\n\n\t<div id=\"text-1281926675\" class=\"text\">\n\t\t\n\n<h1 style=\"line-height: 1;\">Trabaja con<strong> nosotros<\/strong><\/h1>\n\n\t\t\n<style>\n#text-1281926675 {\n  font-size: 2.2rem;\n}\n@media (min-width:550px) {\n  #text-1281926675 {\n    font-size: 2.5rem;\n  }\n}\n<\/style>\n\t<\/div>\n\t\n\t<div id=\"gap-1048368849\" class=\"gap-element clearfix hide-for-small\" style=\"display:block; height:auto;\">\n\t\t\n<style>\n#gap-1048368849 {\n  padding-top: 30px;\n}\n<\/style>\n\t<\/div>\n\t\n\n\n\t\t<\/div>\n\t\t\t\t\n<style>\n#col-706644311 > .col-inner {\n  padding: 5% 5% 5% 5%;\n  max-width: 550px;\n}\n<\/style>\n\t<\/div>\n\n\t\n\n\t<div id=\"col-739865375\" class=\"col hide-for-small medium-1 small-12 large-1\"  >\n\t\t\t\t<div class=\"col-inner\"  >\n\t\t\t\n\t\t\t\n\n\t<div id=\"text-1141753434\" class=\"text hide-for-small\">\n\t\t\n\n<p><img loading=\"lazy\" decoding=\"async\" class=\"size-full wp-image-311 alignleft\" src=\"https:\/\/amaelounge.com\/es\/wp-content\/uploads\/sites\/2\/2021\/10\/amae_Recurso-2-80-3.jpg\" alt=\"\" width=\"30\" height=\"200\" \/><\/p>\n\t\t\t<\/div>\n\t\n\n\t\t<\/div>\n\t\t\t\t\t<\/div>\n\n\t\n\n<\/div>\n\n\t\t<\/div>\n\n\t\t\n<style>\n#section_479826894 {\n  padding-top: 30px;\n  padding-bottom: 30px;\n}\n<\/style>\n\t<\/section>\n\t\n\n\t<section class=\"section\" id=\"section_410093160\">\n\t\t<div class=\"bg section-bg fill bg-fill  bg-loaded\" >\n\n\t\t\t\n\t\t\t\n\t\t\t\n\n\t\t<\/div>\n\n\t\t\n\n\t\t<div class=\"section-content relative\">\n\t\t\t\n\n<div class=\"row row-large\"  id=\"row-437800898\">\n\n\n\t<div id=\"col-798273099\" class=\"col medium-6 small-12 large-6\"  >\n\t\t\t\t<div class=\"col-inner\"  >\n\t\t\t\n\t\t\t\n\n<p>Si tienes una personalidad c\u00e1lida y afectuosa y crees en hacer una diferencia para nuestros invitados con hospitalidad, comunicaci\u00f3n y habilidades de presentaci\u00f3n queremos saber de t\u00ed.<\/p>\n<p>Si tambi\u00e9n crees en hacer una diferencia positiva para la comunidad y el medio ambiente te queremos en nuestro equipo.<\/p>\n<p>Ser parte de AMAE Lounge te ofrecer\u00e1 excelentes oportunidades de capacitaci\u00f3n y<br \/>\nexperiencia laboral en el sector de viajes y turismo. Esto te ayudar\u00e1 a crecer en tu carrera.<\/p>\n<p>Puedes enviarnos tu CV aqu\u00ed y lo consideraremos en cada ocasi\u00f3n que estemos contratando.\n<\/p>\n\n\n\t\t<\/div>\n\t\t\t\t\t<\/div>\n\n\t\n\n\t<div id=\"col-60767475\" class=\"col medium-6 small-12 large-6\"  >\n\t\t\t\t<div class=\"col-inner\"  >\n\t\t\t\n\t\t\t\n\n<p>\nSomos un empleador que ofrece igualdad de oportunidades y damos la bienvenida a solicitantes de diversos or\u00edgenes.\n<\/p>\n\n\t<div id=\"text-1527025653\" class=\"text\">\n\t\t\n\n<h2><span data-text-color=\"primary\"><strong>Sube tu curr\u00edculum para ser considerado<\/p>\n<p><\/strong><\/span><\/h2>\n\n\t\t\n<style>\n#text-1527025653 {\n  font-size: 1.2rem;\n}\n<\/style>\n\t<\/div>\n\t\n<div class=\"accordion upload_cv\">\n\n\t<div id=\"accordion-3888277707\" class=\"accordion-item\">\n\t\t<a id=\"accordion-3888277707-label\" class=\"accordion-title plain\" href=\"#accordion-item-subir-cv\" aria-expanded=\"false\" aria-controls=\"accordion-3888277707-content\" >\n\t\t\t<button class=\"toggle\" aria-label=\"Toggle\"><i class=\"icon-angle-down\"><\/i><\/button>\n\t\t\t<span>Subir CV<\/span>\n\t\t<\/a>\n\t\t<div id=\"accordion-3888277707-content\" class=\"accordion-inner\" aria-labelledby=\"accordion-3888277707-label\" >\n\t\t\t\n\n\n<div class=\"wpcf7 no-js\" id=\"wpcf7-f545-o1\" lang=\"es-AR\" dir=\"ltr\" data-wpcf7-id=\"545\">\n<div class=\"screen-reader-response\"><p role=\"status\" aria-live=\"polite\" aria-atomic=\"true\"><\/p> <ul><\/ul><\/div>\n<form action=\"\/es\/wp-json\/wp\/v2\/pages\/333#wpcf7-f545-o1\" method=\"post\" class=\"wpcf7-form init\" aria-label=\"Formulario de contacto\" enctype=\"multipart\/form-data\" novalidate=\"novalidate\" data-status=\"init\">\n<fieldset class=\"hidden-fields-container\"><input type=\"hidden\" name=\"_wpcf7\" value=\"545\" \/><input type=\"hidden\" name=\"_wpcf7_version\" value=\"6.1.5\" \/><input type=\"hidden\" name=\"_wpcf7_locale\" value=\"es_AR\" \/><input type=\"hidden\" name=\"_wpcf7_unit_tag\" value=\"wpcf7-f545-o1\" \/><input type=\"hidden\" name=\"_wpcf7_container_post\" value=\"0\" \/><input type=\"hidden\" name=\"_wpcf7_posted_data_hash\" value=\"\" \/>\n<\/fieldset>\n<p><label><br \/>\n<span class=\"wpcf7-form-control-wrap\" data-name=\"your-name\"><input size=\"40\" maxlength=\"400\" class=\"wpcf7-form-control wpcf7-text wpcf7-validates-as-required\" aria-required=\"true\" aria-invalid=\"false\" placeholder=\"Nombre\" value=\"\" type=\"text\" name=\"your-name\" \/><\/span> <\/label><br \/>\n<label><br \/>\n<span class=\"wpcf7-form-control-wrap\" data-name=\"email-660\"><input size=\"40\" maxlength=\"400\" class=\"wpcf7-form-control wpcf7-email wpcf7-validates-as-required wpcf7-text wpcf7-validates-as-email\" aria-required=\"true\" aria-invalid=\"false\" placeholder=\"Email\" value=\"\" type=\"email\" name=\"email-660\" \/><\/span> <\/label><br \/>\n<label><br \/>\n<span class=\"wpcf7-form-control-wrap\" data-name=\"file-408\"><input size=\"40\" class=\"wpcf7-form-control wpcf7-file\" accept=\".doc,.docx,.pdf\" aria-invalid=\"false\" type=\"file\" name=\"file-408\" \/><\/span> <\/label><br \/>\n<label><br \/>\n<span class=\"wpcf7-form-control-wrap\" data-name=\"acceptance-315\"><span class=\"wpcf7-form-control wpcf7-acceptance\"><span class=\"wpcf7-list-item\"><label><input type=\"checkbox\" name=\"acceptance-315\" value=\"1\" aria-invalid=\"false\" \/><span class=\"wpcf7-list-item-label\">Aceptaci\u00f3n de la<a href=\".\/privacy-policies\/\" target=\"_blank\"> Pol\u00edtica y Privacidad <\/a><\/span><\/label><\/span><\/span><\/span> <\/label>\n<\/p>\n<p><input class=\"wpcf7-form-control wpcf7-submit has-spinner\" type=\"submit\" value=\"Enviar\" \/>\n<\/p><div class=\"wpcf7-response-output\" aria-hidden=\"true\"><\/div>\n<\/form>\n<\/div>\n\n\n\n\t\t<\/div>\n\t<\/div>\n\t\n\n<\/div>\n\n\t\t<\/div>\n\t\t\t\t\t<\/div>\n\n\t\n\n<\/div>\n\n\t\t<\/div>\n\n\t\t\n<style>\n#section_410093160 {\n  padding-top: 30px;\n  padding-bottom: 30px;\n}\n<\/style>\n\t<\/section>\n\t\n\t<div id=\"gap-1961156916\" class=\"gap-element clearfix\" style=\"display:block; height:auto;\">\n\t\t\n<style>\n#gap-1961156916 {\n  padding-top: 75px;\n}\n<\/style>\n\t<\/div>\n\t\n\n\n","protected":false},"excerpt":{"rendered":"","protected":false},"author":2,"featured_media":0,"parent":0,"menu_order":0,"comment_status":"closed","ping_status":"closed","template":"page-blank.php","meta":{"inline_featured_image":false,"footnotes":""},"class_list":["post-333","page","type-page","status-publish","hentry"],"yoast_head":"<!-- This site is optimized with the Yoast SEO plugin v27.3 - https:\/\/yoast.com\/product\/yoast-seo-wordpress\/ -->\n<title>Trabaja con Nosotros | Amae Lounge<\/title>\n<meta name=\"description\" content=\"Somos un empleador que ofrece igualdad de oportunidades y damos la bienvenida a solicitantes de diversos or\u00edgenes; despu\u00e9s de todo, somos personas VIP y muy inclusivas\" \/>\n<meta name=\"robots\" content=\"index, follow, max-snippet:-1, max-image-preview:large, max-video-preview:-1\" \/>\n<link rel=\"canonical\" href=\"https:\/\/amaelounge.com\/es\/trabaja-con-nosotros\/\" \/>\n<meta property=\"og:locale\" content=\"es_ES\" \/>\n<meta property=\"og:type\" content=\"article\" \/>\n<meta property=\"og:title\" content=\"Trabaja con Nosotros | Amae Lounge\" \/>\n<meta property=\"og:description\" content=\"Somos un empleador que ofrece igualdad de oportunidades y damos la bienvenida a solicitantes de diversos or\u00edgenes; despu\u00e9s de todo, somos personas VIP y muy inclusivas\" \/>\n<meta property=\"og:url\" content=\"https:\/\/amaelounge.com\/es\/trabaja-con-nosotros\/\" \/>\n<meta property=\"og:site_name\" content=\"AMAE Lounge ES\" \/>\n<meta property=\"article:modified_time\" content=\"2022-01-25T16:17:59+00:00\" \/>\n<meta name=\"twitter:card\" content=\"summary_large_image\" \/>\n<meta name=\"twitter:label1\" content=\"Tiempo de lectura\" \/>\n\t<meta name=\"twitter:data1\" content=\"1 minuto\" \/>\n<script type=\"application\/ld+json\" class=\"yoast-schema-graph\">{\"@context\":\"https:\\\/\\\/schema.org\",\"@graph\":[{\"@type\":\"WebPage\",\"@id\":\"https:\\\/\\\/amaelounge.com\\\/es\\\/trabaja-con-nosotros\\\/\",\"url\":\"https:\\\/\\\/amaelounge.com\\\/es\\\/trabaja-con-nosotros\\\/\",\"name\":\"Trabaja con Nosotros | Amae Lounge\",\"isPartOf\":{\"@id\":\"https:\\\/\\\/amaelounge.com\\\/es\\\/#website\"},\"datePublished\":\"2021-10-29T13:49:31+00:00\",\"dateModified\":\"2022-01-25T16:17:59+00:00\",\"description\":\"Somos un empleador que ofrece igualdad de oportunidades y damos la bienvenida a solicitantes de diversos or\u00edgenes; despu\u00e9s de todo, somos personas VIP y muy inclusivas\",\"breadcrumb\":{\"@id\":\"https:\\\/\\\/amaelounge.com\\\/es\\\/trabaja-con-nosotros\\\/#breadcrumb\"},\"inLanguage\":\"es\",\"potentialAction\":[{\"@type\":\"ReadAction\",\"target\":[\"https:\\\/\\\/amaelounge.com\\\/es\\\/trabaja-con-nosotros\\\/\"]}]},{\"@type\":\"BreadcrumbList\",\"@id\":\"https:\\\/\\\/amaelounge.com\\\/es\\\/trabaja-con-nosotros\\\/#breadcrumb\",\"itemListElement\":[{\"@type\":\"ListItem\",\"position\":1,\"name\":\"Portada\",\"item\":\"https:\\\/\\\/amaelounge.com\\\/es\\\/\"},{\"@type\":\"ListItem\",\"position\":2,\"name\":\"Work with Us\"}]},{\"@type\":\"WebSite\",\"@id\":\"https:\\\/\\\/amaelounge.com\\\/es\\\/#website\",\"url\":\"https:\\\/\\\/amaelounge.com\\\/es\\\/\",\"name\":\"AMAE Lounge ES\",\"description\":\"AMAE Lounge\",\"potentialAction\":[{\"@type\":\"SearchAction\",\"target\":{\"@type\":\"EntryPoint\",\"urlTemplate\":\"https:\\\/\\\/amaelounge.com\\\/es\\\/?s={search_term_string}\"},\"query-input\":{\"@type\":\"PropertyValueSpecification\",\"valueRequired\":true,\"valueName\":\"search_term_string\"}}],\"inLanguage\":\"es\"}]}<\/script>\n<!-- \/ Yoast SEO plugin. -->","yoast_head_json":{"title":"Trabaja con Nosotros | Amae Lounge","description":"Somos un empleador que ofrece igualdad de oportunidades y damos la bienvenida a solicitantes de diversos or\u00edgenes; despu\u00e9s de todo, somos personas VIP y muy inclusivas","robots":{"index":"index","follow":"follow","max-snippet":"max-snippet:-1","max-image-preview":"max-image-preview:large","max-video-preview":"max-video-preview:-1"},"canonical":"https:\/\/amaelounge.com\/es\/trabaja-con-nosotros\/","og_locale":"es_ES","og_type":"article","og_title":"Trabaja con Nosotros | Amae Lounge","og_description":"Somos un empleador que ofrece igualdad de oportunidades y damos la bienvenida a solicitantes de diversos or\u00edgenes; despu\u00e9s de todo, somos personas VIP y muy inclusivas","og_url":"https:\/\/amaelounge.com\/es\/trabaja-con-nosotros\/","og_site_name":"AMAE Lounge ES","article_modified_time":"2022-01-25T16:17:59+00:00","twitter_card":"summary_large_image","twitter_misc":{"Tiempo de lectura":"1 minuto"},"schema":{"@context":"https:\/\/schema.org","@graph":[{"@type":"WebPage","@id":"https:\/\/amaelounge.com\/es\/trabaja-con-nosotros\/","url":"https:\/\/amaelounge.com\/es\/trabaja-con-nosotros\/","name":"Trabaja con Nosotros | Amae Lounge","isPartOf":{"@id":"https:\/\/amaelounge.com\/es\/#website"},"datePublished":"2021-10-29T13:49:31+00:00","dateModified":"2022-01-25T16:17:59+00:00","description":"Somos un empleador que ofrece igualdad de oportunidades y damos la bienvenida a solicitantes de diversos or\u00edgenes; despu\u00e9s de todo, somos personas VIP y muy inclusivas","breadcrumb":{"@id":"https:\/\/amaelounge.com\/es\/trabaja-con-nosotros\/#breadcrumb"},"inLanguage":"es","potentialAction":[{"@type":"ReadAction","target":["https:\/\/amaelounge.com\/es\/trabaja-con-nosotros\/"]}]},{"@type":"BreadcrumbList","@id":"https:\/\/amaelounge.com\/es\/trabaja-con-nosotros\/#breadcrumb","itemListElement":[{"@type":"ListItem","position":1,"name":"Portada","item":"https:\/\/amaelounge.com\/es\/"},{"@type":"ListItem","position":2,"name":"Work with Us"}]},{"@type":"WebSite","@id":"https:\/\/amaelounge.com\/es\/#website","url":"https:\/\/amaelounge.com\/es\/","name":"AMAE Lounge ES","description":"AMAE Lounge","potentialAction":[{"@type":"SearchAction","target":{"@type":"EntryPoint","urlTemplate":"https:\/\/amaelounge.com\/es\/?s={search_term_string}"},"query-input":{"@type":"PropertyValueSpecification","valueRequired":true,"valueName":"search_term_string"}}],"inLanguage":"es"}]}},"_links":{"self":[{"href":"https:\/\/amaelounge.com\/es\/wp-json\/wp\/v2\/pages\/333","targetHints":{"allow":["GET"]}}],"collection":[{"href":"https:\/\/amaelounge.com\/es\/wp-json\/wp\/v2\/pages"}],"about":[{"href":"https:\/\/amaelounge.com\/es\/wp-json\/wp\/v2\/types\/page"}],"author":[{"embeddable":true,"href":"https:\/\/amaelounge.com\/es\/wp-json\/wp\/v2\/users\/2"}],"replies":[{"embeddable":true,"href":"https:\/\/amaelounge.com\/es\/wp-json\/wp\/v2\/comments?post=333"}],"version-history":[{"count":21,"href":"https:\/\/amaelounge.com\/es\/wp-json\/wp\/v2\/pages\/333\/revisions"}],"predecessor-version":[{"id":1003,"href":"https:\/\/amaelounge.com\/es\/wp-json\/wp\/v2\/pages\/333\/revisions\/1003"}],"wp:attachment":[{"href":"https:\/\/amaelounge.com\/es\/wp-json\/wp\/v2\/media?parent=333"}],"curies":[{"name":"wp","href":"https:\/\/api.w.org\/{rel}","templated":true}]}}