{"id":3,"date":"2021-10-19T12:38:14","date_gmt":"2021-10-19T15:38:14","guid":{"rendered":"https:\/\/amaelounge.com\/es\/?page_id=3"},"modified":"2022-01-05T13:48:27","modified_gmt":"2022-01-05T16:48:27","slug":"privacy-policies","status":"publish","type":"page","link":"https:\/\/amaelounge.com\/es\/privacy-policies\/","title":{"rendered":"Privacy Policies"},"content":{"rendered":"\n<p>La Pol\u00edtica de Privacidad de www.amaelounge.com&nbsp;(en adelante el \u201csitio web\u201d) es aplicable a todos los invitados o usuarios registrados del sitio web desde el momento de la navegaci\u00f3n por el mismo, ya que implica la aceptaci\u00f3n de los T\u00e9rminos y Condiciones de Uso. &nbsp;Lea con atenci\u00f3n, antes de utilizar el sitio web, la pol\u00edtica de Privacidad &nbsp;que tiene como objetivo que los usuarios conozcan el trato que&nbsp;AMAE S.A. y\/o AMAE Holdings S.A. ( en adelante denominados en conjunto \u201cAMAE LOUNGE\u201d) les dar\u00e1 a sus datos personales.<\/p>\n\n\n\n<p><strong>1. <\/strong><strong>RESPONSABLE DEL TRATAMIENTO DE DATOS<\/strong>. En virtud de lo dispuesto por la Ley de Protecci\u00f3n de Datos Personales N\u00b0 25.326 y dem\u00e1s disposiciones aplicables, AMAE LOUNGE, con domicilio para o\u00edr y recibir notificaciones, en Carlos Pellegrini 1069, Piso 9, Ciudad Aut\u00f3noma de Buenos Aires, le informa que es el Responsable del uso y protecci\u00f3n de sus datos personales, los cuales son tratados de forma estrictamente privada y confidencial. Por lo que la obtenci\u00f3n, tratamiento y ejercicio de los derechos derivados de dicho tratamiento, se hace mediante un uso adecuado y leg\u00edtimo, siempre bajo los principios de licitud, consentimiento, calidad, informaci\u00f3n, proporcionalidad, responsabilidad, lealtad y finalidad y los deberes de seguridad y confidencialidad establecidos en la Ley de Protecci\u00f3n de Datos Personales.<\/p>\n\n\n\n<p><strong>2. Disposiciones Generales.<\/strong>&nbsp;La informaci\u00f3n personal de los usuarios es de extrema importancia para AMAE LOUNGE. Es por ello que se utilizan todos los medios administrativos y t\u00e9cnicos a nuestro alcance, as\u00ed como todos los resguardos legales necesarios para asegurar la protecci\u00f3n de los datos personales y la privacidad de acuerdo a lo establecido por la Ley 25.326 de Protecci\u00f3n de Datos Personales, el Decreto Reglamentario 1558\/2001 y las Disposiciones de la Direcci\u00f3n Nacional de Protecci\u00f3n de Datos Personales (DNPDP).<\/p>\n\n\n\n<p>La presente Pol\u00edtica de Privacidad se aplica a toda informaci\u00f3n personal de los usuarios que se hayan obtenido por la utilizaci\u00f3n del sitio web y de la contrataci\u00f3n de los servicios ofrecidos en el mismo.<\/p>\n\n\n\n<p><strong>3. Formas de obtenci\u00f3n de datos.<\/strong> AMAE LOUNGE recoger\u00e1 datos personales de los usuarios a trav\u00e9s de formularios e interacciones dentro del sitio web conforme lo establecido en el punto siguiente.<\/p>\n\n\n\n<p><strong>4. Datos recolectados.<\/strong> Los usuarios del sitio web proveen de dos tipos de informaciones a AMAE LOUNGE: (1) datos que el usuario provee y carga voluntariamente al Sitio cuando decide recibir &nbsp;alguno de los Servicios, y (2) datos de tr\u00e1fico que se genera al navegar por el sitio web. Dentro de la primera categor\u00eda, los datos personales que AMAE LOUNGE recolecta a trav\u00e9s de las distintas secciones del sitio web son: a. Reservas (http:\/\/www.amaelounge.com\/book): Nombre y apellido, n\u00famero de tel\u00e9fono, detalles de vuelo, email, y cantidad y forma de ingresos a la sala VIP deseadas. b. Contacto (www.amaelounge.com\/contact): Nombre y apellido, tel\u00e9fono, email y mensaje. c. Encuesta de satisfacci\u00f3n al cliente (<a href=\"http:\/\/www.amaelounge.com\/loungesurvey\">www.amaelounge.com\/loungesurvey<\/a> y\/ohttps:\/\/www.surveymonkey.com\/r\/3JRYHND): Nombre, email, comentarios.<\/p>\n\n\n\n<p>Respecto a la segunda categor\u00eda de datos, AMAE LOUNGE recibe informaci\u00f3n tal como: tipo de navegador del usuario, direcci\u00f3n IP, tiempo de duraci\u00f3n de la navegaci\u00f3n por el sitio web, p\u00e1gina que ha reenviado al usuario al sitio web, tr\u00e1fico y preferencias dentro del sitio, etc.<\/p>\n\n\n\n<p><strong>5. Confidencialidad.<\/strong> La informaci\u00f3n personal es totalmente confidencial y AMAE LOUNGE tomar\u00e1 las medidas de seguridad para evitar su uso desautorizado de conformidad con lo dispuesto en la Ley 25.326 de Protecci\u00f3n de Datos Personales de Argentina, y en concordancia con los est\u00e1ndares normativos de privacidad de la Uni\u00f3n Europea y Latinoam\u00e9rica. Las comunicaciones privadas que pudieran darse entre el personal de AMAE LOUNGE y los usuarios tambi\u00e9n ser\u00e1n consideradas como confidenciales. El acceso a toda esta informaci\u00f3n estar\u00e1 restringido mediante herramientas tecnol\u00f3gicas y estrictos controles internos. Sin embargo, no se considerar\u00e1n confidenciales las comunicaciones electr\u00f3nicas entre los usuarios o entre estos y AMAE LOUNGE con sugerencias y\/o consultas y\/o en cumplimiento de condiciones de promociones o concursos, newsletters, publicidad o informaci\u00f3n solicitada. En estos casos AMAE LOUNGE podr\u00e1 retener y utilizar libremente dichas comunicaciones.<\/p>\n\n\n\n<p><strong>6. Finalidad.<\/strong> En cumplimiento de lo establecido en los arts. 2, 7 y 8 de la Ley 25.326, AMAE LOUNGE no solicitar\u00e1 informaci\u00f3n que sea incompatible con la finalidad del sitio web o de sus servicios, ni que directa o indirectamente revele datos sensibles de los usuarios, como ser datos que revelan origen racial y \u00e9tnico, opiniones pol\u00edticas, convicciones religiosas, filos\u00f3ficas o morales, afiliaci\u00f3n sindical, informaci\u00f3n referente a la salud o a la vida sexual. De la misma manera AMAE LOUNGE sugiere a los usuarios no incluir esta informaci\u00f3n en el sitio web. Asimismo, los usuarios prestan su consentimiento a que AMAE LOUNGE pueda utilizar la direcci\u00f3n de correo electr\u00f3nico para fines publicitarios, de marketing y para promociones.<\/p>\n\n\n\n<p><strong>7. Administraci\u00f3n de la informaci\u00f3n.<\/strong> AMAE LOUNGE utilizar\u00e1 la informaci\u00f3n para los siguientes fines: a) identificaci\u00f3n y autenticaci\u00f3n, b) administraci\u00f3n y gesti\u00f3n comercial, c) mejora del servicio, d) fines estad\u00edsticos, e) env\u00edo de notificaciones, promociones o publicidad y actividades similares. Los datos personales no ser\u00e1n difundidos ni empleados para un fin distinto o incompatible al tenido en cuenta al ser ingresados en la base. AMAE LOUNGE podr\u00e1 emplear a otras compa\u00f1\u00edas y\/o personas f\u00edsicas para llevar a cabo tareas o funciones en su nombre. Entre los ejemplos de ese tipo podemos mencionar el de enviar correo postal y electr\u00f3nico, retirar informaci\u00f3n reiterativa de las listas de usuarios, analizar datos en forma estad\u00edstica, etc. Dichas personas cuentan con acceso a la informaci\u00f3n personal necesaria para cumplir con sus tareas y funciones, pero no pueden utilizarla con otros fines distintos. Si se tratase de una comunicaci\u00f3n de publicidad directa no requerida o consentida previamente por el Usuario, AMAE LOUNGE le otorgar\u00e1 al Usuario la posibilidad de ser retirado o bloqueado de dicha base de datos espec\u00edfica. En caso de cesi\u00f3n o utilizaci\u00f3n para un fin diferente, AMAE LOUNGE solicitar\u00e1 a los usuarios su consentimiento libre, expreso e informado. En el caso de venta, cesi\u00f3n, fusi\u00f3n, consolidaci\u00f3n, venta de la totalidad o parte sustancial de sus activos, AMAE LOUNGE podr\u00e1 revelar o transmitir dicha informaci\u00f3n a terceros previa notificaci\u00f3n a los usuarios.<\/p>\n\n\n\n<p><strong>8. Registro de la Base de Datos.<\/strong> Los datos recabados por el sitio web son incorporados a una base de datos de la cual AMAE LOUNGE es responsable. La misma se encuentra registrada en la Direcci\u00f3n Nacional de Protecci\u00f3n de Datos Personales del Ministerio de Justicia y Derechos Humanos de la Naci\u00f3n (Rep\u00fablica Argentina) bajo el registro N\u00b0 71.340, en cumplimiento de lo dispuesto en el art. 3 de la Ley 25.326. La Direcci\u00f3n Nacional de Protecci\u00f3n de Datos Personales, \u00d3rgano de Control de la Ley N\u00ba 25.326, tiene la atribuci\u00f3n de atender las denuncias y reclamos que se interpongan con relaci\u00f3n al incumplimiento de las normas sobre protecci\u00f3n de datos personales. El sitio web para consultas sobre responsables inscriptos es www.jus.gob.ar\/datospersonales<\/p>\n\n\n\n<p><strong>9. Derechos.<\/strong> El usuario tiene la facultad de ejercer el derecho de acceso a sus datos en forma gratuita a intervalos no inferiores a seis (6) meses, salvo que se acredite un inter\u00e9s leg\u00edtimo al efecto conforme lo establecido en el art\u00edculo 14, inciso 3 de la Ley N\u00ba 25.326. La Direcci\u00f3n Nacional de Protecci\u00f3n de Datos Personales, \u00d3rgano de Control de la Ley N\u00ba 25.326, tiene la atribuci\u00f3n de atender las denuncias y reclamos que se interpongan con relaci\u00f3n al incumplimiento de las normas sobre protecci\u00f3n de datos personales. Asimismo, se deja constancia que el titular de los datos podr\u00e1 en cualquier momento solicitar el retiro o bloqueo de su nombre de los bancos de datos (Ley 25.326, art. 27, inc. 3). Esto se hace en cumplimiento de lo establecido en el Decreto 1558\/2001, art. 27, p\u00e1rrafo 3, que establece que \u201cen toda comunicaci\u00f3n con fines de publicidad que se realice por correo, tel\u00e9fono, correo electr\u00f3nico, Internet u otro medio a distancia a conocer, se deber\u00e1 indicar, en forma expresa y destacada, la posibilidad del titular del dato de solicitar el retiro o bloqueo, total o parcial, de su nombre de la base de datos. A pedido del interesado, se deber\u00e1 informar el nombre del responsable o usuario del banco de datos que provey\u00f3 la informaci\u00f3n\u201d.<\/p>\n\n\n\n<p><strong>10. Procedimiento.<\/strong> Para que el Usuario pueda hacer efectivo su derecho de acceso, rectificaci\u00f3n, actualizaci\u00f3n, supresi\u00f3n y confidencialidad de datos, deber\u00e1 tener en consideraci\u00f3n lo siguiente: a. La solicitud de obtenci\u00f3n de informaci\u00f3n, rectificaci\u00f3n, actualizaci\u00f3n o supresi\u00f3n de datos personales debe efectuarse por carta documento dirigida a Av. del Libertador 6223, Piso 11 oficina 6 (C1428ARF), Ciudad Aut\u00f3noma de Buenos Aires, Rep\u00fablica Argentina, acreditando la identidad y el leg\u00edtimo derecho. b. Una vez recibida y aprobada dicha solicitud, AMAE LOUNGE la contestar\u00e1 en lenguaje accesible y entendible, previa confirmaci\u00f3n de identidad, dentro de los diez (10) d\u00edas corridos para el caso de pedido de informaci\u00f3n mientras que, para el pedido de rectificaci\u00f3n, actualizaci\u00f3n o supresi\u00f3n de datos, el responsable contar\u00e1 con cinco (5) d\u00edas h\u00e1biles para contestar. c. AMAE LOUNGE informar\u00e1 de la forma m\u00e1s concreta y claramente posible y contestar\u00e1 de acuerdo a la preferencia que expresamente haya manifestado el interesado en su solicitud. En ning\u00fan caso el informe podr\u00e1 revelar datos pertenecientes a terceros. d. La informaci\u00f3n podr\u00e1 ser denegada cuando de tal modo se pudieran obstaculizar actuaciones judiciales o administrativas en curso.<\/p>\n\n\n\n<p><strong>11. Seguridad de la informaci\u00f3n.<\/strong> AMAE LOUNGE se ocupa por mantener todo el tiempo la seguridad de la informaci\u00f3n personal que brindan los usuarios, implementando las medidas t\u00e9cnicas y organizativas internas necesarias para garantizar la seguridad y confidencialidad de los datos y tratando por todos los medios de evitar el acceso no autorizado a los mismos. Sin embargo, en raz\u00f3n del estado actual de la tecnolog\u00eda, AMAE LOUNGE no puede garantizar que el acceso no autorizado no ocurrir\u00e1 nunca.<\/p>\n\n\n\n<p><strong>12. Seguridad de las contrase\u00f1as.<\/strong> Para acceder y editar su perfil personal en el sitio web de AMAE LOUNGE, los usuarios utilizar\u00e1n una contrase\u00f1a. AMAE LOUNGE no tendr\u00e1 acceso ni dispondr\u00e1 en ning\u00fan momento de dicha contrase\u00f1a y aconseja fuertemente al usuario a consignar una contrase\u00f1a alfanum\u00e9rica con altos grados de seguridad y que no tenga relaci\u00f3n con informaci\u00f3n sobre su persona a fin de que no pueda ser deducida por terceros. Asimismo, se recomienda que sea modificada peri\u00f3dicamente. Los usuarios deber\u00e1n guardar absoluta seguridad y confidencialidad de las contrase\u00f1as en el sitio web siendo los \u00fanicos responsables de todas las acciones que desde su cuenta se realicen, incluso si su contrase\u00f1a fuera utilizada de cualquier forma por terceros, lo que incluye el pago de las tarifas que se devenguen o por los perjuicios que puedan sufrir otros usuarios o AMAE LOUNGE. Por dicha raz\u00f3n deber\u00e1n realizar el mayor esfuerzo para evitar su utilizaci\u00f3n por parte de terceras personas ajenas al Usuario, sobre todo las no autorizadas.<\/p>\n\n\n\n<p><strong>13. <\/strong><strong>U<\/strong><strong>so de cookies.<\/strong> Los usuarios conocen y aceptan de plena conformidad que AMAE LOUNGE podr\u00e1 utilizar un sistema de seguimiento mediante el uso de cookies. Las Cookies son archivos que se alojan en el disco r\u00edgido, con una duraci\u00f3n limitada en el tiempo que ayudan a personalizar los servicios. Las mismas permitir\u00e1n recoger datos a efectos de la autenticaci\u00f3n de usuarios, validaci\u00f3n de identidad y para evaluar el comportamiento y la demograf\u00eda de los usuarios con el fin de ofrecerles un mejor servicio. Asimismo, podr\u00e1n utilizarse con fines estad\u00edsticos tales como: fecha de la primera visita, n\u00famero de veces que se ha visitado, fecha de la \u00faltima visita, URL y dominio de la que proviene, explorador utilizado, resoluci\u00f3n de la pantalla, entre otras acciones del Usuario. Tambi\u00e9n son utilizadas las Cookies para promover y hacer cumplir las reglas y seguridad del sitio. Toda esta informaci\u00f3n no ser\u00e1 asociada a los datos personales de los usuarios. No obstante, el Usuario puede desactivar y\/o eliminar estas cookies a trav\u00e9s de su navegador de Internet, sabiendo que, con esta opci\u00f3n, es posible que no se puedan acceder a ciertos contenidos del Sitio Web. AMAE LOUNGE pone en su conocimiento que, en ocasiones, puede haber existencia de cookies o archivos de similares caracter\u00edsticas instalados por terceros en algunos enlaces con el sitio web que no son controlados por AMAE LOUNGE. AMAE LOUNGE es responsable solamente por la utilizaci\u00f3n de Cookies por su propio sitio web y no por el uso de Cookies por parte de anunciantes.<\/p>\n\n\n\n<p><strong>14. Enlaces con otros sitios web.<\/strong> El sitio web puede contener enlaces o links publicitarios con sitios web de terceros. Sin embargo, AMAE LOUNGE no dispone de control alguno ni ostenta responsabilidad alguna sobre las pol\u00edticas o medidas de protecci\u00f3n de datos de otras aplicaciones y\/o sitios web.<\/p>\n\n\n\n<p><strong>15<\/strong><strong>. Plazo de conservaci\u00f3n de los Datos Personales:<\/strong> Conservamos sus datos personales durante el tiempo necesario para cumplir con las finalidades por las cuales los recogimos, salvo que la ley exija lo contrario.<\/p>\n\n\n\n<p>La presente Pol\u00edtica de Privacidad forma parte integrante de los T\u00e9rminos y Condiciones de Uso del Sitio.<\/p>\n","protected":false},"excerpt":{"rendered":"<p>La Pol\u00edtica de Privacidad de www.amaelounge.com&nbsp;(en adelante el \u201csitio web\u201d) es aplicable a todos los invitados o usuarios registrados del sitio web desde el momento de la navegaci\u00f3n por el mismo, ya que implica la aceptaci\u00f3n de los T\u00e9rminos y Condiciones de Uso. &nbsp;Lea con atenci\u00f3n, antes de utilizar el sitio web, la pol\u00edtica de [&#8230;]\n","protected":false},"author":1,"featured_media":0,"parent":0,"menu_order":0,"comment_status":"closed","ping_status":"open","template":"page-blank-title-center.php","meta":{"inline_featured_image":false,"footnotes":""},"class_list":["post-3","page","type-page","status-publish","hentry"],"yoast_head":"<!-- This site is optimized with the Yoast SEO plugin v27.3 - https:\/\/yoast.com\/product\/yoast-seo-wordpress\/ -->\n<title>Privacy Policies - AMAE Lounge ES<\/title>\n<meta name=\"robots\" content=\"index, follow, max-snippet:-1, max-image-preview:large, max-video-preview:-1\" \/>\n<link rel=\"canonical\" href=\"https:\/\/amaelounge.com\/es\/privacy-policies\/\" \/>\n<meta property=\"og:locale\" content=\"es_ES\" \/>\n<meta property=\"og:type\" content=\"article\" \/>\n<meta property=\"og:title\" content=\"Privacy Policies - AMAE Lounge ES\" \/>\n<meta property=\"og:description\" content=\"La Pol\u00edtica de Privacidad de www.amaelounge.com&nbsp;(en adelante el \u201csitio web\u201d) es aplicable a todos los invitados o usuarios registrados del sitio web desde el momento de la navegaci\u00f3n por el mismo, ya que implica la aceptaci\u00f3n de los T\u00e9rminos y Condiciones de Uso. &nbsp;Lea con atenci\u00f3n, antes de utilizar el sitio web, la pol\u00edtica de [...]\" \/>\n<meta property=\"og:url\" content=\"https:\/\/amaelounge.com\/es\/privacy-policies\/\" \/>\n<meta property=\"og:site_name\" content=\"AMAE Lounge ES\" \/>\n<meta property=\"article:modified_time\" content=\"2022-01-05T16:48:27+00:00\" \/>\n<meta name=\"twitter:card\" content=\"summary_large_image\" \/>\n<meta name=\"twitter:label1\" content=\"Tiempo de lectura\" \/>\n\t<meta name=\"twitter:data1\" content=\"10 minutos\" \/>\n<script type=\"application\/ld+json\" class=\"yoast-schema-graph\">{\"@context\":\"https:\\\/\\\/schema.org\",\"@graph\":[{\"@type\":\"WebPage\",\"@id\":\"https:\\\/\\\/amaelounge.com\\\/es\\\/privacy-policies\\\/\",\"url\":\"https:\\\/\\\/amaelounge.com\\\/es\\\/privacy-policies\\\/\",\"name\":\"Privacy Policies - AMAE Lounge ES\",\"isPartOf\":{\"@id\":\"https:\\\/\\\/amaelounge.com\\\/es\\\/#website\"},\"datePublished\":\"2021-10-19T15:38:14+00:00\",\"dateModified\":\"2022-01-05T16:48:27+00:00\",\"breadcrumb\":{\"@id\":\"https:\\\/\\\/amaelounge.com\\\/es\\\/privacy-policies\\\/#breadcrumb\"},\"inLanguage\":\"es\",\"potentialAction\":[{\"@type\":\"ReadAction\",\"target\":[\"https:\\\/\\\/amaelounge.com\\\/es\\\/privacy-policies\\\/\"]}]},{\"@type\":\"BreadcrumbList\",\"@id\":\"https:\\\/\\\/amaelounge.com\\\/es\\\/privacy-policies\\\/#breadcrumb\",\"itemListElement\":[{\"@type\":\"ListItem\",\"position\":1,\"name\":\"Portada\",\"item\":\"https:\\\/\\\/amaelounge.com\\\/es\\\/\"},{\"@type\":\"ListItem\",\"position\":2,\"name\":\"Privacy Policies\"}]},{\"@type\":\"WebSite\",\"@id\":\"https:\\\/\\\/amaelounge.com\\\/es\\\/#website\",\"url\":\"https:\\\/\\\/amaelounge.com\\\/es\\\/\",\"name\":\"AMAE Lounge ES\",\"description\":\"AMAE Lounge\",\"potentialAction\":[{\"@type\":\"SearchAction\",\"target\":{\"@type\":\"EntryPoint\",\"urlTemplate\":\"https:\\\/\\\/amaelounge.com\\\/es\\\/?s={search_term_string}\"},\"query-input\":{\"@type\":\"PropertyValueSpecification\",\"valueRequired\":true,\"valueName\":\"search_term_string\"}}],\"inLanguage\":\"es\"}]}<\/script>\n<!-- \/ Yoast SEO plugin. -->","yoast_head_json":{"title":"Privacy Policies - AMAE Lounge ES","robots":{"index":"index","follow":"follow","max-snippet":"max-snippet:-1","max-image-preview":"max-image-preview:large","max-video-preview":"max-video-preview:-1"},"canonical":"https:\/\/amaelounge.com\/es\/privacy-policies\/","og_locale":"es_ES","og_type":"article","og_title":"Privacy Policies - AMAE Lounge ES","og_description":"La Pol\u00edtica de Privacidad de www.amaelounge.com&nbsp;(en adelante el \u201csitio web\u201d) es aplicable a todos los invitados o usuarios registrados del sitio web desde el momento de la navegaci\u00f3n por el mismo, ya que implica la aceptaci\u00f3n de los T\u00e9rminos y Condiciones de Uso. &nbsp;Lea con atenci\u00f3n, antes de utilizar el sitio web, la pol\u00edtica de [...]","og_url":"https:\/\/amaelounge.com\/es\/privacy-policies\/","og_site_name":"AMAE Lounge ES","article_modified_time":"2022-01-05T16:48:27+00:00","twitter_card":"summary_large_image","twitter_misc":{"Tiempo de lectura":"10 minutos"},"schema":{"@context":"https:\/\/schema.org","@graph":[{"@type":"WebPage","@id":"https:\/\/amaelounge.com\/es\/privacy-policies\/","url":"https:\/\/amaelounge.com\/es\/privacy-policies\/","name":"Privacy Policies - AMAE Lounge ES","isPartOf":{"@id":"https:\/\/amaelounge.com\/es\/#website"},"datePublished":"2021-10-19T15:38:14+00:00","dateModified":"2022-01-05T16:48:27+00:00","breadcrumb":{"@id":"https:\/\/amaelounge.com\/es\/privacy-policies\/#breadcrumb"},"inLanguage":"es","potentialAction":[{"@type":"ReadAction","target":["https:\/\/amaelounge.com\/es\/privacy-policies\/"]}]},{"@type":"BreadcrumbList","@id":"https:\/\/amaelounge.com\/es\/privacy-policies\/#breadcrumb","itemListElement":[{"@type":"ListItem","position":1,"name":"Portada","item":"https:\/\/amaelounge.com\/es\/"},{"@type":"ListItem","position":2,"name":"Privacy Policies"}]},{"@type":"WebSite","@id":"https:\/\/amaelounge.com\/es\/#website","url":"https:\/\/amaelounge.com\/es\/","name":"AMAE Lounge ES","description":"AMAE Lounge","potentialAction":[{"@type":"SearchAction","target":{"@type":"EntryPoint","urlTemplate":"https:\/\/amaelounge.com\/es\/?s={search_term_string}"},"query-input":{"@type":"PropertyValueSpecification","valueRequired":true,"valueName":"search_term_string"}}],"inLanguage":"es"}]}},"_links":{"self":[{"href":"https:\/\/amaelounge.com\/es\/wp-json\/wp\/v2\/pages\/3","targetHints":{"allow":["GET"]}}],"collection":[{"href":"https:\/\/amaelounge.com\/es\/wp-json\/wp\/v2\/pages"}],"about":[{"href":"https:\/\/amaelounge.com\/es\/wp-json\/wp\/v2\/types\/page"}],"author":[{"embeddable":true,"href":"https:\/\/amaelounge.com\/es\/wp-json\/wp\/v2\/users\/1"}],"replies":[{"embeddable":true,"href":"https:\/\/amaelounge.com\/es\/wp-json\/wp\/v2\/comments?post=3"}],"version-history":[{"count":2,"href":"https:\/\/amaelounge.com\/es\/wp-json\/wp\/v2\/pages\/3\/revisions"}],"predecessor-version":[{"id":921,"href":"https:\/\/amaelounge.com\/es\/wp-json\/wp\/v2\/pages\/3\/revisions\/921"}],"wp:attachment":[{"href":"https:\/\/amaelounge.com\/es\/wp-json\/wp\/v2\/media?parent=3"}],"curies":[{"name":"wp","href":"https:\/\/api.w.org\/{rel}","templated":true}]}}