{"id":298,"date":"2021-10-29T08:45:20","date_gmt":"2021-10-29T11:45:20","guid":{"rendered":"https:\/\/amaelounge.com\/es\/?page_id=298"},"modified":"2024-07-10T15:08:28","modified_gmt":"2024-07-10T18:08:28","slug":"soluciones-empresariales","status":"publish","type":"page","link":"https:\/\/amaelounge.com\/es\/soluciones-empresariales\/","title":{"rendered":"Business Solutions"},"content":{"rendered":"\n\t<section class=\"section pages-headers\" id=\"section_1072826313\">\n\t\t<div class=\"bg section-bg fill bg-fill  bg-loaded\" >\n\n\t\t\t\n\t\t\t\n\t\t\t\n\n\t\t<\/div>\n\n\t\t\n\n\t\t<div class=\"section-content relative\">\n\t\t\t\n\n<div class=\"row row-collapse row-full-width align-bottom\"  id=\"row-40266032\">\n\n\n\t<div id=\"col-1497484397\" class=\"col medium-6 small-12 large-6\"  >\n\t\t\t\t<div class=\"col-inner\"  >\n\t\t\t\n\t\t\t\n\n\t<div class=\"img has-hover x md-x lg-x y md-y lg-y\" id=\"image_1956670374\">\n\t\t\t\t\t\t\t\t<div class=\"img-inner dark\" >\n\t\t\t<img loading=\"lazy\" decoding=\"async\" width=\"800\" height=\"350\" src=\"https:\/\/amaelounge.com\/es\/wp-content\/uploads\/sites\/2\/2021\/10\/amae_Recurso-1-80-2.jpg\" class=\"attachment-original size-original\" alt=\"\" srcset=\"https:\/\/amaelounge.com\/es\/wp-content\/uploads\/sites\/2\/2021\/10\/amae_Recurso-1-80-2.jpg 800w, https:\/\/amaelounge.com\/es\/wp-content\/uploads\/sites\/2\/2021\/10\/amae_Recurso-1-80-2-300x131.jpg 300w, https:\/\/amaelounge.com\/es\/wp-content\/uploads\/sites\/2\/2021\/10\/amae_Recurso-1-80-2-768x336.jpg 768w\" sizes=\"auto, (max-width: 800px) 100vw, 800px\" \/>\t\t\t\t\t\t\n\t\t\t\t\t<\/div>\n\t\t\t\t\t\t\t\t\n<style>\n#image_1956670374 {\n  width: 100%;\n}\n<\/style>\n\t<\/div>\n\t\n\n\n\t\t<\/div>\n\t\t\t\t\t<\/div>\n\n\t\n\n\t<div id=\"col-417380140\" class=\"col medium-5 small-12 large-5\"  >\n\t\t\t\t<div class=\"col-inner\"  >\n\t\t\t\n\t\t\t\n\n\t<div id=\"text-4065397688\" class=\"text\">\n\t\t\n\n<h1 style=\"line-height: 1;\">Soluciones de<strong> Negocios<\/strong><\/h1>\n\n\t\t\n<style>\n#text-4065397688 {\n  font-size: 2.1rem;\n}\n<\/style>\n\t<\/div>\n\t\n<p class=\"\">Siempre estamos buscando socios para despegar y crecer juntos. Si su empresa est\u00e1 interesada en alguno de los siguientes puntos p\u00f3ngase en contacto con nosotros.<\/p>\n\n\n\t\t<\/div>\n\t\t\t\t\n<style>\n#col-417380140 > .col-inner {\n  padding: 5% 5% 5% 5%;\n  max-width: 550px;\n}\n<\/style>\n\t<\/div>\n\n\t\n\n\t<div id=\"col-116429593\" class=\"col hide-for-small medium-1 small-12 large-1\"  >\n\t\t\t\t<div class=\"col-inner\"  >\n\t\t\t\n\t\t\t\n\n\t<div id=\"text-3478469306\" class=\"text hide-for-small\">\n\t\t\n\n<p><img loading=\"lazy\" decoding=\"async\" class=\"size-full wp-image-296 alignleft\" src=\"https:\/\/amaelounge.com\/es\/wp-content\/uploads\/sites\/2\/2021\/10\/amae_Recurso-2-80-2.jpg\" alt=\"\" width=\"30\" height=\"180\" \/><\/p>\n\t\t\t<\/div>\n\t\n\n\t\t<\/div>\n\t\t\t\t\t<\/div>\n\n\t\n\n<\/div>\n\n\t\t<\/div>\n\n\t\t\n<style>\n#section_1072826313 {\n  padding-top: 30px;\n  padding-bottom: 30px;\n}\n<\/style>\n\t<\/section>\n\t\n\n\t<section class=\"section business_solutions\" id=\"section_392061515\">\n\t\t<div class=\"bg section-bg fill bg-fill  bg-loaded\" >\n\n\t\t\t\n\t\t\t\n\t\t\t\n\n\t\t<\/div>\n\n\t\t\n\n\t\t<div class=\"section-content relative\">\n\t\t\t\n\n<div class=\"row\"  id=\"row-2099887109\">\n\n\n\t<div id=\"col-187131159\" class=\"col medium-6 small-12 large-6\"  >\n\t\t\t\t<div class=\"col-inner\"  >\n\t\t\t\n\t\t\t\n\n\t<div id=\"text-1720979297\" class=\"text business-list\">\n\t\t\n\n<ul>\n<li><strong>Gesti\u00f3n de acceso al sal\u00f3n corporativo<\/strong><\/li>\n<li><strong>Sustentabilidad y cooperaci\u00f3n ambiental en proyectos comunitarios<\/strong><\/li>\n<li><strong>Descuentos y beneficios especiales para sus clientes y los nuestros<br \/>\n<\/strong><\/li>\n<li><strong>Publicidad en el sal\u00f3n y promoci\u00f3n de productos<br \/>\n<\/strong><\/li>\n<li><strong>Desarrollo de lounge llave en mano: lo financiamos y nos ocupamos de todos los detalles <\/strong><\/li>\n<li><strong>Servicios de operaci\u00f3n y administraci\u00f3n de instalaciones<\/strong><\/li>\n<li><strong>Soluciones digitales para salas y productos de aeropuerto Premium: como fast track, estacionamiento, membres\u00edas, an\u00e1lisis, administraci\u00f3n de capacidad y m\u00e1s<br \/>\n<\/strong><\/li>\n<li><strong>Reuniones y asistencia<\/strong><\/li>\n<li><strong>Servicios de consultor\u00eda<br \/>\n<\/strong><\/li>\n<li><strong>Soluciones FBO<br \/>\n<\/strong><\/li>\n<li><strong>Academia de entrenamiento<br \/>\n<\/strong><\/li>\n<\/ul>\n\n\t\t\t<\/div>\n\t\n\n\t\t<\/div>\n\t\t\t\t\t<\/div>\n\n\t\n\n\t<div id=\"col-445665354\" class=\"col medium-6 small-12 large-6\"  >\n\t\t\t\t<div class=\"col-inner\"  >\n\t\t\t\n\t\t\t\n\n<p>Con una trayectoria de m\u00e1s de 15 a\u00f1os brindando experiencias satisfactorias a miles de viajeros alrededor del mundo, nos enorgullece compartir nuestro saber hacer y asociarnos con empresas con perspectivas similares.<\/p>\n<a href=\"mailto:business@amaelounge.com\" target=\"_blank\" class=\"button alert\" rel=\"noopener\"  >\n    <span>CONTACTANOS<\/span>\n  <\/a>\n\n\n\n\t\t<\/div>\n\t\t\t\t\t<\/div>\n\n\t\n\n<\/div>\n\n\t\t<\/div>\n\n\t\t\n<style>\n#section_392061515 {\n  padding-top: 30px;\n  padding-bottom: 30px;\n}\n<\/style>\n\t<\/section>\n\t\n\t<div id=\"gap-1348780099\" class=\"gap-element clearfix\" style=\"display:block; height:auto;\">\n\t\t\n<style>\n#gap-1348780099 {\n  padding-top: 30px;\n}\n<\/style>\n\t<\/div>\n\t\n\n\n","protected":false},"excerpt":{"rendered":"","protected":false},"author":2,"featured_media":0,"parent":0,"menu_order":0,"comment_status":"closed","ping_status":"closed","template":"page-blank.php","meta":{"inline_featured_image":false,"footnotes":""},"class_list":["post-298","page","type-page","status-publish","hentry"],"yoast_head":"<!-- This site is optimized with the Yoast SEO plugin v27.4 - https:\/\/yoast.com\/product\/yoast-seo-wordpress\/ -->\n<title>Soluciones Empresariales | Amae Lounge<\/title>\n<meta name=\"description\" content=\"Siempre estamos buscando socios para despegar y crecer juntos. Si su empresa est\u00e1 interesada en alguno de los siguientes soluciones , p\u00f3ngase en contacto con nosotros.\" \/>\n<meta name=\"robots\" content=\"index, follow, max-snippet:-1, max-image-preview:large, max-video-preview:-1\" \/>\n<link rel=\"canonical\" href=\"https:\/\/amaelounge.com\/es\/soluciones-empresariales\/\" \/>\n<meta property=\"og:locale\" content=\"es_ES\" \/>\n<meta property=\"og:type\" content=\"article\" \/>\n<meta property=\"og:title\" content=\"Soluciones Empresariales | Amae Lounge\" \/>\n<meta property=\"og:description\" content=\"Siempre estamos buscando socios para despegar y crecer juntos. Si su empresa est\u00e1 interesada en alguno de los siguientes soluciones , p\u00f3ngase en contacto con nosotros.\" \/>\n<meta property=\"og:url\" content=\"https:\/\/amaelounge.com\/es\/soluciones-empresariales\/\" \/>\n<meta property=\"og:site_name\" content=\"AMAE Lounge ES\" \/>\n<meta property=\"article:modified_time\" content=\"2024-07-10T18:08:28+00:00\" \/>\n<meta name=\"twitter:card\" content=\"summary_large_image\" \/>\n<meta name=\"twitter:label1\" content=\"Tiempo de lectura\" \/>\n\t<meta name=\"twitter:data1\" content=\"1 minuto\" \/>\n<script type=\"application\/ld+json\" class=\"yoast-schema-graph\">{\"@context\":\"https:\\\/\\\/schema.org\",\"@graph\":[{\"@type\":\"WebPage\",\"@id\":\"https:\\\/\\\/amaelounge.com\\\/es\\\/soluciones-empresariales\\\/\",\"url\":\"https:\\\/\\\/amaelounge.com\\\/es\\\/soluciones-empresariales\\\/\",\"name\":\"Soluciones Empresariales | Amae Lounge\",\"isPartOf\":{\"@id\":\"https:\\\/\\\/amaelounge.com\\\/es\\\/#website\"},\"datePublished\":\"2021-10-29T11:45:20+00:00\",\"dateModified\":\"2024-07-10T18:08:28+00:00\",\"description\":\"Siempre estamos buscando socios para despegar y crecer juntos. Si su empresa est\u00e1 interesada en alguno de los siguientes soluciones , p\u00f3ngase en contacto con nosotros.\",\"breadcrumb\":{\"@id\":\"https:\\\/\\\/amaelounge.com\\\/es\\\/soluciones-empresariales\\\/#breadcrumb\"},\"inLanguage\":\"es\",\"potentialAction\":[{\"@type\":\"ReadAction\",\"target\":[\"https:\\\/\\\/amaelounge.com\\\/es\\\/soluciones-empresariales\\\/\"]}]},{\"@type\":\"BreadcrumbList\",\"@id\":\"https:\\\/\\\/amaelounge.com\\\/es\\\/soluciones-empresariales\\\/#breadcrumb\",\"itemListElement\":[{\"@type\":\"ListItem\",\"position\":1,\"name\":\"Portada\",\"item\":\"https:\\\/\\\/amaelounge.com\\\/es\\\/\"},{\"@type\":\"ListItem\",\"position\":2,\"name\":\"Business Solutions\"}]},{\"@type\":\"WebSite\",\"@id\":\"https:\\\/\\\/amaelounge.com\\\/es\\\/#website\",\"url\":\"https:\\\/\\\/amaelounge.com\\\/es\\\/\",\"name\":\"AMAE Lounge ES\",\"description\":\"AMAE Lounge\",\"potentialAction\":[{\"@type\":\"SearchAction\",\"target\":{\"@type\":\"EntryPoint\",\"urlTemplate\":\"https:\\\/\\\/amaelounge.com\\\/es\\\/?s={search_term_string}\"},\"query-input\":{\"@type\":\"PropertyValueSpecification\",\"valueRequired\":true,\"valueName\":\"search_term_string\"}}],\"inLanguage\":\"es\"}]}<\/script>\n<!-- \/ Yoast SEO plugin. -->","yoast_head_json":{"title":"Soluciones Empresariales | Amae Lounge","description":"Siempre estamos buscando socios para despegar y crecer juntos. Si su empresa est\u00e1 interesada en alguno de los siguientes soluciones , p\u00f3ngase en contacto con nosotros.","robots":{"index":"index","follow":"follow","max-snippet":"max-snippet:-1","max-image-preview":"max-image-preview:large","max-video-preview":"max-video-preview:-1"},"canonical":"https:\/\/amaelounge.com\/es\/soluciones-empresariales\/","og_locale":"es_ES","og_type":"article","og_title":"Soluciones Empresariales | Amae Lounge","og_description":"Siempre estamos buscando socios para despegar y crecer juntos. Si su empresa est\u00e1 interesada en alguno de los siguientes soluciones , p\u00f3ngase en contacto con nosotros.","og_url":"https:\/\/amaelounge.com\/es\/soluciones-empresariales\/","og_site_name":"AMAE Lounge ES","article_modified_time":"2024-07-10T18:08:28+00:00","twitter_card":"summary_large_image","twitter_misc":{"Tiempo de lectura":"1 minuto"},"schema":{"@context":"https:\/\/schema.org","@graph":[{"@type":"WebPage","@id":"https:\/\/amaelounge.com\/es\/soluciones-empresariales\/","url":"https:\/\/amaelounge.com\/es\/soluciones-empresariales\/","name":"Soluciones Empresariales | Amae Lounge","isPartOf":{"@id":"https:\/\/amaelounge.com\/es\/#website"},"datePublished":"2021-10-29T11:45:20+00:00","dateModified":"2024-07-10T18:08:28+00:00","description":"Siempre estamos buscando socios para despegar y crecer juntos. Si su empresa est\u00e1 interesada en alguno de los siguientes soluciones , p\u00f3ngase en contacto con nosotros.","breadcrumb":{"@id":"https:\/\/amaelounge.com\/es\/soluciones-empresariales\/#breadcrumb"},"inLanguage":"es","potentialAction":[{"@type":"ReadAction","target":["https:\/\/amaelounge.com\/es\/soluciones-empresariales\/"]}]},{"@type":"BreadcrumbList","@id":"https:\/\/amaelounge.com\/es\/soluciones-empresariales\/#breadcrumb","itemListElement":[{"@type":"ListItem","position":1,"name":"Portada","item":"https:\/\/amaelounge.com\/es\/"},{"@type":"ListItem","position":2,"name":"Business Solutions"}]},{"@type":"WebSite","@id":"https:\/\/amaelounge.com\/es\/#website","url":"https:\/\/amaelounge.com\/es\/","name":"AMAE Lounge ES","description":"AMAE Lounge","potentialAction":[{"@type":"SearchAction","target":{"@type":"EntryPoint","urlTemplate":"https:\/\/amaelounge.com\/es\/?s={search_term_string}"},"query-input":{"@type":"PropertyValueSpecification","valueRequired":true,"valueName":"search_term_string"}}],"inLanguage":"es"}]}},"_links":{"self":[{"href":"https:\/\/amaelounge.com\/es\/wp-json\/wp\/v2\/pages\/298","targetHints":{"allow":["GET"]}}],"collection":[{"href":"https:\/\/amaelounge.com\/es\/wp-json\/wp\/v2\/pages"}],"about":[{"href":"https:\/\/amaelounge.com\/es\/wp-json\/wp\/v2\/types\/page"}],"author":[{"embeddable":true,"href":"https:\/\/amaelounge.com\/es\/wp-json\/wp\/v2\/users\/2"}],"replies":[{"embeddable":true,"href":"https:\/\/amaelounge.com\/es\/wp-json\/wp\/v2\/comments?post=298"}],"version-history":[{"count":10,"href":"https:\/\/amaelounge.com\/es\/wp-json\/wp\/v2\/pages\/298\/revisions"}],"predecessor-version":[{"id":4707,"href":"https:\/\/amaelounge.com\/es\/wp-json\/wp\/v2\/pages\/298\/revisions\/4707"}],"wp:attachment":[{"href":"https:\/\/amaelounge.com\/es\/wp-json\/wp\/v2\/media?parent=298"}],"curies":[{"name":"wp","href":"https:\/\/api.w.org\/{rel}","templated":true}]}}