{"id":252,"date":"2021-10-29T06:42:50","date_gmt":"2021-10-29T09:42:50","guid":{"rendered":"https:\/\/amaelounge.com\/es\/?page_id=252"},"modified":"2026-01-26T11:01:03","modified_gmt":"2026-01-26T14:01:03","slug":"nosotros","status":"publish","type":"page","link":"https:\/\/amaelounge.com\/es\/nosotros\/","title":{"rendered":"About Us"},"content":{"rendered":"\n\t<section class=\"section pages-headers\" id=\"section_1754532586\">\n\t\t<div class=\"bg section-bg fill bg-fill  bg-loaded\" >\n\n\t\t\t\n\t\t\t\n\t\t\t\n\n\t\t<\/div>\n\n\t\t\n\n\t\t<div class=\"section-content relative\">\n\t\t\t\n\n<div class=\"row row-collapse row-full-width align-bottom\"  id=\"row-234647265\">\n\n\n\t<div id=\"col-102594226\" class=\"col medium-6 small-12 large-6\"  >\n\t\t\t\t<div class=\"col-inner\"  >\n\t\t\t\n\t\t\t\n\n\t<div class=\"img has-hover x md-x lg-x y md-y lg-y\" id=\"image_339820353\">\n\t\t\t\t\t\t\t\t<div class=\"img-inner dark\" >\n\t\t\t<img loading=\"lazy\" decoding=\"async\" width=\"800\" height=\"350\" src=\"https:\/\/amaelounge.com\/es\/wp-content\/uploads\/sites\/2\/2021\/10\/amae-intro-about-us-2.jpg\" class=\"attachment-original size-original\" alt=\"\" srcset=\"https:\/\/amaelounge.com\/es\/wp-content\/uploads\/sites\/2\/2021\/10\/amae-intro-about-us-2.jpg 800w, https:\/\/amaelounge.com\/es\/wp-content\/uploads\/sites\/2\/2021\/10\/amae-intro-about-us-2-300x131.jpg 300w, https:\/\/amaelounge.com\/es\/wp-content\/uploads\/sites\/2\/2021\/10\/amae-intro-about-us-2-768x336.jpg 768w\" sizes=\"auto, (max-width: 800px) 100vw, 800px\" \/>\t\t\t\t\t\t\n\t\t\t\t\t<\/div>\n\t\t\t\t\t\t\t\t\n<style>\n#image_339820353 {\n  width: 100%;\n}\n<\/style>\n\t<\/div>\n\t\n\n\n\t\t<\/div>\n\t\t\t\t\t<\/div>\n\n\t\n\n\t<div id=\"col-411635214\" class=\"col medium-5 small-12 large-5\"  >\n\t\t\t\t<div class=\"col-inner\"  >\n\t\t\t\n\t\t\t\n\n\t<div id=\"text-2831932445\" class=\"text\">\n\t\t\n\n<h1>Sobre <strong>Nosotros<\/strong><\/h1>\n\t\t\n<style>\n#text-2831932445 {\n  font-size: 2.5rem;\n}\n<\/style>\n\t<\/div>\n\t\n\t<div id=\"text-30371354\" class=\"text\">\n\t\t\n\n<p class=\"lead\">AMAE Lounge naci\u00f3 por la iniciativa de un grupo de profesionales de los Salones PREMIUM y aeropuertos m\u00e1s importantes del mundo.\n<\/p>\n\t\t\n<style>\n#text-30371354 {\n  line-height: 1.3;\n}\n<\/style>\n\t<\/div>\n\t\n\n\t\t<\/div>\n\t\t\t\t\n<style>\n#col-411635214 > .col-inner {\n  padding: 5% 5% 5% 5%;\n  max-width: 550px;\n}\n<\/style>\n\t<\/div>\n\n\t\n\n\t<div id=\"col-1943629499\" class=\"col hide-for-small medium-1 small-12 large-1\"  >\n\t\t\t\t<div class=\"col-inner\"  >\n\t\t\t\n\t\t\t\n\n\t<div id=\"text-523015798\" class=\"text hide-for-small\">\n\t\t\n\n<p><img loading=\"lazy\" decoding=\"async\" class=\"size-full wp-image-247 alignleft\" src=\"https:\/\/amaelounge.com\/es\/wp-content\/uploads\/sites\/2\/2021\/10\/amae_Recurso-2-80-1.jpg\" alt=\"\" width=\"30\" height=\"180\" \/><\/p>\n\t\t\t<\/div>\n\t\n\n\t\t<\/div>\n\t\t\t\t\t<\/div>\n\n\t\n\n<\/div>\n\n\t\t<\/div>\n\n\t\t\n<style>\n#section_1754532586 {\n  padding-top: 30px;\n  padding-bottom: 30px;\n}\n<\/style>\n\t<\/section>\n\t\n\n\t<div id=\"gap-1073148928\" class=\"gap-element clearfix hide-for-small\" style=\"display:block; height:auto;\">\n\t\t\n<style>\n#gap-1073148928 {\n  padding-top: 100px;\n}\n@media (min-width:550px) {\n  #gap-1073148928 {\n    padding-top: 100px;\n  }\n}\n<\/style>\n\t<\/div>\n\t\n\n\t<section class=\"section\" id=\"section_2033921432\">\n\t\t<div class=\"bg section-bg fill bg-fill  bg-loaded\" >\n\n\t\t\t\n\t\t\t\n\t\t\t\n\n\t\t<\/div>\n\n\t\t\n\n\t\t<div class=\"section-content relative\">\n\t\t\t\n\n<div class=\"row row-collapse align-middle\"  id=\"row-1651904196\">\n\n\n\t<div id=\"col-748414240\" class=\"col medium-6 small-12 large-6\"  >\n\t\t\t\t<div class=\"col-inner\"  >\n\t\t\t\n\t\t\t\n\n\t<div id=\"text-977505702\" class=\"text hide-for-small\">\n\t\t\n\n<p>En AMAE Lounge poseemos la certificaci\u00f3n ISO 9001-2015, asegurando la calidad en cada proceso de la compa\u00f1\u00eda. Tambi\u00e9n nos hemos comprometido genuinamente con ser el primer operador sustentable e inclusivo  de salas VIP del mundo. Obtenga m\u00e1s informaci\u00f3n al respecto haciendo click <a href=\"#\">aqui.<\/a><\/p>\n\t\t\t<\/div>\n\t\n\n\t\t<\/div>\n\t\t\t\t\n<style>\n#col-748414240 > .col-inner {\n  padding: 0px 20px 0px 20px;\n}\n@media (min-width:550px) {\n  #col-748414240 > .col-inner {\n    padding: 0px 0px 0px 0px;\n  }\n}\n<\/style>\n\t<\/div>\n\n\t\n\n\t<div id=\"col-1289390906\" class=\"col medium-6 small-12 large-6\"  >\n\t\t\t\t<div class=\"col-inner\"  >\n\t\t\t\n\t\t\t\n\n<p><img loading=\"lazy\" decoding=\"async\" class=\"size-full wp-image-4711 alignleft\" src=\"https:\/\/amaelounge.com\/es\/wp-content\/uploads\/sites\/2\/2021\/10\/amae-content-aboutus-1.jpg\" alt=\"\" width=\"578\" height=\"237\" srcset=\"https:\/\/amaelounge.com\/es\/wp-content\/uploads\/sites\/2\/2021\/10\/amae-content-aboutus-1.jpg 578w, https:\/\/amaelounge.com\/es\/wp-content\/uploads\/sites\/2\/2021\/10\/amae-content-aboutus-1-300x123.jpg 300w\" sizes=\"auto, (max-width: 578px) 100vw, 578px\" \/><\/p>\n\t<div id=\"text-1800612411\" class=\"text show-for-small\">\n\t\t\n\n<p style=\"padding: 0 20px\">Nos preocupamos por la calidad y nos preocupamos por la responsabilidad. AMAE Lounge tiene la certificaci\u00f3n ISO 9001 y ofrece la mejor experiencia para el cliente en su clase. Tambi\u00e9n nos hemos comprometido genuinamente a ser el primer operador de salas VIP verdaderamente sustentable e inclusivo del mundo y puede obtener m\u00e1s informaci\u00f3n al respecto aqu\u00ed. here.<\/p>\n\t\t\t<\/div>\n\t\n\n\t\t<\/div>\n\t\t\t\t\t<\/div>\n\n\t\n\n<\/div>\n<div class=\"row row-collapse align-bottom\"  id=\"row-1277524572\">\n\n\n\t<div id=\"col-1519050274\" class=\"col medium-6 small-12 large-6\"  >\n\t\t\t\t<div class=\"col-inner\"  >\n\t\t\t\n\t\t\t\n\n<p><img loading=\"lazy\" decoding=\"async\" class=\"size-full wp-image-4712 alignleft\" src=\"https:\/\/amaelounge.com\/es\/wp-content\/uploads\/sites\/2\/2021\/10\/amae-content-aboutus-2.jpg\" alt=\"\" width=\"542\" height=\"258\" srcset=\"https:\/\/amaelounge.com\/es\/wp-content\/uploads\/sites\/2\/2021\/10\/amae-content-aboutus-2.jpg 542w, https:\/\/amaelounge.com\/es\/wp-content\/uploads\/sites\/2\/2021\/10\/amae-content-aboutus-2-300x143.jpg 300w\" sizes=\"auto, (max-width: 542px) 100vw, 542px\" \/><\/p>\n\n\t\t<\/div>\n\t\t\t\t\t<\/div>\n\n\t\n\n\t<div id=\"col-437282097\" class=\"col medium-6 small-12 large-6\"  >\n\t\t\t\t<div class=\"col-inner\"  >\n\t\t\t\n\t\t\t\n\n<p>Nuestra empresa asociada, CrossRacer, tiene m\u00e1s de 30 a\u00f1os de experiencia en Argentina, ofreciendo diversos servicios a las aerol\u00edneas internacionales l\u00edderes. La excelencia es nuestro camino.<\/p>\n\n\t\t<\/div>\n\t\t\t\t\n<style>\n#col-437282097 > .col-inner {\n  padding: 0px 20px 0px 20px;\n}\n@media (min-width:550px) {\n  #col-437282097 > .col-inner {\n    padding: 0 0px 0px 0px;\n  }\n}\n<\/style>\n\t<\/div>\n\n\t\n\n<\/div>\n\n\t\t<\/div>\n\n\t\t\n<style>\n#section_2033921432 {\n  padding-top: 0px;\n  padding-bottom: 0px;\n}\n<\/style>\n\t<\/section>\n\t\n\t<div id=\"gap-1335986688\" class=\"gap-element clearfix\" style=\"display:block; height:auto;\">\n\t\t\n<style>\n#gap-1335986688 {\n  padding-top: 100px;\n}\n@media (min-width:550px) {\n  #gap-1335986688 {\n    padding-top: 100px;\n  }\n}\n<\/style>\n\t<\/div>\n\t\n\n\t<section class=\"section\" id=\"section_1395170435\">\n\t\t<div class=\"bg section-bg fill bg-fill  bg-loaded\" >\n\n\t\t\t\n\t\t\t\n\t\t\t\n\n\t\t<\/div>\n\n\t\t\n\n\t\t<div class=\"section-content relative\">\n\t\t\t\n\n<div class=\"row row-large\"  id=\"row-2031088052\">\n\n\n\t<div id=\"col-1197241049\" class=\"col medium-7 small-12 large-7\"  >\n\t\t\t\t<div class=\"col-inner\"  >\n\t\t\t\n\t\t\t\n\n\t<div id=\"text-3575515997\" class=\"text\">\n\t\t\n\n<h2><strong>Creemos que todos los viajeros merecen lo mejor sin importar en qu\u00e9 parte del mundo se encuentren.<br \/><br \/><br \/><\/strong><\/h2>\n\t\t\n<style>\n#text-3575515997 {\n  font-size: 1.35rem;\n}\n<\/style>\n\t<\/div>\n\t\n<div class=\"is-divider divider clearfix\" ><\/div>\n\n<p>Nuestra pol\u00edtica de calidad se centra en proveer servicios consistentes y de excelencia incluyendo los requisitos aplicables, logrando una experiencia totalmente satisfactoria en los pasajeros. Buscamos ir m\u00e1s all\u00e1 de las expectativas de nuestros clientes. Para ello trabajamos con nuestro personal, en la capacitaci\u00f3n en una mejor atenci\u00f3n. Desarrollamos s\u00f3lidos v\u00ednculos con los proveedores, sosteniendo as\u00ed, una mejora continua en nuestros servicios.<\/p>\n<div class=\"is-divider divider clearfix\" style=\"max-width:100%;height:1px;background-color:rgb(231, 192, 185);\"><\/div>\n\n\n\t\t<\/div>\n\t\t\t\t\t<\/div>\n\n\t\n\n\t<div id=\"col-193931797\" class=\"col medium-5 small-12 large-5\"  >\n\t\t\t\t<div class=\"col-inner\"  >\n\t\t\t\n\t\t\t\n\n\t<div class=\"img has-hover x md-x lg-x y md-y lg-y\" id=\"image_574057749\">\n\t\t\t\t\t\t\t\t<div class=\"img-inner dark\" >\n\t\t\t<img loading=\"lazy\" decoding=\"async\" width=\"1965\" height=\"725\" src=\"https:\/\/amaelounge.com\/es\/wp-content\/uploads\/sites\/2\/2025\/12\/TR-Testmark_9108652313_EN_CMYK_with-QR-Code.jpg\" class=\"attachment-original size-original\" alt=\"\" srcset=\"https:\/\/amaelounge.com\/es\/wp-content\/uploads\/sites\/2\/2025\/12\/TR-Testmark_9108652313_EN_CMYK_with-QR-Code.jpg 1965w, https:\/\/amaelounge.com\/es\/wp-content\/uploads\/sites\/2\/2025\/12\/TR-Testmark_9108652313_EN_CMYK_with-QR-Code-300x111.jpg 300w, https:\/\/amaelounge.com\/es\/wp-content\/uploads\/sites\/2\/2025\/12\/TR-Testmark_9108652313_EN_CMYK_with-QR-Code-1024x378.jpg 1024w, https:\/\/amaelounge.com\/es\/wp-content\/uploads\/sites\/2\/2025\/12\/TR-Testmark_9108652313_EN_CMYK_with-QR-Code-768x283.jpg 768w, https:\/\/amaelounge.com\/es\/wp-content\/uploads\/sites\/2\/2025\/12\/TR-Testmark_9108652313_EN_CMYK_with-QR-Code-1536x567.jpg 1536w\" sizes=\"auto, (max-width: 1965px) 100vw, 1965px\" \/>\t\t\t\t\t\t\n\t\t\t\t\t<\/div>\n\t\t\t\t\t\t\t\t\n<style>\n#image_574057749 {\n  width: 100%;\n}\n@media (min-width:550px) {\n  #image_574057749 {\n    width: 70%;\n  }\n}\n<\/style>\n\t<\/div>\n\t\n\n\n\t\t<\/div>\n\t\t\t\t\t<\/div>\n\n\t\n\n<\/div>\n\t<div id=\"text-1890004206\" class=\"text hide-for-small\">\n\t\t\n\n<p><img loading=\"lazy\" decoding=\"async\" class=\"size-full wp-image-266 alignnone\" src=\"https:\/\/amaelounge.com\/es\/wp-content\/uploads\/sites\/2\/2021\/10\/amae_Recurso-6-80.jpg\" alt=\"\" width=\"180\" height=\"28\" style=\"position: absolute;top: 20%;right: 0\"><\/p>\n\t\t\t<\/div>\n\t\n\n\t\t<\/div>\n\n\t\t\n<style>\n#section_1395170435 {\n  padding-top: 30px;\n  padding-bottom: 30px;\n}\n<\/style>\n\t<\/section>\n\t\n\t<div id=\"gap-1272754289\" class=\"gap-element clearfix\" style=\"display:block; height:auto;\">\n\t\t\n<style>\n#gap-1272754289 {\n  padding-top: 30px;\n}\n<\/style>\n\t<\/div>\n\t\n\n\n","protected":false},"excerpt":{"rendered":"","protected":false},"author":2,"featured_media":0,"parent":0,"menu_order":0,"comment_status":"closed","ping_status":"closed","template":"page-blank.php","meta":{"inline_featured_image":false,"footnotes":""},"class_list":["post-252","page","type-page","status-publish","hentry"],"yoast_head":"<!-- This site is optimized with the Yoast SEO plugin v27.3 - https:\/\/yoast.com\/product\/yoast-seo-wordpress\/ -->\n<title>Nosotros | Amae Lounge<\/title>\n<meta name=\"description\" content=\"AMAE Lounge se fund\u00f3 en 2018 y reuni\u00f3 a algunos de los principales profesionales de aeropuertos y salas de espera del mundo. Con d\u00e9cadas de experiencia, brindamos servicios de calidad desarrollando salas de administraci\u00f3n de anuncios en Am\u00e9rica Latina y el Caribe\" \/>\n<meta name=\"robots\" content=\"index, follow, max-snippet:-1, max-image-preview:large, max-video-preview:-1\" \/>\n<link rel=\"canonical\" href=\"https:\/\/amaelounge.com\/es\/nosotros\/\" \/>\n<meta property=\"og:locale\" content=\"es_ES\" \/>\n<meta property=\"og:type\" content=\"article\" \/>\n<meta property=\"og:title\" content=\"Nosotros | Amae Lounge\" \/>\n<meta property=\"og:description\" content=\"AMAE Lounge se fund\u00f3 en 2018 y reuni\u00f3 a algunos de los principales profesionales de aeropuertos y salas de espera del mundo. Con d\u00e9cadas de experiencia, brindamos servicios de calidad desarrollando salas de administraci\u00f3n de anuncios en Am\u00e9rica Latina y el Caribe\" \/>\n<meta property=\"og:url\" content=\"https:\/\/amaelounge.com\/es\/nosotros\/\" \/>\n<meta property=\"og:site_name\" content=\"AMAE Lounge ES\" \/>\n<meta property=\"article:modified_time\" content=\"2026-01-26T14:01:03+00:00\" \/>\n<meta property=\"og:image\" content=\"https:\/\/amaelounge.com\/es\/wp-content\/uploads\/sites\/2\/2021\/10\/amae-content-aboutus-1.jpg\" \/>\n<meta name=\"twitter:card\" content=\"summary_large_image\" \/>\n<meta name=\"twitter:label1\" content=\"Tiempo de lectura\" \/>\n\t<meta name=\"twitter:data1\" content=\"2 minutos\" \/>\n<script type=\"application\/ld+json\" class=\"yoast-schema-graph\">{\"@context\":\"https:\\\/\\\/schema.org\",\"@graph\":[{\"@type\":\"WebPage\",\"@id\":\"https:\\\/\\\/amaelounge.com\\\/es\\\/nosotros\\\/\",\"url\":\"https:\\\/\\\/amaelounge.com\\\/es\\\/nosotros\\\/\",\"name\":\"Nosotros | Amae Lounge\",\"isPartOf\":{\"@id\":\"https:\\\/\\\/amaelounge.com\\\/es\\\/#website\"},\"primaryImageOfPage\":{\"@id\":\"https:\\\/\\\/amaelounge.com\\\/es\\\/nosotros\\\/#primaryimage\"},\"image\":{\"@id\":\"https:\\\/\\\/amaelounge.com\\\/es\\\/nosotros\\\/#primaryimage\"},\"thumbnailUrl\":\"https:\\\/\\\/amaelounge.com\\\/es\\\/wp-content\\\/uploads\\\/sites\\\/2\\\/2021\\\/10\\\/amae-content-aboutus-1.jpg\",\"datePublished\":\"2021-10-29T09:42:50+00:00\",\"dateModified\":\"2026-01-26T14:01:03+00:00\",\"description\":\"AMAE Lounge se fund\u00f3 en 2018 y reuni\u00f3 a algunos de los principales profesionales de aeropuertos y salas de espera del mundo. Con d\u00e9cadas de experiencia, brindamos servicios de calidad desarrollando salas de administraci\u00f3n de anuncios en Am\u00e9rica Latina y el Caribe\",\"breadcrumb\":{\"@id\":\"https:\\\/\\\/amaelounge.com\\\/es\\\/nosotros\\\/#breadcrumb\"},\"inLanguage\":\"es\",\"potentialAction\":[{\"@type\":\"ReadAction\",\"target\":[\"https:\\\/\\\/amaelounge.com\\\/es\\\/nosotros\\\/\"]}]},{\"@type\":\"ImageObject\",\"inLanguage\":\"es\",\"@id\":\"https:\\\/\\\/amaelounge.com\\\/es\\\/nosotros\\\/#primaryimage\",\"url\":\"https:\\\/\\\/amaelounge.com\\\/es\\\/wp-content\\\/uploads\\\/sites\\\/2\\\/2021\\\/10\\\/amae-content-aboutus-1.jpg\",\"contentUrl\":\"https:\\\/\\\/amaelounge.com\\\/es\\\/wp-content\\\/uploads\\\/sites\\\/2\\\/2021\\\/10\\\/amae-content-aboutus-1.jpg\",\"width\":578,\"height\":237},{\"@type\":\"BreadcrumbList\",\"@id\":\"https:\\\/\\\/amaelounge.com\\\/es\\\/nosotros\\\/#breadcrumb\",\"itemListElement\":[{\"@type\":\"ListItem\",\"position\":1,\"name\":\"Portada\",\"item\":\"https:\\\/\\\/amaelounge.com\\\/es\\\/\"},{\"@type\":\"ListItem\",\"position\":2,\"name\":\"About Us\"}]},{\"@type\":\"WebSite\",\"@id\":\"https:\\\/\\\/amaelounge.com\\\/es\\\/#website\",\"url\":\"https:\\\/\\\/amaelounge.com\\\/es\\\/\",\"name\":\"AMAE Lounge ES\",\"description\":\"AMAE Lounge\",\"potentialAction\":[{\"@type\":\"SearchAction\",\"target\":{\"@type\":\"EntryPoint\",\"urlTemplate\":\"https:\\\/\\\/amaelounge.com\\\/es\\\/?s={search_term_string}\"},\"query-input\":{\"@type\":\"PropertyValueSpecification\",\"valueRequired\":true,\"valueName\":\"search_term_string\"}}],\"inLanguage\":\"es\"}]}<\/script>\n<!-- \/ Yoast SEO plugin. -->","yoast_head_json":{"title":"Nosotros | Amae Lounge","description":"AMAE Lounge se fund\u00f3 en 2018 y reuni\u00f3 a algunos de los principales profesionales de aeropuertos y salas de espera del mundo. Con d\u00e9cadas de experiencia, brindamos servicios de calidad desarrollando salas de administraci\u00f3n de anuncios en Am\u00e9rica Latina y el Caribe","robots":{"index":"index","follow":"follow","max-snippet":"max-snippet:-1","max-image-preview":"max-image-preview:large","max-video-preview":"max-video-preview:-1"},"canonical":"https:\/\/amaelounge.com\/es\/nosotros\/","og_locale":"es_ES","og_type":"article","og_title":"Nosotros | Amae Lounge","og_description":"AMAE Lounge se fund\u00f3 en 2018 y reuni\u00f3 a algunos de los principales profesionales de aeropuertos y salas de espera del mundo. Con d\u00e9cadas de experiencia, brindamos servicios de calidad desarrollando salas de administraci\u00f3n de anuncios en Am\u00e9rica Latina y el Caribe","og_url":"https:\/\/amaelounge.com\/es\/nosotros\/","og_site_name":"AMAE Lounge ES","article_modified_time":"2026-01-26T14:01:03+00:00","og_image":[{"url":"https:\/\/amaelounge.com\/es\/wp-content\/uploads\/sites\/2\/2021\/10\/amae-content-aboutus-1.jpg","type":"","width":"","height":""}],"twitter_card":"summary_large_image","twitter_misc":{"Tiempo de lectura":"2 minutos"},"schema":{"@context":"https:\/\/schema.org","@graph":[{"@type":"WebPage","@id":"https:\/\/amaelounge.com\/es\/nosotros\/","url":"https:\/\/amaelounge.com\/es\/nosotros\/","name":"Nosotros | Amae Lounge","isPartOf":{"@id":"https:\/\/amaelounge.com\/es\/#website"},"primaryImageOfPage":{"@id":"https:\/\/amaelounge.com\/es\/nosotros\/#primaryimage"},"image":{"@id":"https:\/\/amaelounge.com\/es\/nosotros\/#primaryimage"},"thumbnailUrl":"https:\/\/amaelounge.com\/es\/wp-content\/uploads\/sites\/2\/2021\/10\/amae-content-aboutus-1.jpg","datePublished":"2021-10-29T09:42:50+00:00","dateModified":"2026-01-26T14:01:03+00:00","description":"AMAE Lounge se fund\u00f3 en 2018 y reuni\u00f3 a algunos de los principales profesionales de aeropuertos y salas de espera del mundo. Con d\u00e9cadas de experiencia, brindamos servicios de calidad desarrollando salas de administraci\u00f3n de anuncios en Am\u00e9rica Latina y el Caribe","breadcrumb":{"@id":"https:\/\/amaelounge.com\/es\/nosotros\/#breadcrumb"},"inLanguage":"es","potentialAction":[{"@type":"ReadAction","target":["https:\/\/amaelounge.com\/es\/nosotros\/"]}]},{"@type":"ImageObject","inLanguage":"es","@id":"https:\/\/amaelounge.com\/es\/nosotros\/#primaryimage","url":"https:\/\/amaelounge.com\/es\/wp-content\/uploads\/sites\/2\/2021\/10\/amae-content-aboutus-1.jpg","contentUrl":"https:\/\/amaelounge.com\/es\/wp-content\/uploads\/sites\/2\/2021\/10\/amae-content-aboutus-1.jpg","width":578,"height":237},{"@type":"BreadcrumbList","@id":"https:\/\/amaelounge.com\/es\/nosotros\/#breadcrumb","itemListElement":[{"@type":"ListItem","position":1,"name":"Portada","item":"https:\/\/amaelounge.com\/es\/"},{"@type":"ListItem","position":2,"name":"About Us"}]},{"@type":"WebSite","@id":"https:\/\/amaelounge.com\/es\/#website","url":"https:\/\/amaelounge.com\/es\/","name":"AMAE Lounge ES","description":"AMAE Lounge","potentialAction":[{"@type":"SearchAction","target":{"@type":"EntryPoint","urlTemplate":"https:\/\/amaelounge.com\/es\/?s={search_term_string}"},"query-input":{"@type":"PropertyValueSpecification","valueRequired":true,"valueName":"search_term_string"}}],"inLanguage":"es"}]}},"_links":{"self":[{"href":"https:\/\/amaelounge.com\/es\/wp-json\/wp\/v2\/pages\/252","targetHints":{"allow":["GET"]}}],"collection":[{"href":"https:\/\/amaelounge.com\/es\/wp-json\/wp\/v2\/pages"}],"about":[{"href":"https:\/\/amaelounge.com\/es\/wp-json\/wp\/v2\/types\/page"}],"author":[{"embeddable":true,"href":"https:\/\/amaelounge.com\/es\/wp-json\/wp\/v2\/users\/2"}],"replies":[{"embeddable":true,"href":"https:\/\/amaelounge.com\/es\/wp-json\/wp\/v2\/comments?post=252"}],"version-history":[{"count":10,"href":"https:\/\/amaelounge.com\/es\/wp-json\/wp\/v2\/pages\/252\/revisions"}],"predecessor-version":[{"id":19789,"href":"https:\/\/amaelounge.com\/es\/wp-json\/wp\/v2\/pages\/252\/revisions\/19789"}],"wp:attachment":[{"href":"https:\/\/amaelounge.com\/es\/wp-json\/wp\/v2\/media?parent=252"}],"curies":[{"name":"wp","href":"https:\/\/api.w.org\/{rel}","templated":true}]}}