{"id":227,"date":"2021-10-28T15:51:33","date_gmt":"2021-10-28T18:51:33","guid":{"rendered":"https:\/\/amaelounge.com\/es\/?page_id=227"},"modified":"2025-04-10T14:51:48","modified_gmt":"2025-04-10T17:51:48","slug":"acceso-salon","status":"publish","type":"page","link":"https:\/\/amaelounge.com\/es\/acceso-salon\/","title":{"rendered":"Lounge Access"},"content":{"rendered":"\n\t<section class=\"section pages-headers\" id=\"section_241637842\">\n\t\t<div class=\"bg section-bg fill bg-fill  bg-loaded\" >\n\n\t\t\t\n\t\t\t\n\t\t\t\n\n\t\t<\/div>\n\n\t\t\n\n\t\t<div class=\"section-content relative\">\n\t\t\t\n\n<div class=\"row row-collapse row-full-width align-bottom\"  id=\"row-396593475\">\n\n\n\t<div id=\"col-531718013\" class=\"col medium-6 small-12 large-6\"  >\n\t\t\t\t<div class=\"col-inner\"  >\n\t\t\t\n\t\t\t\n\n\t<div class=\"img has-hover x md-x lg-x y md-y lg-y\" id=\"image_241581713\">\n\t\t\t\t\t\t\t\t<div class=\"img-inner dark\" >\n\t\t\t<img loading=\"lazy\" decoding=\"async\" width=\"800\" height=\"350\" src=\"https:\/\/amaelounge.com\/es\/wp-content\/uploads\/sites\/2\/2021\/12\/loungeacess-nuevo-header.jpg\" class=\"attachment-original size-original\" alt=\"\" srcset=\"https:\/\/amaelounge.com\/es\/wp-content\/uploads\/sites\/2\/2021\/12\/loungeacess-nuevo-header.jpg 800w, https:\/\/amaelounge.com\/es\/wp-content\/uploads\/sites\/2\/2021\/12\/loungeacess-nuevo-header-300x131.jpg 300w, https:\/\/amaelounge.com\/es\/wp-content\/uploads\/sites\/2\/2021\/12\/loungeacess-nuevo-header-768x336.jpg 768w\" sizes=\"auto, (max-width: 800px) 100vw, 800px\" \/>\t\t\t\t\t\t\n\t\t\t\t\t<\/div>\n\t\t\t\t\t\t\t\t\n<style>\n#image_241581713 {\n  width: 100%;\n}\n<\/style>\n\t<\/div>\n\t\n\n\n\t\t<\/div>\n\t\t\t\t\t<\/div>\n\n\t\n\n\t<div id=\"col-1101437121\" class=\"col medium-5 small-12 large-5\"  >\n\t\t\t\t<div class=\"col-inner\"  >\n\t\t\t\n\t\t\t\n\n\t<div id=\"text-3397449047\" class=\"text\">\n\t\t\n\n<h1><strong>Acceso <\/strong>al Salon<\/h1>\n\t\t\n<style>\n#text-3397449047 {\n  font-size: 2.5rem;\n}\n<\/style>\n\t<\/div>\n\t\n\t<div id=\"text-2002843114\" class=\"text\">\n\t\t\n\n<p class=\"lead\">Queremos que el acceso a nuestras salas sea lo m\u00e1s f\u00e1cil posible, independientemente de la aerol\u00ednea o cabina en la que vuele. Descubra qu\u00e9 opciones pueden ayudarlo a cruzar la puerta.<\/p>\n\n\t\t\n<style>\n#text-2002843114 {\n  line-height: 1.3;\n}\n<\/style>\n\t<\/div>\n\t\n\n\t\t<\/div>\n\t\t\t\t\n<style>\n#col-1101437121 > .col-inner {\n  padding: 5% 5% 5% 5%;\n  max-width: 550px;\n}\n<\/style>\n\t<\/div>\n\n\t\n\n\t<div id=\"col-1632979904\" class=\"col hide-for-small medium-1 small-12 large-1\"  >\n\t\t\t\t<div class=\"col-inner\"  >\n\t\t\t\n\t\t\t\n\n\t<div id=\"text-694316858\" class=\"text hide-for-small\">\n\t\t\n\n<p><img loading=\"lazy\" decoding=\"async\" class=\"size-full wp-image-217 alignleft\" src=\"https:\/\/amaelounge.com\/es\/wp-content\/uploads\/sites\/2\/2021\/10\/amae_Recurso-1-81.jpg\" alt=\"\" width=\"30\" height=\"160\" \/><\/p>\n\t\t\t<\/div>\n\t\n\n\t\t<\/div>\n\t\t\t\t\t<\/div>\n\n\t\n\n<\/div>\n\n\t\t<\/div>\n\n\t\t\n<style>\n#section_241637842 {\n  padding-top: 30px;\n  padding-bottom: 30px;\n}\n<\/style>\n\t<\/section>\n\t\n\n\n\t<div id=\"gap-671783198\" class=\"gap-element clearfix hide-for-small\" style=\"display:block; height:auto;\">\n\t\t\n<style>\n#gap-671783198 {\n  padding-top: 30px;\n}\n<\/style>\n\t<\/div>\n\t\n\n\t<section class=\"section\" id=\"section_695570187\">\n\t\t<div class=\"bg section-bg fill bg-fill  bg-loaded\" >\n\n\t\t\t\n\t\t\t\n\t\t\t\n\n\t\t<\/div>\n\n\t\t\n\n\t\t<div class=\"section-content relative\">\n\t\t\t\n\n<div class=\"row row-large\"  id=\"row-2084381994\">\n\n\n\t<div id=\"col-1284951965\" class=\"col medium-4 small-12 large-4\"  >\n\t\t\t\t<div class=\"col-inner\"  >\n\t\t\t\n\t\t\t\n\n\t<div id=\"text-1990756501\" class=\"text\">\n\t\t\n\n<h2><span data-text-color=\"success\"><strong>Premium Pass  Online<\/strong><\/span><\/h2>\n\t\t\n<style>\n#text-1990756501 {\n  font-size: 1.75rem;\n}\n<\/style>\n\t<\/div>\n\t\n<p>Invitamos a los viajeros a comprar un pase \u00fanico directamente con nosotros aqu\u00ed.<\/p>\n<a href=\"https:\/\/reservas.amaelounge.com\/\" class=\"button alert\"  >\n    <span>COMPRAR PREMIUM PASS<\/span>\n  <\/a>\n\n\n\n\t\t<\/div>\n\t\t\t\t\t<\/div>\n\n\t\n\n\t<div id=\"col-119106805\" class=\"col medium-8 small-12 large-8\"  >\n\t\t\t\t<div class=\"col-inner\"  >\n\t\t\t\n\t\t\t\n\n<p class=\"p2\"><span class=\"s1\">Se puede comprar su Premium Pass para entrar a la mayor\u00eda de nuestras salas en nuestro sitio web. Esta es la opci\u00f3n perfecta si viaja poco o quiere empezar un viaje especial para usted o sus seres queridos con nosotros.<\/span><\/p>\n<p class=\"p2\"><span class=\"s1\">Simplemente seleccione la sala que le gustar\u00eda visitar junto con la fecha de viaje y la hora aproximada de su visita, completar el pago en l\u00ednea y recibir\u00e1 su Premium Pass por correo electr\u00f3nico para presentarlo cuando llegue a la sala VIP.<\/span><\/p>\n<p class=\"p2\"><span class=\"s1\">Si desea pagar en Pesos Argentinos a trav\u00e9s de nuestra plataforma MercadoPago, simplemente seleccione la opci\u00f3n \u00abARS\u00bb en el formulario de reserva antes de comenzar. Todos los precios incluyen IVA. Tenga en cuenta que los pagos realizados en USD o EUR con tarjetas argentinas pueden incurrir en impuestos y retenciones locales adicionales.<\/span><\/p>\n<p class=\"p2\"><span class=\"s1\">En caso de que sus planes cambien, por favor p\u00f3ngase en contacto con nosotros para reprogramar su visita para otra ocasi\u00f3n. Cada pase se puede utilizar una sola vez.<\/span><\/p>\n<p class=\"p2\"><span class=\"s1\">Los ni\u00f1os menores de 2 a\u00f1os de edad que vayan acompa\u00f1ados de un adulto con un Premium Pass v\u00e1lido puede entrar sin cargo.<\/span><\/p>\n<p class=\"p2\">\u00a0<\/p>\n\n\t\t<\/div>\n\t\t\t\t\t<\/div>\n\n\t\n\n<\/div>\n\n\t\t<\/div>\n\n\t\t\n<style>\n#section_695570187 {\n  padding-top: 30px;\n  padding-bottom: 30px;\n}\n<\/style>\n\t<\/section>\n\t\n<div class=\"text-center\"><div class=\"is-divider divider clearfix\" style=\"max-width:1200px;height:1px;background-color:rgb(182, 156, 99);\"><\/div><\/div>\n\n\t<div id=\"gap-2015823636\" class=\"gap-element clearfix hidden\" style=\"display:block; height:auto;\">\n\t\t\n<style>\n#gap-2015823636 {\n  padding-top: 30px;\n}\n<\/style>\n\t<\/div>\n\t\n\n\n\t<div id=\"gap-1738736854\" class=\"gap-element clearfix\" style=\"display:block; height:auto;\">\n\t\t\n<style>\n#gap-1738736854 {\n  padding-top: 30px;\n}\n<\/style>\n\t<\/div>\n\t\n\n\t<section class=\"section\" id=\"section_126611659\">\n\t\t<div class=\"bg section-bg fill bg-fill  bg-loaded\" >\n\n\t\t\t\n\t\t\t\n\t\t\t\n\n\t\t<\/div>\n\n\t\t\n\n\t\t<div class=\"section-content relative\">\n\t\t\t\n\n<div class=\"row row-large\"  id=\"row-1626805949\">\n\n\n\t<div id=\"col-894208099\" class=\"col medium-4 small-12 large-4\"  >\n\t\t\t\t<div class=\"col-inner\"  >\n\t\t\t\n\t\t\t\n\n\t<div id=\"text-2318850206\" class=\"text\">\n\t\t\n\n<h2><span data-text-color=\"success\"><strong>Reservas de grupo y VIPs<\/strong><\/span><\/h2>\n\t\t\n<style>\n#text-2318850206 {\n  font-size: 1.75rem;\n}\n<\/style>\n\t<\/div>\n\t\n\n\t\t<\/div>\n\t\t\t\t\t<\/div>\n\n\t\n\n\t<div id=\"col-1406890706\" class=\"col medium-8 small-12 large-8\"  >\n\t\t\t\t<div class=\"col-inner\"  >\n\t\t\t\n\t\t\t\n\n<p>Si viaja con un grupo o necesita privacidad adicional, p\u00f3ngase en contacto con nosotros aqu\u00ed para analizar qu\u00e9 soluciones podemos ofrecerle, incluido el acceso a nuestro espacio VIP.<\/p>\n\n\t\t<\/div>\n\t\t\t\t\t<\/div>\n\n\t\n\n<\/div>\n\n\t\t<\/div>\n\n\t\t\n<style>\n#section_126611659 {\n  padding-top: 30px;\n  padding-bottom: 30px;\n}\n<\/style>\n\t<\/section>\n\t\n<div class=\"text-center\"><div class=\"is-divider divider clearfix\" style=\"max-width:1200px;height:1px;background-color:rgb(182, 156, 99);\"><\/div><\/div>\n\n\t<div id=\"gap-1251538566\" class=\"gap-element clearfix\" style=\"display:block; height:auto;\">\n\t\t\n<style>\n#gap-1251538566 {\n  padding-top: 30px;\n}\n<\/style>\n\t<\/div>\n\t\n\n\t<section class=\"section\" id=\"section_1985403832\">\n\t\t<div class=\"bg section-bg fill bg-fill  bg-loaded\" >\n\n\t\t\t\n\t\t\t\n\t\t\t\n\n\t\t<\/div>\n\n\t\t\n\n\t\t<div class=\"section-content relative\">\n\t\t\t\n\n<div class=\"row row-large\"  id=\"row-1619435369\">\n\n\n\t<div id=\"col-1019955670\" class=\"col medium-4 small-12 large-4\"  >\n\t\t\t\t<div class=\"col-inner\"  >\n\t\t\t\n\t\t\t\n\n\t<div id=\"text-2641032344\" class=\"text\">\n\t\t\n\n<h2><span data-text-color=\"success\"><strong>Tarjetas y programas de afiliados<\/strong><\/span><\/h2>\n\t\t\n<style>\n#text-2641032344 {\n  font-size: 1.75rem;\n}\n<\/style>\n\t<\/div>\n\t\n\n\t\t<\/div>\n\t\t\t\t\t<\/div>\n\n\t\n\n\t<div id=\"col-1201600458\" class=\"col medium-8 small-12 large-8\"  >\n\t\t\t\t<div class=\"col-inner\"  >\n\t\t\t\n\t\t\t\n\n<p>Damos la bienvenida a los miembros y titulares de los programas de afiliados, que ofrecen acceso a m\u00e1s de mil salones en todo el mundo y que, a menudo, muchas tarjetas de cr\u00e9dito premium y bancos brindan membres\u00edas de cortes\u00eda en estos programas.<\/p>\n<p>Los convenios vigentes pueden variar entre nuestros salones. Por este motivo, le recomendamos consultar la p\u00e1gina sobre <a href=\"https:\/\/amaelounge.com\/es\/nuestros-salones\/\">Nuestros Salones<\/a>, para ver qu\u00e9 convenios se encuentran vigentes, en funci\u00f3n de la sala a la que quiera acceder. Adem\u00e1s cada programa es distinto, por lo que sugerimos consultar directamente con su banco o programa de membres\u00eda, para conocer m\u00e1s sobre su beneficios, t\u00e9rminos y condiciones particulares y c\u00f3mo utilizarlas.<\/p>\n<p>Los miembros de estos programas pueden traer invitados de acuerdo a su membres\u00eda.<br \/>Tenga en cuenta que todos los ni\u00f1os mayores de 2 a\u00f1os contar\u00e1n como hu\u00e9spedes y que los beb\u00e9s menores de 2 a\u00f1os, podr\u00e1n ingresar siempre de forma gratuita. En todos los casos, la permanencia m\u00e1xima en las salas es de tres horas.<\/p>\n<p>Para ingresar, deber\u00e1 presentar su credencial de membres\u00eda especificada en su programa, sea f\u00edsica o digital, y su tarjeta de embarque con el mismo nombre. Le recomendamos que descargue y active su credencial digital antes de viajar, para evitar inconvenientes en el aeropuerto. De modo contrario, no podr\u00e1 acceder a nuestras salas con su membres\u00eda si su credencial no es v\u00e1lida o no se encuentra activa.<\/p>\n\n\n\t\t<\/div>\n\t\t\t\t\t<\/div>\n\n\t\n\n<\/div>\n\n\t\t<\/div>\n\n\t\t\n<style>\n#section_1985403832 {\n  padding-top: 30px;\n  padding-bottom: 30px;\n}\n<\/style>\n\t<\/section>\n\t\n\t<div id=\"gap-897311953\" class=\"gap-element clearfix\" style=\"display:block; height:auto;\">\n\t\t\n<style>\n#gap-897311953 {\n  padding-top: 100px;\n}\n<\/style>\n\t<\/div>\n\t\n\n\n","protected":false},"excerpt":{"rendered":"","protected":false},"author":2,"featured_media":0,"parent":0,"menu_order":0,"comment_status":"closed","ping_status":"closed","template":"page-blank.php","meta":{"inline_featured_image":false,"footnotes":""},"class_list":["post-227","page","type-page","status-publish","hentry"],"yoast_head":"<!-- This site is optimized with the Yoast SEO plugin v27.3 - https:\/\/yoast.com\/product\/yoast-seo-wordpress\/ -->\n<title>Acceso al Salon | Amae Lounge<\/title>\n<meta name=\"description\" content=\"Queremos que el acceso a nuestras salas VIP sea lo m\u00e1s f\u00e1cil posible, independientemente de la aerol\u00ednea o cabina en la que vuele.\" \/>\n<meta name=\"robots\" content=\"index, follow, max-snippet:-1, max-image-preview:large, max-video-preview:-1\" \/>\n<link rel=\"canonical\" href=\"https:\/\/amaelounge.com\/es\/acceso-salon\/\" \/>\n<meta property=\"og:locale\" content=\"es_ES\" \/>\n<meta property=\"og:type\" content=\"article\" \/>\n<meta property=\"og:title\" content=\"Acceso al Salon | Amae Lounge\" \/>\n<meta property=\"og:description\" content=\"Queremos que el acceso a nuestras salas VIP sea lo m\u00e1s f\u00e1cil posible, independientemente de la aerol\u00ednea o cabina en la que vuele.\" \/>\n<meta property=\"og:url\" content=\"https:\/\/amaelounge.com\/es\/acceso-salon\/\" \/>\n<meta property=\"og:site_name\" content=\"AMAE Lounge ES\" \/>\n<meta property=\"article:modified_time\" content=\"2025-04-10T17:51:48+00:00\" \/>\n<meta property=\"og:image\" content=\"https:\/\/amaelounge.com\/es\/wp-content\/uploads\/sites\/2\/2021\/10\/amae_Recurso-6-50.jpg\" \/>\n<meta name=\"twitter:card\" content=\"summary_large_image\" \/>\n<meta name=\"twitter:label1\" content=\"Tiempo de lectura\" \/>\n\t<meta name=\"twitter:data1\" content=\"6 minutos\" \/>\n<script type=\"application\/ld+json\" class=\"yoast-schema-graph\">{\"@context\":\"https:\\\/\\\/schema.org\",\"@graph\":[{\"@type\":\"WebPage\",\"@id\":\"https:\\\/\\\/amaelounge.com\\\/es\\\/acceso-salon\\\/\",\"url\":\"https:\\\/\\\/amaelounge.com\\\/es\\\/acceso-salon\\\/\",\"name\":\"Acceso al Salon | Amae Lounge\",\"isPartOf\":{\"@id\":\"https:\\\/\\\/amaelounge.com\\\/es\\\/#website\"},\"primaryImageOfPage\":{\"@id\":\"https:\\\/\\\/amaelounge.com\\\/es\\\/acceso-salon\\\/#primaryimage\"},\"image\":{\"@id\":\"https:\\\/\\\/amaelounge.com\\\/es\\\/acceso-salon\\\/#primaryimage\"},\"thumbnailUrl\":\"https:\\\/\\\/amaelounge.com\\\/es\\\/wp-content\\\/uploads\\\/sites\\\/2\\\/2021\\\/10\\\/amae_Recurso-6-50.jpg\",\"datePublished\":\"2021-10-28T18:51:33+00:00\",\"dateModified\":\"2025-04-10T17:51:48+00:00\",\"description\":\"Queremos que el acceso a nuestras salas VIP sea lo m\u00e1s f\u00e1cil posible, independientemente de la aerol\u00ednea o cabina en la que vuele.\",\"breadcrumb\":{\"@id\":\"https:\\\/\\\/amaelounge.com\\\/es\\\/acceso-salon\\\/#breadcrumb\"},\"inLanguage\":\"es\",\"potentialAction\":[{\"@type\":\"ReadAction\",\"target\":[\"https:\\\/\\\/amaelounge.com\\\/es\\\/acceso-salon\\\/\"]}]},{\"@type\":\"ImageObject\",\"inLanguage\":\"es\",\"@id\":\"https:\\\/\\\/amaelounge.com\\\/es\\\/acceso-salon\\\/#primaryimage\",\"url\":\"https:\\\/\\\/amaelounge.com\\\/es\\\/wp-content\\\/uploads\\\/sites\\\/2\\\/2021\\\/10\\\/amae_Recurso-6-50.jpg\",\"contentUrl\":\"https:\\\/\\\/amaelounge.com\\\/es\\\/wp-content\\\/uploads\\\/sites\\\/2\\\/2021\\\/10\\\/amae_Recurso-6-50.jpg\",\"width\":151,\"height\":151},{\"@type\":\"BreadcrumbList\",\"@id\":\"https:\\\/\\\/amaelounge.com\\\/es\\\/acceso-salon\\\/#breadcrumb\",\"itemListElement\":[{\"@type\":\"ListItem\",\"position\":1,\"name\":\"Portada\",\"item\":\"https:\\\/\\\/amaelounge.com\\\/es\\\/\"},{\"@type\":\"ListItem\",\"position\":2,\"name\":\"Lounge Access\"}]},{\"@type\":\"WebSite\",\"@id\":\"https:\\\/\\\/amaelounge.com\\\/es\\\/#website\",\"url\":\"https:\\\/\\\/amaelounge.com\\\/es\\\/\",\"name\":\"AMAE Lounge ES\",\"description\":\"AMAE Lounge\",\"potentialAction\":[{\"@type\":\"SearchAction\",\"target\":{\"@type\":\"EntryPoint\",\"urlTemplate\":\"https:\\\/\\\/amaelounge.com\\\/es\\\/?s={search_term_string}\"},\"query-input\":{\"@type\":\"PropertyValueSpecification\",\"valueRequired\":true,\"valueName\":\"search_term_string\"}}],\"inLanguage\":\"es\"}]}<\/script>\n<!-- \/ Yoast SEO plugin. -->","yoast_head_json":{"title":"Acceso al Salon | Amae Lounge","description":"Queremos que el acceso a nuestras salas VIP sea lo m\u00e1s f\u00e1cil posible, independientemente de la aerol\u00ednea o cabina en la que vuele.","robots":{"index":"index","follow":"follow","max-snippet":"max-snippet:-1","max-image-preview":"max-image-preview:large","max-video-preview":"max-video-preview:-1"},"canonical":"https:\/\/amaelounge.com\/es\/acceso-salon\/","og_locale":"es_ES","og_type":"article","og_title":"Acceso al Salon | Amae Lounge","og_description":"Queremos que el acceso a nuestras salas VIP sea lo m\u00e1s f\u00e1cil posible, independientemente de la aerol\u00ednea o cabina en la que vuele.","og_url":"https:\/\/amaelounge.com\/es\/acceso-salon\/","og_site_name":"AMAE Lounge ES","article_modified_time":"2025-04-10T17:51:48+00:00","og_image":[{"url":"https:\/\/amaelounge.com\/es\/wp-content\/uploads\/sites\/2\/2021\/10\/amae_Recurso-6-50.jpg","type":"","width":"","height":""}],"twitter_card":"summary_large_image","twitter_misc":{"Tiempo de lectura":"6 minutos"},"schema":{"@context":"https:\/\/schema.org","@graph":[{"@type":"WebPage","@id":"https:\/\/amaelounge.com\/es\/acceso-salon\/","url":"https:\/\/amaelounge.com\/es\/acceso-salon\/","name":"Acceso al Salon | Amae Lounge","isPartOf":{"@id":"https:\/\/amaelounge.com\/es\/#website"},"primaryImageOfPage":{"@id":"https:\/\/amaelounge.com\/es\/acceso-salon\/#primaryimage"},"image":{"@id":"https:\/\/amaelounge.com\/es\/acceso-salon\/#primaryimage"},"thumbnailUrl":"https:\/\/amaelounge.com\/es\/wp-content\/uploads\/sites\/2\/2021\/10\/amae_Recurso-6-50.jpg","datePublished":"2021-10-28T18:51:33+00:00","dateModified":"2025-04-10T17:51:48+00:00","description":"Queremos que el acceso a nuestras salas VIP sea lo m\u00e1s f\u00e1cil posible, independientemente de la aerol\u00ednea o cabina en la que vuele.","breadcrumb":{"@id":"https:\/\/amaelounge.com\/es\/acceso-salon\/#breadcrumb"},"inLanguage":"es","potentialAction":[{"@type":"ReadAction","target":["https:\/\/amaelounge.com\/es\/acceso-salon\/"]}]},{"@type":"ImageObject","inLanguage":"es","@id":"https:\/\/amaelounge.com\/es\/acceso-salon\/#primaryimage","url":"https:\/\/amaelounge.com\/es\/wp-content\/uploads\/sites\/2\/2021\/10\/amae_Recurso-6-50.jpg","contentUrl":"https:\/\/amaelounge.com\/es\/wp-content\/uploads\/sites\/2\/2021\/10\/amae_Recurso-6-50.jpg","width":151,"height":151},{"@type":"BreadcrumbList","@id":"https:\/\/amaelounge.com\/es\/acceso-salon\/#breadcrumb","itemListElement":[{"@type":"ListItem","position":1,"name":"Portada","item":"https:\/\/amaelounge.com\/es\/"},{"@type":"ListItem","position":2,"name":"Lounge Access"}]},{"@type":"WebSite","@id":"https:\/\/amaelounge.com\/es\/#website","url":"https:\/\/amaelounge.com\/es\/","name":"AMAE Lounge ES","description":"AMAE Lounge","potentialAction":[{"@type":"SearchAction","target":{"@type":"EntryPoint","urlTemplate":"https:\/\/amaelounge.com\/es\/?s={search_term_string}"},"query-input":{"@type":"PropertyValueSpecification","valueRequired":true,"valueName":"search_term_string"}}],"inLanguage":"es"}]}},"_links":{"self":[{"href":"https:\/\/amaelounge.com\/es\/wp-json\/wp\/v2\/pages\/227","targetHints":{"allow":["GET"]}}],"collection":[{"href":"https:\/\/amaelounge.com\/es\/wp-json\/wp\/v2\/pages"}],"about":[{"href":"https:\/\/amaelounge.com\/es\/wp-json\/wp\/v2\/types\/page"}],"author":[{"embeddable":true,"href":"https:\/\/amaelounge.com\/es\/wp-json\/wp\/v2\/users\/2"}],"replies":[{"embeddable":true,"href":"https:\/\/amaelounge.com\/es\/wp-json\/wp\/v2\/comments?post=227"}],"version-history":[{"count":10,"href":"https:\/\/amaelounge.com\/es\/wp-json\/wp\/v2\/pages\/227\/revisions"}],"predecessor-version":[{"id":18233,"href":"https:\/\/amaelounge.com\/es\/wp-json\/wp\/v2\/pages\/227\/revisions\/18233"}],"wp:attachment":[{"href":"https:\/\/amaelounge.com\/es\/wp-json\/wp\/v2\/media?parent=227"}],"curies":[{"name":"wp","href":"https:\/\/api.w.org\/{rel}","templated":true}]}}